{"id":10444,"date":"2023-02-20T02:30:28","date_gmt":"2023-02-20T02:30:28","guid":{"rendered":"https:\/\/friendsofenginakyurek.org\/?page_id=10444"},"modified":"2023-04-23T18:42:40","modified_gmt":"2023-04-23T18:42:40","slug":"silence-book","status":"publish","type":"page","link":"https:\/\/friendsofenginakyurek.org\/tr\/silence-book\/","title":{"rendered":"sessizlik kitab\u0131"},"content":{"rendered":"<div data-elementor-type=\"wp-page\" data-elementor-id=\"10444\" class=\"elementor elementor-10444\" data-elementor-post-type=\"page\">\n\t\t\t\t\t\t<section class=\"elementor-section elementor-top-section elementor-element elementor-element-9e01e06 elementor-section-height-min-height elementor-section-content-middle elementor-section-boxed elementor-section-height-default elementor-section-items-middle\" data-id=\"9e01e06\" data-element_type=\"section\" data-e-type=\"section\" data-settings=\"{&quot;background_background&quot;:&quot;classic&quot;}\">\n\t\t\t\t\t\t\t<div class=\"elementor-background-overlay\"><\/div>\n\t\t\t\t\t\t\t<div class=\"elementor-container elementor-column-gap-no\">\n\t\t\t\t\t<div class=\"elementor-column elementor-col-100 elementor-top-column elementor-element elementor-element-fffd74c\" data-id=\"fffd74c\" data-element_type=\"column\" data-e-type=\"column\">\n\t\t\t<div class=\"elementor-widget-wrap elementor-element-populated\">\n\t\t\t\t\t\t<div class=\"elementor-element elementor-element-18ef34f elementor-widget elementor-widget-heading\" data-id=\"18ef34f\" data-element_type=\"widget\" data-e-type=\"widget\" data-widget_type=\"heading.default\">\n\t\t\t\t<div class=\"elementor-widget-container\">\n\t\t\t\t\t<h2 class=\"elementor-heading-title elementor-size-default\">Silence<\/h2>\t\t\t\t<\/div>\n\t\t\t\t<\/div>\n\t\t\t\t<div class=\"elementor-element elementor-element-4a344e1 elementor-widget elementor-widget-image\" data-id=\"4a344e1\" data-element_type=\"widget\" data-e-type=\"widget\" data-widget_type=\"image.default\">\n\t\t\t\t<div class=\"elementor-widget-container\">\n\t\t\t\t\t\t\t\t\t\t\t\t\t\t\t<img fetchpriority=\"high\" decoding=\"async\" width=\"768\" height=\"131\" src=\"https:\/\/friendsofenginakyurek.org\/wp-content\/uploads\/2023\/02\/Tagline6-1-1-768x131.png\" class=\"attachment-medium_large size-medium_large wp-image-10710\" alt=\"\" srcset=\"https:\/\/friendsofenginakyurek.org\/wp-content\/uploads\/2023\/02\/Tagline6-1-1-768x131.png 768w, https:\/\/friendsofenginakyurek.org\/wp-content\/uploads\/2023\/02\/Tagline6-1-1-300x51.png 300w, https:\/\/friendsofenginakyurek.org\/wp-content\/uploads\/2023\/02\/Tagline6-1-1-18x3.png 18w, https:\/\/friendsofenginakyurek.org\/wp-content\/uploads\/2023\/02\/Tagline6-1-1-200x34.png 200w, https:\/\/friendsofenginakyurek.org\/wp-content\/uploads\/2023\/02\/Tagline6-1-1-150x26.png 150w, https:\/\/friendsofenginakyurek.org\/wp-content\/uploads\/2023\/02\/Tagline6-1-1-547x94.png 547w, https:\/\/friendsofenginakyurek.org\/wp-content\/uploads\/2023\/02\/Tagline6-1-1-678x116.png 678w, https:\/\/friendsofenginakyurek.org\/wp-content\/uploads\/2023\/02\/Tagline6-1-1-524x90.png 524w, https:\/\/friendsofenginakyurek.org\/wp-content\/uploads\/2023\/02\/Tagline6-1-1-420x72.png 420w, https:\/\/friendsofenginakyurek.org\/wp-content\/uploads\/2023\/02\/Tagline6-1-1-444x76.png 444w, https:\/\/friendsofenginakyurek.org\/wp-content\/uploads\/2023\/02\/Tagline6-1-1-916x157.png 916w, https:\/\/friendsofenginakyurek.org\/wp-content\/uploads\/2023\/02\/Tagline6-1-1-600x103.png 600w, https:\/\/friendsofenginakyurek.org\/wp-content\/uploads\/2023\/02\/Tagline6-1-1.png 1012w\" sizes=\"(max-width: 768px) 100vw, 768px\" \/>\t\t\t\t\t\t\t\t\t\t\t\t\t\t\t<\/div>\n\t\t\t\t<\/div>\n\t\t\t\t\t<\/div>\n\t\t<\/div>\n\t\t\t\t\t<\/div>\n\t\t<\/section>\n\t\t\t\t<section class=\"elementor-section elementor-top-section elementor-element elementor-element-ac55786 elementor-section-boxed elementor-section-height-default elementor-section-height-default\" data-id=\"ac55786\" data-element_type=\"section\" data-e-type=\"section\">\n\t\t\t\t\t\t<div class=\"elementor-container elementor-column-gap-default\">\n\t\t\t\t\t<div class=\"elementor-column elementor-col-100 elementor-top-column elementor-element elementor-element-092bd8c\" data-id=\"092bd8c\" data-element_type=\"column\" data-e-type=\"column\">\n\t\t\t<div class=\"elementor-widget-wrap elementor-element-populated\">\n\t\t\t\t\t\t<div class=\"elementor-element elementor-element-c0d764c elementor-widget elementor-widget-heading\" data-id=\"c0d764c\" data-element_type=\"widget\" data-e-type=\"widget\" data-widget_type=\"heading.default\">\n\t\t\t\t<div class=\"elementor-widget-container\">\n\t\t\t\t\t<h2 class=\"elementor-heading-title elementor-size-default\">Onun kaleminin ucundan y\u00fcre\u011fin derinliklerine..\n<\/h2>\t\t\t\t<\/div>\n\t\t\t\t<\/div>\n\t\t\t\t<div class=\"elementor-element elementor-element-4d53650 elementor-widget-divider--view-line elementor-widget elementor-widget-divider\" data-id=\"4d53650\" data-element_type=\"widget\" data-e-type=\"widget\" data-widget_type=\"divider.default\">\n\t\t\t\t<div class=\"elementor-widget-container\">\n\t\t\t\t\t\t\t<div class=\"elementor-divider\">\n\t\t\t<span class=\"elementor-divider-separator\">\n\t\t\t\t\t\t<\/span>\n\t\t<\/div>\n\t\t\t\t\t\t<\/div>\n\t\t\t\t<\/div>\n\t\t\t\t\t<\/div>\n\t\t<\/div>\n\t\t\t\t\t<\/div>\n\t\t<\/section>\n\t\t\t\t<section class=\"elementor-section elementor-top-section elementor-element elementor-element-b69089a elementor-section-content-middle elementor-section-boxed elementor-section-height-default elementor-section-height-default\" data-id=\"b69089a\" data-element_type=\"section\" data-e-type=\"section\">\n\t\t\t\t\t\t\t<div class=\"elementor-background-overlay\"><\/div>\n\t\t\t\t\t\t\t<div class=\"elementor-container elementor-column-gap-no\">\n\t\t\t\t\t<div class=\"elementor-column elementor-col-100 elementor-top-column elementor-element elementor-element-c8ae84b\" data-id=\"c8ae84b\" data-element_type=\"column\" data-e-type=\"column\">\n\t\t\t<div class=\"elementor-widget-wrap elementor-element-populated\">\n\t\t\t\t\t\t<div class=\"elementor-element elementor-element-9d3685c elementor-widget elementor-widget-text-editor\" data-id=\"9d3685c\" data-element_type=\"widget\" data-e-type=\"widget\" data-widget_type=\"text-editor.default\">\n\t\t\t\t<div class=\"elementor-widget-container\">\n\t\t\t\t\t\t\t\t\t<p>\u00dcnl\u00fc T\u00fcrk sinema ve TV y\u0131ld\u0131z\u0131 Engin Aky\u00fcrek'in k\u0131sa \u00f6yk\u00fc koleksiyonu olan Sessizlik, 2018'de bas\u0131ld\u0131\u011f\u0131ndan bu yana bir\u00e7ok dilde yay\u0131nlanm\u0131\u015ft\u0131r. \u015eimdi ise, Amerika Birle\u015fik Devletleri (ve \u00f6zerk topraklar\u0131) ve Kanada'daki okuyucular, <i><i><\/i><\/i> Sessizlik ile T\u00fcrkiye'nin zengin k\u00fclt\u00fcr\u00fcnde, daha samimi zamanlara d\u00f6nd\u00fckleri bir yolculu\u011fa \u00e7\u0131k\u0131yor. Bu hikayelerdeki karakterler birbirleriyle dijital ortam olmadan, y\u00fcz y\u00fcze ileti\u015fim kurarak ve dinleyerek anla\u015f\u0131yorlar. Aky\u00fcrek, mahalle sokaklar\u0131nda oyun oynayan \u00e7ocuklardan, ergenlikten ya\u015fl\u0131l\u0131\u011fa kadar uzanan masallar a\u011f\u0131n\u0131 okuyucuyu son hecesine kadar heyecanland\u0131ran \u00f6yk\u00fcleri ustal\u0131kla \u00f6r\u00fcyor.<\/p>\t\t\t\t\t\t\t\t<\/div>\n\t\t\t\t<\/div>\n\t\t\t\t\t<\/div>\n\t\t<\/div>\n\t\t\t\t\t<\/div>\n\t\t<\/section>\n\t\t\t\t<section class=\"elementor-section elementor-top-section elementor-element elementor-element-d1f8c98 elementor-section-boxed elementor-section-height-default elementor-section-height-default\" data-id=\"d1f8c98\" data-element_type=\"section\" data-e-type=\"section\">\n\t\t\t\t\t\t<div class=\"elementor-container elementor-column-gap-default\">\n\t\t\t\t\t<div class=\"elementor-column elementor-col-100 elementor-top-column elementor-element elementor-element-6feacb5\" data-id=\"6feacb5\" data-element_type=\"column\" data-e-type=\"column\">\n\t\t\t<div class=\"elementor-widget-wrap elementor-element-populated\">\n\t\t\t\t\t\t\t<\/div>\n\t\t<\/div>\n\t\t\t\t\t<\/div>\n\t\t<\/section>\n\t\t\t\t<section class=\"elementor-section elementor-top-section elementor-element elementor-element-f49cb2e elementor-section-boxed elementor-section-height-default elementor-section-height-default\" data-id=\"f49cb2e\" data-element_type=\"section\" data-e-type=\"section\">\n\t\t\t\t\t\t<div class=\"elementor-container elementor-column-gap-default\">\n\t\t\t\t\t<div class=\"elementor-column elementor-col-50 elementor-top-column elementor-element elementor-element-483bf13\" data-id=\"483bf13\" data-element_type=\"column\" data-e-type=\"column\">\n\t\t\t<div class=\"elementor-widget-wrap elementor-element-populated\">\n\t\t\t\t\t\t<div class=\"elementor-element elementor-element-bd5c4da elementor-hidden-tablet elementor-hidden-mobile elementor-widget elementor-widget-image\" data-id=\"bd5c4da\" data-element_type=\"widget\" data-e-type=\"widget\" data-widget_type=\"image.default\">\n\t\t\t\t<div class=\"elementor-widget-container\">\n\t\t\t\t\t\t\t\t\t\t\t\t<figure class=\"wp-caption\">\n\t\t\t\t\t\t\t\t\t\t<img decoding=\"async\" width=\"300\" height=\"300\" src=\"https:\/\/friendsofenginakyurek.org\/wp-content\/uploads\/2023\/02\/Silence_Bookcover_paperback-1-300x300.png\" class=\"attachment-medium size-medium wp-image-10558\" alt=\"\" srcset=\"https:\/\/friendsofenginakyurek.org\/wp-content\/uploads\/2023\/02\/Silence_Bookcover_paperback-1-300x300.png 300w, https:\/\/friendsofenginakyurek.org\/wp-content\/uploads\/2023\/02\/Silence_Bookcover_paperback-1-100x100.png 100w, https:\/\/friendsofenginakyurek.org\/wp-content\/uploads\/2023\/02\/Silence_Bookcover_paperback-1-600x600.png 600w, https:\/\/friendsofenginakyurek.org\/wp-content\/uploads\/2023\/02\/Silence_Bookcover_paperback-1-1024x1024.png 1024w, https:\/\/friendsofenginakyurek.org\/wp-content\/uploads\/2023\/02\/Silence_Bookcover_paperback-1-150x150.png 150w, https:\/\/friendsofenginakyurek.org\/wp-content\/uploads\/2023\/02\/Silence_Bookcover_paperback-1-768x768.png 768w, https:\/\/friendsofenginakyurek.org\/wp-content\/uploads\/2023\/02\/Silence_Bookcover_paperback-1-12x12.png 12w, https:\/\/friendsofenginakyurek.org\/wp-content\/uploads\/2023\/02\/Silence_Bookcover_paperback-1-200x200.png 200w, https:\/\/friendsofenginakyurek.org\/wp-content\/uploads\/2023\/02\/Silence_Bookcover_paperback-1-547x547.png 547w, https:\/\/friendsofenginakyurek.org\/wp-content\/uploads\/2023\/02\/Silence_Bookcover_paperback-1-678x678.png 678w, https:\/\/friendsofenginakyurek.org\/wp-content\/uploads\/2023\/02\/Silence_Bookcover_paperback-1-524x524.png 524w, https:\/\/friendsofenginakyurek.org\/wp-content\/uploads\/2023\/02\/Silence_Bookcover_paperback-1-420x420.png 420w, https:\/\/friendsofenginakyurek.org\/wp-content\/uploads\/2023\/02\/Silence_Bookcover_paperback-1-444x444.png 444w, https:\/\/friendsofenginakyurek.org\/wp-content\/uploads\/2023\/02\/Silence_Bookcover_paperback-1-916x916.png 916w, https:\/\/friendsofenginakyurek.org\/wp-content\/uploads\/2023\/02\/Silence_Bookcover_paperback-1.png 1080w\" sizes=\"(max-width: 300px) 100vw, 300px\" \/>\t\t\t\t\t\t\t\t\t\t\t<figcaption class=\"widget-image-caption wp-caption-text\"><\/figcaption>\n\t\t\t\t\t\t\t\t\t\t<\/figure>\n\t\t\t\t\t\t\t\t\t<\/div>\n\t\t\t\t<\/div>\n\t\t\t\t<div class=\"elementor-element elementor-element-c7e2c1d elementor-hidden-desktop elementor-widget elementor-widget-image\" data-id=\"c7e2c1d\" data-element_type=\"widget\" data-e-type=\"widget\" data-widget_type=\"image.default\">\n\t\t\t\t<div class=\"elementor-widget-container\">\n\t\t\t\t\t\t\t\t\t\t\t\t\t\t\t<img decoding=\"async\" width=\"300\" height=\"300\" src=\"https:\/\/friendsofenginakyurek.org\/wp-content\/uploads\/2023\/02\/Silence_Bookcover_paperback-1-300x300.png\" class=\"attachment-medium size-medium wp-image-10558\" alt=\"\" srcset=\"https:\/\/friendsofenginakyurek.org\/wp-content\/uploads\/2023\/02\/Silence_Bookcover_paperback-1-300x300.png 300w, https:\/\/friendsofenginakyurek.org\/wp-content\/uploads\/2023\/02\/Silence_Bookcover_paperback-1-100x100.png 100w, https:\/\/friendsofenginakyurek.org\/wp-content\/uploads\/2023\/02\/Silence_Bookcover_paperback-1-600x600.png 600w, https:\/\/friendsofenginakyurek.org\/wp-content\/uploads\/2023\/02\/Silence_Bookcover_paperback-1-1024x1024.png 1024w, https:\/\/friendsofenginakyurek.org\/wp-content\/uploads\/2023\/02\/Silence_Bookcover_paperback-1-150x150.png 150w, https:\/\/friendsofenginakyurek.org\/wp-content\/uploads\/2023\/02\/Silence_Bookcover_paperback-1-768x768.png 768w, https:\/\/friendsofenginakyurek.org\/wp-content\/uploads\/2023\/02\/Silence_Bookcover_paperback-1-12x12.png 12w, https:\/\/friendsofenginakyurek.org\/wp-content\/uploads\/2023\/02\/Silence_Bookcover_paperback-1-200x200.png 200w, https:\/\/friendsofenginakyurek.org\/wp-content\/uploads\/2023\/02\/Silence_Bookcover_paperback-1-547x547.png 547w, https:\/\/friendsofenginakyurek.org\/wp-content\/uploads\/2023\/02\/Silence_Bookcover_paperback-1-678x678.png 678w, https:\/\/friendsofenginakyurek.org\/wp-content\/uploads\/2023\/02\/Silence_Bookcover_paperback-1-524x524.png 524w, https:\/\/friendsofenginakyurek.org\/wp-content\/uploads\/2023\/02\/Silence_Bookcover_paperback-1-420x420.png 420w, https:\/\/friendsofenginakyurek.org\/wp-content\/uploads\/2023\/02\/Silence_Bookcover_paperback-1-444x444.png 444w, https:\/\/friendsofenginakyurek.org\/wp-content\/uploads\/2023\/02\/Silence_Bookcover_paperback-1-916x916.png 916w, https:\/\/friendsofenginakyurek.org\/wp-content\/uploads\/2023\/02\/Silence_Bookcover_paperback-1.png 1080w\" sizes=\"(max-width: 300px) 100vw, 300px\" \/>\t\t\t\t\t\t\t\t\t\t\t\t\t\t\t<\/div>\n\t\t\t\t<\/div>\n\t\t\t\t\t<\/div>\n\t\t<\/div>\n\t\t\t\t<div class=\"elementor-column elementor-col-50 elementor-top-column elementor-element elementor-element-4b0f2d7\" data-id=\"4b0f2d7\" data-element_type=\"column\" data-e-type=\"column\">\n\t\t\t<div class=\"elementor-widget-wrap elementor-element-populated\">\n\t\t\t\t\t\t<div class=\"elementor-element elementor-element-a020f0a elementor-widget elementor-widget-text-editor\" data-id=\"a020f0a\" data-element_type=\"widget\" data-e-type=\"widget\" data-widget_type=\"text-editor.default\">\n\t\t\t\t<div class=\"elementor-widget-container\">\n\t\t\t\t\t\t\t\t\t<h1>Sessizlik (Sessizlik)<\/h1>\nYazan Engin Aky\u00fcrek<br>\nDoina L. Kovalik ve Atiye Erden taraf\u0131ndan \u00e7evrilmi\u015ftir\n\t\t\t\t\t\t\t\t<\/div>\n\t\t\t\t<\/div>\n\t\t\t\t<div class=\"elementor-element elementor-element-c3f8ec5 elementor-widget elementor-widget-text-editor\" data-id=\"c3f8ec5\" data-element_type=\"widget\" data-e-type=\"widget\" data-widget_type=\"text-editor.default\">\n\t\t\t\t<div class=\"elementor-widget-container\">\n\t\t\t\t\t\t\t\t\tKarton Cilt\n<h1>$16.46<\/h1>\n<em>Sat\u0131\u015ftan elde edilen gelirin tamam\u0131 T\u00fcrkiye halk\u0131n\u0131n yarar\u0131nad\u0131r. <br> Engin Aky\u00fcrek&#039;in se\u00e7ti\u011fi hay\u0131r kurumu\n\n<\/em>\t\t\t\t\t\t\t\t<\/div>\n\t\t\t\t<\/div>\n\t\t\t\t<div class=\"elementor-element elementor-element-827e48a elementor-widget elementor-widget-text-editor\" data-id=\"827e48a\" data-element_type=\"widget\" data-e-type=\"widget\" data-widget_type=\"text-editor.default\">\n\t\t\t\t<div class=\"elementor-widget-container\">\n\t\t\t\t\t\t\t\t\tYay\u0131n Tarihi:<b> 4 Nisan, 2023<\/b><br>\nSipari\u015f Verilebilir:* Hemen\n\t\t\t\t\t\t\t\t<\/div>\n\t\t\t\t<\/div>\n\t\t\t\t<div class=\"elementor-element elementor-element-9a481fd elementor-widget elementor-widget-button\" data-id=\"9a481fd\" data-element_type=\"widget\" data-e-type=\"widget\" data-widget_type=\"button.default\">\n\t\t\t\t<div class=\"elementor-widget-container\">\n\t\t\t\t\t\t\t\t\t<div class=\"elementor-button-wrapper\">\n\t\t\t\t\t<a class=\"elementor-button elementor-button-link elementor-size-sm\" href=\"https:\/\/friendsofenginakyurek.org\/tr\/checkout\/?add-to-cart=10114\">\n\t\t\t\t\t\t<span class=\"elementor-button-content-wrapper\">\n\t\t\t\t\t\t\t\t\t<span class=\"elementor-button-text\">S\u0130PAR\u0130\u015e VER\u0130N<\/span>\n\t\t\t\t\t<\/span>\n\t\t\t\t\t<\/a>\n\t\t\t\t<\/div>\n\t\t\t\t\t\t\t\t<\/div>\n\t\t\t\t<\/div>\n\t\t\t\t\t<\/div>\n\t\t<\/div>\n\t\t\t\t\t<\/div>\n\t\t<\/section>\n\t\t\t\t<section class=\"elementor-section elementor-top-section elementor-element elementor-element-ce42066 elementor-section-boxed elementor-section-height-default elementor-section-height-default\" data-id=\"ce42066\" data-element_type=\"section\" data-e-type=\"section\">\n\t\t\t\t\t\t<div class=\"elementor-container elementor-column-gap-default\">\n\t\t\t\t\t<div class=\"elementor-column elementor-col-100 elementor-top-column elementor-element elementor-element-c9b0f71\" data-id=\"c9b0f71\" data-element_type=\"column\" data-e-type=\"column\">\n\t\t\t<div class=\"elementor-widget-wrap elementor-element-populated\">\n\t\t\t\t\t\t<div class=\"elementor-element elementor-element-9b9884b elementor-widget elementor-widget-heading\" data-id=\"9b9884b\" data-element_type=\"widget\" data-e-type=\"widget\" data-widget_type=\"heading.default\">\n\t\t\t\t<div class=\"elementor-widget-container\">\n\t\t\t\t\t<h2 class=\"elementor-heading-title elementor-size-default\">\u00dcR\u00dcN DETAYLARI<\/h2>\t\t\t\t<\/div>\n\t\t\t\t<\/div>\n\t\t\t\t<section class=\"elementor-section elementor-inner-section elementor-element elementor-element-09f9ead elementor-section-boxed elementor-section-height-default elementor-section-height-default\" data-id=\"09f9ead\" data-element_type=\"section\" data-e-type=\"section\">\n\t\t\t\t\t\t<div class=\"elementor-container elementor-column-gap-default\">\n\t\t\t\t\t<div class=\"elementor-column elementor-col-50 elementor-inner-column elementor-element elementor-element-32cedb4\" data-id=\"32cedb4\" data-element_type=\"column\" data-e-type=\"column\">\n\t\t\t<div class=\"elementor-widget-wrap elementor-element-populated\">\n\t\t\t\t\t\t<div class=\"elementor-element elementor-element-a4d92a6 elementor-widget elementor-widget-text-editor\" data-id=\"a4d92a6\" data-element_type=\"widget\" data-e-type=\"widget\" data-widget_type=\"text-editor.default\">\n\t\t\t\t<div class=\"elementor-widget-container\">\n\t\t\t\t\t\t\t\t\tISBN&#039;si:<br>\t\nYay\u0131nevi:<br>\t\nYay\u0131n Tarihi:<br>\t\nSayfa Say\u0131s\u0131:\t<br>\nEbat:\t\t\t\t\t\t\t\t\t<\/div>\n\t\t\t\t<\/div>\n\t\t\t\t\t<\/div>\n\t\t<\/div>\n\t\t\t\t<div class=\"elementor-column elementor-col-50 elementor-inner-column elementor-element elementor-element-de1bca1\" data-id=\"de1bca1\" data-element_type=\"column\" data-e-type=\"column\">\n\t\t\t<div class=\"elementor-widget-wrap elementor-element-populated\">\n\t\t\t\t\t\t<div class=\"elementor-element elementor-element-7d1ff80 elementor-widget elementor-widget-text-editor\" data-id=\"7d1ff80\" data-element_type=\"widget\" data-e-type=\"widget\" data-widget_type=\"text-editor.default\">\n\t\t\t\t<div class=\"elementor-widget-container\">\n\t\t\t\t\t\t\t\t\t<p>\n979-8-9862459-4-2<br><a href=\"https:\/\/www.flexiblepub.com\/\"  target=\"_blank\">Flexible Press<\/a><br>4 Nisan, 2023<br>180<br>5&quot;x 8&quot;<\/p>\t\t\t\t\t\t\t\t<\/div>\n\t\t\t\t<\/div>\n\t\t\t\t\t<\/div>\n\t\t<\/div>\n\t\t\t\t\t<\/div>\n\t\t<\/section>\n\t\t\t\t\t<\/div>\n\t\t<\/div>\n\t\t\t\t\t<\/div>\n\t\t<\/section>\n\t\t\t\t<section class=\"elementor-section elementor-top-section elementor-element elementor-element-99d2827 elementor-section-content-middle elementor-section-boxed elementor-section-height-default elementor-section-height-default\" data-id=\"99d2827\" data-element_type=\"section\" data-e-type=\"section\">\n\t\t\t\t\t\t\t<div class=\"elementor-background-overlay\"><\/div>\n\t\t\t\t\t\t\t<div class=\"elementor-container elementor-column-gap-no\">\n\t\t\t\t\t<div class=\"elementor-column elementor-col-100 elementor-top-column elementor-element elementor-element-26626b0\" data-id=\"26626b0\" data-element_type=\"column\" data-e-type=\"column\">\n\t\t\t<div class=\"elementor-widget-wrap elementor-element-populated\">\n\t\t\t\t\t\t<div class=\"elementor-element elementor-element-fe25fe8 elementor-widget elementor-widget-text-editor\" data-id=\"fe25fe8\" data-element_type=\"widget\" data-e-type=\"widget\" data-widget_type=\"text-editor.default\">\n\t\t\t\t<div class=\"elementor-widget-container\">\n\t\t\t\t\t\t\t\t\tYazar Hakk\u0131nda<br>\n1981 y\u0131l\u0131nda T\u00fcrkiye'nin ba\u015fkentinde (Ankara) do\u011fan Engin Aky\u00fcrek, 2004 y\u0131l\u0131nda <i>T\u00fcrkiye&#039;nin Y\u0131ld\u0131zlar\u0131<\/i> TV yar\u0131\u015fmas\u0131n\u0131 kazanarak oyunculuk kariyerinde \u00fcn kazanmaya ba\u015flam\u0131\u015ft\u0131r. O zamandan beri, onlarca \u00fclkede, bir\u00e7ok dilde izlenen, rol ald\u0131\u011f\u0131 \u00e7e\u015fitli uzun metrajl\u0131 filmleri ve \u00e7ok say\u0131da televizyon dizisi ile be\u011feni toplam\u0131\u015ft\u0131r. Yaz\u0131ya olan sevgisi k\u00fc\u00e7\u00fck ya\u015flarda ba\u015flam\u0131\u015f ve kitap sevgisinden beslenmi\u015ftir. Hevesli, deneyimli ve sertifikal\u0131 bir dal\u0131\u015f ustas\u0131 olan Engin Aky\u00fcrek, Ege Denizi'nin masmavi sular\u0131nda dal\u0131\u015f yapmaktan keyif almaktad\u0131r. <br><br>\nFlexible Press ve <i>Friends of Engin,<\/i> Engin Aky\u00fcrek\u2019in \u00f6yk\u00fc koleksiyonunu ilk kez ABD ve Kanada\u2019ya getirmek i\u00e7in bir araya gelmi\u015ftir.\n\n\n\n\t\t\t\t\t\t\t\t<\/div>\n\t\t\t\t<\/div>\n\t\t\t\t<div class=\"elementor-element elementor-element-18d8bab elementor-widget elementor-widget-text-editor\" data-id=\"18d8bab\" data-element_type=\"widget\" data-e-type=\"widget\" data-widget_type=\"text-editor.default\">\n\t\t\t\t<div class=\"elementor-widget-container\">\n\t\t\t\t\t\t\t\t\t*Yaln\u0131zca ABD ve Kanada\u2019ya g\u00f6nderilebilmektedir\n\n\n\n\t\t\t\t\t\t\t\t<\/div>\n\t\t\t\t<\/div>\n\t\t\t\t<div class=\"elementor-element elementor-element-3023bed elementor-widget elementor-widget-text-editor\" data-id=\"3023bed\" data-element_type=\"widget\" data-e-type=\"widget\" data-widget_type=\"text-editor.default\">\n\t\t\t\t<div class=\"elementor-widget-container\">\n\t\t\t\t\t\t\t\t\t&nbsp;&nbsp;&nbsp;<a href=\"https:\/\/friendsofenginakyurek.org\/tr\/return-policy\/\" rel=\"noopener\" target=\"_blank\"><u>\u0130ade politikasi<\/u><\/a> , <a href=\"https:\/\/friendsofenginakyurek.org\/tr\/shipping-policy\/\" rel=\"noopener\" target=\"_blank\"><u>Nakliye Politikas\u0131<\/u><\/a>\n\n\n\t\t\t\t\t\t\t\t<\/div>\n\t\t\t\t<\/div>\n\t\t\t\t\t<\/div>\n\t\t<\/div>\n\t\t\t\t\t<\/div>\n\t\t<\/section>\n\t\t\t\t<\/div>","protected":false},"excerpt":{"rendered":"<p>Sessizlik Kaleminin ucundan kalbinin derinliklerine.. \u00dcnl\u00fc T\u00fcrk sinema ve televizyon y\u0131ld\u0131z\u0131 Engin Aky\u00fcrek&#039;in k\u0131sa \u00f6yk\u00fc derlemesi Sessizlik, 2018 y\u0131l\u0131nda g\u00f6sterime girdi\u011fi g\u00fcnden bu yana bir\u00e7ok dilde yay\u0131nland\u0131. Art\u0131k Amerika Birle\u015fik Devletleri (ve B\u00f6lgeleri) ve Kanada&#039;daki okuyucular, Sessizli\u011fin (Sessizlik) \u00e7\u0131kt\u0131\u011f\u0131 yolculu\u011fa tan\u0131k oluyorlar\u2026 <a href=\"https:\/\/friendsofenginakyurek.org\/tr\/silence-book\/\" class=\"more-link\">okumaya devam et <span class=\"screen-reader-text\">sessizlik kitab\u0131<\/span><\/a><\/p>","protected":false},"author":1,"featured_media":11009,"parent":0,"menu_order":0,"comment_status":"closed","ping_status":"closed","template":"elementor_header_footer","meta":{"footnotes":""},"class_list":["post-10444","page","type-page","status-publish","has-post-thumbnail","hentry"],"jetpack_sharing_enabled":true,"_links":{"self":[{"href":"https:\/\/friendsofenginakyurek.org\/tr\/wp-json\/wp\/v2\/pages\/10444","targetHints":{"allow":["GET"]}}],"collection":[{"href":"https:\/\/friendsofenginakyurek.org\/tr\/wp-json\/wp\/v2\/pages"}],"about":[{"href":"https:\/\/friendsofenginakyurek.org\/tr\/wp-json\/wp\/v2\/types\/page"}],"author":[{"embeddable":true,"href":"https:\/\/friendsofenginakyurek.org\/tr\/wp-json\/wp\/v2\/users\/1"}],"replies":[{"embeddable":true,"href":"https:\/\/friendsofenginakyurek.org\/tr\/wp-json\/wp\/v2\/comments?post=10444"}],"version-history":[{"count":229,"href":"https:\/\/friendsofenginakyurek.org\/tr\/wp-json\/wp\/v2\/pages\/10444\/revisions"}],"predecessor-version":[{"id":11764,"href":"https:\/\/friendsofenginakyurek.org\/tr\/wp-json\/wp\/v2\/pages\/10444\/revisions\/11764"}],"wp:featuredmedia":[{"embeddable":true,"href":"https:\/\/friendsofenginakyurek.org\/tr\/wp-json\/wp\/v2\/media\/11009"}],"wp:attachment":[{"href":"https:\/\/friendsofenginakyurek.org\/tr\/wp-json\/wp\/v2\/media?parent=10444"}],"curies":[{"name":"wp","href":"https:\/\/api.w.org\/{rel}","templated":true}]}}