{"id":1177,"date":"2015-04-20T08:10:04","date_gmt":"2015-04-20T08:10:04","guid":{"rendered":"http:\/\/www.anarieldesign.com\/themedemos\/maisha\/?page_id=40"},"modified":"2022-10-15T16:49:41","modified_gmt":"2022-10-15T16:49:41","slug":"slide-in-panel","status":"publish","type":"page","link":"https:\/\/friendsofenginakyurek.org\/tr\/home\/slide-in-panel\/","title":{"rendered":"Panelde Kayd\u0131rma"},"content":{"rendered":"<h2>Sitemizi ziyaret etti\u011finiz i\u00e7in te\u015fekk\u00fcr ederiz!<\/h2>\r\n<p>Sitemizi ziyaret etti\u011finiz i\u00e7in te\u015fekk\u00fcr ederiz! Buradaki evimize ula\u015ft\u0131ysan\u0131z, \u015f\u00fcphesiz Engin Aky\u00fcrek&#039;in bir arkada\u015f\u0131s\u0131n\u0131z ve onun k\u00fcresel topluluk \u00fczerindeki etkisi hakk\u0131nda daha fazla bilgi edinmek istiyorsunuz. Sizleri Say\u0131n Aky\u00fcrek ve insani \u00e7al\u0131\u015fmalar\u0131 hakk\u0131nda bu videoyu izlemeye davet ediyoruz. Deste\u011finiz i\u00e7in te\u015fekk\u00fcr ederiz!<\/p>\r\n<p><a class=\"button\" href=\"https:\/\/www.youtube.com\/watch?v=m_xC5kKjXAE&amp;t=18s\" target=\"_blank\" rel=\"noopener\">FRIENDS OF ENG\u0130N AKY\u00dcREK YOUTUBE<\/a><\/p>\r\n\r\n<figure class=\"wp-block-image size-large\"><a href=\"https:\/\/www.youtube.com\/watch?v=m_xC5kKjXAE&amp;t=18s\" target=\"_blank\" rel=\"noopener\"><img fetchpriority=\"high\" decoding=\"async\" class=\"alignnone wp-image-4755\" src=\"https:\/\/friendsofenginakyurek.org\/wp-content\/uploads\/2022\/09\/B9A92686-1B29-41A0-B59F-D01B71C654AE.png\" alt=\"\" width=\"1280\" height=\"720\" \/><\/a><\/figure>\r\n\r\n<p style=\"font-weight: 400;\">G\u00d6REV\u0130M\u0130Z<\/p>\r\n<em><i>NASIL H\u0130ZMET VERD\u0130\u011e\u0130M\u0130Z<i \/><\/em>\r\n<ul>\r\n<li style=\"font-weight: 400;\">Savunmas\u0131z T\u00fcrk \u00e7ocuklar\u0131, kad\u0131nlar\u0131 ve aileleri i\u00e7in ba\u011f\u0131\u015f toplayarak<\/li>\r\n<li style=\"font-weight: 400;\">Engin Aky\u00fcrek\u2019in hay\u0131rsever projelerinin tan\u0131t\u0131m\u0131n\u0131<\/li>\r\n<li style=\"font-weight: 400;\">\u00d6zel etkinlikler, ba\u011f\u0131\u015f toplama kampanyalar\u0131 ve projeler d\u00fczenleyerek<\/li>\r\n<li style=\"font-weight: 400;\">Sosyal meselelerin fark\u0131ndal\u0131\u011f\u0131n\u0131 art\u0131rarak<\/li>\r\n<li style=\"font-weight: 400;\">Engin Aky\u00fcrek destek\u00e7ilerinin hay\u0131r \u00e7al\u0131\u015fmalar\u0131n\u0131 vurgulayarak<\/li>\r\n<\/ul>\r\n<p style=\"font-weight: 400;\">DE\u011eERLER\u0130M\u0130Z<\/p>\r\n<em><i>YA\u015eAM B\u0130\u00c7\u0130M\u0130M\u0130Z<i \/><\/em>\r\n<ul>\r\n<li style=\"font-weight: 400;\">SAYGI ve NEZAKET<\/li>\r\n<li style=\"font-weight: 400;\">DO\u011eRULUK, SAM\u0130M\u0130YET ve erdemli olmak<\/li>\r\n<li style=\"font-weight: 400;\">C\u00f6mertlik, empati ve BARI\u015e<\/li>\r\n<li style=\"font-weight: 400;\">Tak\u0131m \u00e7al\u0131\u015fmas\u0131, D\u00dcR\u00dcSTL\u00dcK ve azim<\/li>\r\n<li style=\"font-weight: 400;\">YET\u0130\u015eT\u0130REN toplum<\/li>\r\n<\/ul>","protected":false},"excerpt":{"rendered":"<p>Thank you for your visit to our site! Thank you for your visit to our site! If you have reached our home here, then you are undoubtedly a friend of Engin Aky\u00fcrek and are interested in learning more about his impact on the global community. We invite you to watch this video about Mr. Aky\u00fcrek &hellip; <a href=\"https:\/\/friendsofenginakyurek.org\/tr\/home\/slide-in-panel\/\" class=\"more-link\">okumaya devam et <span class=\"screen-reader-text\">Panelde Kayd\u0131rma<\/span><\/a><\/p>","protected":false},"author":1,"featured_media":4684,"parent":1176,"menu_order":0,"comment_status":"closed","ping_status":"closed","template":"","meta":{"footnotes":""},"class_list":["post-1177","page","type-page","status-publish","has-post-thumbnail","hentry"],"jetpack_sharing_enabled":true,"_links":{"self":[{"href":"https:\/\/friendsofenginakyurek.org\/tr\/wp-json\/wp\/v2\/pages\/1177","targetHints":{"allow":["GET"]}}],"collection":[{"href":"https:\/\/friendsofenginakyurek.org\/tr\/wp-json\/wp\/v2\/pages"}],"about":[{"href":"https:\/\/friendsofenginakyurek.org\/tr\/wp-json\/wp\/v2\/types\/page"}],"author":[{"embeddable":true,"href":"https:\/\/friendsofenginakyurek.org\/tr\/wp-json\/wp\/v2\/users\/1"}],"replies":[{"embeddable":true,"href":"https:\/\/friendsofenginakyurek.org\/tr\/wp-json\/wp\/v2\/comments?post=1177"}],"version-history":[{"count":22,"href":"https:\/\/friendsofenginakyurek.org\/tr\/wp-json\/wp\/v2\/pages\/1177\/revisions"}],"predecessor-version":[{"id":8735,"href":"https:\/\/friendsofenginakyurek.org\/tr\/wp-json\/wp\/v2\/pages\/1177\/revisions\/8735"}],"up":[{"embeddable":true,"href":"https:\/\/friendsofenginakyurek.org\/tr\/wp-json\/wp\/v2\/pages\/1176"}],"wp:featuredmedia":[{"embeddable":true,"href":"https:\/\/friendsofenginakyurek.org\/tr\/wp-json\/wp\/v2\/media\/4684"}],"wp:attachment":[{"href":"https:\/\/friendsofenginakyurek.org\/tr\/wp-json\/wp\/v2\/media?parent=1177"}],"curies":[{"name":"wp","href":"https:\/\/api.w.org\/{rel}","templated":true}]}}