{"id":1178,"date":"2015-04-20T08:54:19","date_gmt":"2015-04-20T08:54:19","guid":{"rendered":"http:\/\/www.anarieldesign.com\/themedemos\/maisha\/?page_id=42"},"modified":"2022-10-14T03:30:56","modified_gmt":"2022-10-14T03:30:56","slug":"why-fundraise-for-charity-water","status":"publish","type":"page","link":"https:\/\/friendsofenginakyurek.org\/tr\/why-fundraise-for-charity-water\/","title":{"rendered":"Engin Aky\u00fcrek Etkisi\u00a9"},"content":{"rendered":"<h1 style=\"font-size:32px\">Engin Aky\u00fcrek Tecr\u00fcbesi\u00a9<\/h1>\n<p>\u0130leti\u015fim program\u0131 giri\u015fimimizin bir par\u00e7as\u0131 olarak, Engin\u2019in d\u00fcnya \u00e7ap\u0131ndaki arkada\u015flar\u0131na Engin Aky\u00fcrek Tecr\u00fcbesi\u24b8 ile ilgili ki\u015fisel deneyimlerini \u00e7e\u015fitli \u015fekillerde birle\u015ftirmeleri, ifade etmeleri ve payla\u015fmalar\u0131 i\u00e7in bir kanal sa\u011flamaya \u00e7al\u0131\u015f\u0131yoruz.<\/p>","protected":false},"excerpt":{"rendered":"<p>The Engin Aky\u00fcrek Experience\u00a9 As part of our communication program initiative, we are working to provide a channel for friends of Engin around the world to connect, express and share, in various ways, their personal relationship with the Engin Aky\u00fcrek Experience\u00a9<\/p>","protected":false},"author":1,"featured_media":4684,"parent":0,"menu_order":0,"comment_status":"closed","ping_status":"closed","template":"page-templates\/full-bg-page.php","meta":{"footnotes":""},"class_list":["post-1178","page","type-page","status-publish","has-post-thumbnail","hentry"],"jetpack_sharing_enabled":true,"_links":{"self":[{"href":"https:\/\/friendsofenginakyurek.org\/tr\/wp-json\/wp\/v2\/pages\/1178","targetHints":{"allow":["GET"]}}],"collection":[{"href":"https:\/\/friendsofenginakyurek.org\/tr\/wp-json\/wp\/v2\/pages"}],"about":[{"href":"https:\/\/friendsofenginakyurek.org\/tr\/wp-json\/wp\/v2\/types\/page"}],"author":[{"embeddable":true,"href":"https:\/\/friendsofenginakyurek.org\/tr\/wp-json\/wp\/v2\/users\/1"}],"replies":[{"embeddable":true,"href":"https:\/\/friendsofenginakyurek.org\/tr\/wp-json\/wp\/v2\/comments?post=1178"}],"version-history":[{"count":36,"href":"https:\/\/friendsofenginakyurek.org\/tr\/wp-json\/wp\/v2\/pages\/1178\/revisions"}],"predecessor-version":[{"id":8620,"href":"https:\/\/friendsofenginakyurek.org\/tr\/wp-json\/wp\/v2\/pages\/1178\/revisions\/8620"}],"wp:featuredmedia":[{"embeddable":true,"href":"https:\/\/friendsofenginakyurek.org\/tr\/wp-json\/wp\/v2\/media\/4684"}],"wp:attachment":[{"href":"https:\/\/friendsofenginakyurek.org\/tr\/wp-json\/wp\/v2\/media?parent=1178"}],"curies":[{"name":"wp","href":"https:\/\/api.w.org\/{rel}","templated":true}]}}