{"id":2957,"date":"2017-12-12T10:56:03","date_gmt":"2017-12-12T10:56:03","guid":{"rendered":"http:\/\/anariel.com\/maisha\/?page_id=2957"},"modified":"2022-09-28T21:56:43","modified_gmt":"2022-09-28T21:56:43","slug":"test-child-child-page-2","status":"publish","type":"page","link":"https:\/\/friendsofenginakyurek.org\/tr\/test-child-child-page-2\/","title":{"rendered":"\u0130tibar"},"content":{"rendered":"<p>\t\tBu, yukar\u0131daki ebeveynin ikinci \u00e7ocuk sayfas\u0131d\u0131r. \u0130\u00e7erik, \u00f6ne \u00e7\u0131kan resim ve metinden olu\u015fur.\t\t<\/p>","protected":false},"excerpt":{"rendered":"<p>Bu, yukar\u0131daki ebeveynin ikinci \u00e7ocuk sayfas\u0131d\u0131r. \u0130\u00e7erik, \u00f6ne \u00e7\u0131kan resim ve metinden olu\u015fur.<\/p>","protected":false},"author":1,"featured_media":2503,"parent":0,"menu_order":3,"comment_status":"closed","ping_status":"closed","template":"","meta":{"footnotes":""},"class_list":["post-2957","page","type-page","status-publish","has-post-thumbnail","hentry"],"jetpack_sharing_enabled":true,"_links":{"self":[{"href":"https:\/\/friendsofenginakyurek.org\/tr\/wp-json\/wp\/v2\/pages\/2957","targetHints":{"allow":["GET"]}}],"collection":[{"href":"https:\/\/friendsofenginakyurek.org\/tr\/wp-json\/wp\/v2\/pages"}],"about":[{"href":"https:\/\/friendsofenginakyurek.org\/tr\/wp-json\/wp\/v2\/types\/page"}],"author":[{"embeddable":true,"href":"https:\/\/friendsofenginakyurek.org\/tr\/wp-json\/wp\/v2\/users\/1"}],"replies":[{"embeddable":true,"href":"https:\/\/friendsofenginakyurek.org\/tr\/wp-json\/wp\/v2\/comments?post=2957"}],"version-history":[{"count":1,"href":"https:\/\/friendsofenginakyurek.org\/tr\/wp-json\/wp\/v2\/pages\/2957\/revisions"}],"predecessor-version":[{"id":4964,"href":"https:\/\/friendsofenginakyurek.org\/tr\/wp-json\/wp\/v2\/pages\/2957\/revisions\/4964"}],"wp:featuredmedia":[{"embeddable":true,"href":"https:\/\/friendsofenginakyurek.org\/tr\/wp-json\/wp\/v2\/media\/2503"}],"wp:attachment":[{"href":"https:\/\/friendsofenginakyurek.org\/tr\/wp-json\/wp\/v2\/media?parent=2957"}],"curies":[{"name":"wp","href":"https:\/\/api.w.org\/{rel}","templated":true}]}}