{"id":315,"date":"2015-04-26T07:19:18","date_gmt":"2015-04-26T07:19:18","guid":{"rendered":"http:\/\/www.anarieldesign.com\/themedemos\/maisha\/?page_id=315"},"modified":"2015-04-26T07:19:18","modified_gmt":"2015-04-26T07:19:18","slug":"slider-panel-five","status":"publish","type":"page","link":"https:\/\/friendsofenginakyurek.org\/tr\/front-page-with-video\/slider-panel-five\/","title":{"rendered":"Kayd\u0131r\u0131c\u0131 Panel Be\u015f"},"content":{"rendered":"<h2>Virunga Milli Park\u0131na sponsor olun.<\/h2>\n<p>VIRUNGA, bir grup insan\u0131n inan\u0131lmaz ger\u00e7ek hikayesidir. <span class=\"color\">cesur<\/span> D\u00fcnyan\u0131n unuttu\u011fu Afrika&#039;n\u0131n bir b\u00f6lgesinde daha iyi bir gelecek in\u015fa etmek i\u00e7in hayatlar\u0131n\u0131 riske atan insanlar\u0131n hikayesi ve Kongo&#039;daki ya\u015fam\u0131n ger\u00e7eklerinin etkileyici bir \u015fekilde if\u015fas\u0131.<br \/>\n<a class=\"button\" href=\"https:\/\/virunga.org\/donate\/\">GER\u00c7EK B\u0130R PROJEYE SPONSOR OLUN<\/a> <a class=\"button\" href=\"http:\/\/virungamovie.com\/\">Bir film izle<\/a><\/p>\n<p>[tek ki\u015filik konu\u015fma kimli\u011fi=\u201d177\u2033]<br \/>\n\u0130tibaren <a href=\"http:\/\/virungamovie.com\/\">Virunga Filmi<\/a> web sitesi: \u201cDo\u011fu Kongo&#039;nun ormanl\u0131k derinliklerinde <a href=\"https:\/\/virunga.org\/donate\/\">Virunga Milli Park\u0131<\/a>, D\u00fcnya&#039;n\u0131n en fazla biyolojik \u00e7e\u015fitlili\u011fe sahip yerlerinden biri ve gezegenin son kalan da\u011f gorillerinin evi. Bu vah\u015fi ama b\u00fcy\u00fcl\u00fc ortamda, eski bir \u00e7ocuk askerden korucuya d\u00f6n\u00fc\u015fen, yetim gorillerin bak\u0131c\u0131s\u0131 ve kendini adam\u0131\u015f bir korumac\u0131 da dahil olmak \u00fczere k\u00fc\u00e7\u00fck ve m\u00fccadeleci bir park bek\u00e7isi ekibi, bu UNESCO d\u00fcnya miras\u0131 alan\u0131n\u0131 silahl\u0131 milislerden, ka\u00e7ak avc\u0131lardan ve Kongo&#039;nun zengin do\u011fal kaynaklar\u0131n\u0131 kontrol etmeye \u00e7al\u0131\u015fan karanl\u0131k g\u00fc\u00e7lerden korur. Yeni kurulan M23 isyanc\u0131 grubu sava\u015f ilan etti\u011finde, yeni bir \u00e7at\u0131\u015fma, korumak i\u00e7in \u00e7ok \u00e7al\u0131\u015ft\u0131klar\u0131 herkesin ve her \u015feyin hayat\u0131n\u0131 ve istikrar\u0131n\u0131 tehdit eder ve film yap\u0131mc\u0131lar\u0131 ile filmin kat\u0131l\u0131mc\u0131lar\u0131 \u00e7apraz ate\u015fte kal\u0131r.<br \/>\nAra\u015ft\u0131rmac\u0131 gazetecilik ve do\u011fa belgeselinin g\u00fc\u00e7l\u00fc bir birle\u015fimi, <a href=\"https:\/\/virunga.org\/donate\/\">V\u0130RUNGA<\/a> &quot;D\u00fcnyan\u0131n unuttu\u011fu Afrika&#039;n\u0131n bir b\u00f6lgesinde daha iyi bir gelecek in\u015fa etmek i\u00e7in hayatlar\u0131n\u0131 riske atan bir grup cesur insan\u0131n inan\u0131lmaz ger\u00e7ek hikayesi ve Kongo&#039;daki ya\u015fam\u0131n ger\u00e7eklerinin etkileyici bir if\u015fas\u0131d\u0131r.&quot;<\/p>\n<blockquote><p>Y\u00f6netmen Orlando von Einsiedel ve yap\u0131mc\u0131 Leonardo DiCaprio&#039;dan.<\/p><\/blockquote>","protected":false},"excerpt":{"rendered":"<p>Sponsor a Virunga National Park. VIRUNGA is the incredible true story of a group of brave people risking their lives to build a better future in a part of Africa the world&#8217;s forgotten and a gripping expose of the realities of life in the Congo. SPONSOR A REAL PROJECT Watch a movie [soliloquy id=&#8221;177&#8243;] From &hellip; <a href=\"https:\/\/friendsofenginakyurek.org\/tr\/front-page-with-video\/slider-panel-five\/\" class=\"more-link\">okumaya devam et <span class=\"screen-reader-text\">Kayd\u0131r\u0131c\u0131 Panel Be\u015f<\/span><\/a><\/p>","protected":false},"author":1,"featured_media":4684,"parent":283,"menu_order":0,"comment_status":"open","ping_status":"open","template":"","meta":{"footnotes":""},"class_list":["post-315","page","type-page","status-publish","has-post-thumbnail","hentry"],"jetpack_sharing_enabled":true,"_links":{"self":[{"href":"https:\/\/friendsofenginakyurek.org\/tr\/wp-json\/wp\/v2\/pages\/315","targetHints":{"allow":["GET"]}}],"collection":[{"href":"https:\/\/friendsofenginakyurek.org\/tr\/wp-json\/wp\/v2\/pages"}],"about":[{"href":"https:\/\/friendsofenginakyurek.org\/tr\/wp-json\/wp\/v2\/types\/page"}],"author":[{"embeddable":true,"href":"https:\/\/friendsofenginakyurek.org\/tr\/wp-json\/wp\/v2\/users\/1"}],"replies":[{"embeddable":true,"href":"https:\/\/friendsofenginakyurek.org\/tr\/wp-json\/wp\/v2\/comments?post=315"}],"version-history":[{"count":0,"href":"https:\/\/friendsofenginakyurek.org\/tr\/wp-json\/wp\/v2\/pages\/315\/revisions"}],"up":[{"embeddable":true,"href":"https:\/\/friendsofenginakyurek.org\/tr\/wp-json\/wp\/v2\/pages\/283"}],"wp:featuredmedia":[{"embeddable":true,"href":"https:\/\/friendsofenginakyurek.org\/tr\/wp-json\/wp\/v2\/media\/4684"}],"wp:attachment":[{"href":"https:\/\/friendsofenginakyurek.org\/tr\/wp-json\/wp\/v2\/media?parent=315"}],"curies":[{"name":"wp","href":"https:\/\/api.w.org\/{rel}","templated":true}]}}