{"id":336,"date":"2015-04-26T12:25:58","date_gmt":"2015-04-26T12:25:58","guid":{"rendered":"http:\/\/www.anarieldesign.com\/themedemos\/maisha\/?page_id=336"},"modified":"2022-10-08T00:27:53","modified_gmt":"2022-10-08T00:27:53","slug":"our-mission","status":"publish","type":"page","link":"https:\/\/friendsofenginakyurek.org\/tr\/our-mission\/","title":{"rendered":"Rehberlik \u0130lkelerimiz"},"content":{"rendered":"<h1 style=\"text-align: center;\">Rehberlik \u0130lkelerimiz<\/h1>\n<p>Projemize olan ilginizden dolay\u0131 te\u015fekk\u00fcr ederiz! Biz kendimizi Engin Aky\u00fcrek\u2019i \u015fereflendirmeye, uygulamaya konulabilir y\u00f6ntemler ile derinden adad\u0131k. A\u015fa\u011f\u0131daki b\u00f6l\u00fcm\u00fcn i\u00e7erdi\u011fi bilgiler sitemizin di\u011fer b\u00f6lgelerinde bulunsa da, V\u0130ZYONUMUZ, G\u00d6REV\u0130M\u0130Z ve DE\u011eERLER\u0130M\u0130Z hakk\u0131ndaki bilgileri buradan biraz daha detayl\u0131 bir bi\u00e7imde edinebilirsiniz. Metnin \u0130ngilizce versiyonunda mevcut olan bilgilere ek olarak, kurulu\u015fumuzun bu \u00f6nem arz eden prensiplerinin g\u00f6rsellerini \u0130ngilizce, \u0130spanyolca ve T\u00fcrk\u00e7e dillerinde de eklemi\u015f bulunmaktay\u0131z. Tekrar te\u015fekk\u00fcr ederiz.<\/p>","protected":false},"excerpt":{"rendered":"<p>Our Guiding Principles Thank you for your interest in our project! We are deeply committed to honoring Engin Aky\u00fcrek in actionable ways. Though the information contained in the following sections may be found in other areas of our site, here is one place to read about our VISION, MISSION and VALUES in a bit more &hellip; <a href=\"https:\/\/friendsofenginakyurek.org\/tr\/our-mission\/\" class=\"more-link\">okumaya devam et <span class=\"screen-reader-text\">Rehberlik \u0130lkelerimiz<\/span><\/a><\/p>","protected":false},"author":1,"featured_media":4684,"parent":0,"menu_order":0,"comment_status":"closed","ping_status":"closed","template":"page-templates\/full-width-page.php","meta":{"footnotes":""},"class_list":["post-336","page","type-page","status-publish","has-post-thumbnail","hentry"],"jetpack_sharing_enabled":true,"_links":{"self":[{"href":"https:\/\/friendsofenginakyurek.org\/tr\/wp-json\/wp\/v2\/pages\/336","targetHints":{"allow":["GET"]}}],"collection":[{"href":"https:\/\/friendsofenginakyurek.org\/tr\/wp-json\/wp\/v2\/pages"}],"about":[{"href":"https:\/\/friendsofenginakyurek.org\/tr\/wp-json\/wp\/v2\/types\/page"}],"author":[{"embeddable":true,"href":"https:\/\/friendsofenginakyurek.org\/tr\/wp-json\/wp\/v2\/users\/1"}],"replies":[{"embeddable":true,"href":"https:\/\/friendsofenginakyurek.org\/tr\/wp-json\/wp\/v2\/comments?post=336"}],"version-history":[{"count":3,"href":"https:\/\/friendsofenginakyurek.org\/tr\/wp-json\/wp\/v2\/pages\/336\/revisions"}],"predecessor-version":[{"id":6395,"href":"https:\/\/friendsofenginakyurek.org\/tr\/wp-json\/wp\/v2\/pages\/336\/revisions\/6395"}],"wp:featuredmedia":[{"embeddable":true,"href":"https:\/\/friendsofenginakyurek.org\/tr\/wp-json\/wp\/v2\/media\/4684"}],"wp:attachment":[{"href":"https:\/\/friendsofenginakyurek.org\/tr\/wp-json\/wp\/v2\/media?parent=336"}],"curies":[{"name":"wp","href":"https:\/\/api.w.org\/{rel}","templated":true}]}}