{"id":346,"date":"2015-04-26T12:51:49","date_gmt":"2015-04-26T12:51:49","guid":{"rendered":"http:\/\/www.anarieldesign.com\/themedemos\/maisha\/?page_id=346"},"modified":"2022-09-24T02:43:27","modified_gmt":"2022-09-24T02:43:27","slug":"mission-four","status":"publish","type":"page","link":"https:\/\/friendsofenginakyurek.org\/tr\/mission-four\/","title":{"rendered":"G\u00f6rev D\u00f6rt"},"content":{"rendered":"<p>Badem ezmeli marshmallowlu kurabiye pasta kremal\u0131 hatmi \u00e7ikolatal\u0131 kurabiye havu\u00e7lu pasta draje \u00e7ikolatal\u0131 \u015fekerler havu\u00e7lu pasta.<\/p>\n<p><!--more--><\/p>\n<p>Lorem ipsum ac\u0131 \u00e7ekiyor, <a title=\"test ba\u011flant\u0131s\u0131\" href=\"#\">test ba\u011flant\u0131s\u0131<\/a> adipiscing elit. <strong>Bu g\u00fc\u00e7l\u00fc.<\/strong> Nullam dignissim convallis est. Quisque aliquam. <em>Bu vurgulan\u0131yor.<\/em> Donec faucibus. Nunc iaculis suscipit dui. 5<sup>3<\/sup> = 125. Su H&#039;dir<sub>2<\/sub>O. Nam sit amet sem. Aliquam libero nisi, imperdiet at, tincidunt nec, gravida ara\u00e7, nisl. <cite>New York Times<\/cite> (Bu bir al\u0131nt\u0131d\u0131r). <span style=\"text-decoration:underline;\">Alt\u0131 \u00e7izili.<\/span> Maecenas ornare i\u015fkenceci. Donec sed bize eget sapien fringilla&#039;n\u0131n anonim olmad\u0131\u011f\u0131n\u0131 s\u00f6yledi. Mauris bir ihtimal. Suspendisse quam sem, consequat at, commodo vitae, feugiat in, nunc. Morbi imperdiet augue quis tellus. <abbr title=\"HyperText \u0130\u015faretleme Dili\">HTML<\/abbr> Ve <abbr title=\"Basamakl\u0131 Stil Sayfalar\u0131\">CSS<\/abbr> bizim ara\u00e7lar\u0131m\u0131zd\u0131r. Mauris bir ihtimal. Suspendisse quam sem, consequat at, commodo vitae, feugiat in, nunc. Morbi imperdiet augue quis tellus. Praesent mattis, massa quis luctus fermentum, turpis mi volutpat justo, eu volutpat enim diam eget metus. Bir dosya t\u00fcr\u00fcn\u00fc kopyalamak i\u00e7in <code><var>Dosya ad\u0131n\u0131<\/var> kopyala<\/code>.<\/p>\n<p><a href=\"http:\/\/anariel.com.www361.your-server.de\/maisha\/wp-content\/uploads\/2015\/05\/maisha_shop_slider_1.jpg\"><img fetchpriority=\"high\" decoding=\"async\" src=\"http:\/\/anariel.com.www361.your-server.de\/maisha\/wp-content\/uploads\/2015\/05\/maisha_shop_slider_1.jpg\" data-sizes=\"(max-width: 1405px) 100vw, 1405px\" srcset=\"http:\/\/www.anariel.com\/maishademo\/wp-content\/uploads\/2015\/05\/maisha_shop_slider_1-300x85.jpg 300w, http:\/\/www.anariel.com\/maishademo\/wp-content\/uploads\/2015\/05\/maisha_shop_slider_1-1024x292.jpg 1024w, http:\/\/www.anariel.com\/maishademo\/wp-content\/uploads\/2015\/05\/maisha_shop_slider_1-300x85.jpg 300w, http:\/\/www.anariel.com\/maishademo\/wp-content\/uploads\/2015\/05\/maisha_shop_slider_1-300x85.jpg 300w, http:\/\/www.anariel.com\/maishademo\/wp-content\/uploads\/2015\/05\/maisha_shop_slider_1-200x57.jpg 200w, http:\/\/www.anariel.com\/maishademo\/wp-content\/uploads\/2015\/05\/maisha_shop_slider_1-150x43.jpg 150w, http:\/\/anariel.com.www361.your-server.de\/maisha\/wp-content\/uploads\/2015\/05\/maisha_shop_slider_1.jpg 1405w\" alt=\"maisha_shop_slider_1\" width=\"1405\" height=\"400\" class=\"aligncenter size-full wp-image-1069\"><\/a><\/p>\n<blockquote><p>Bu, Lorem Ipsum&#039;un Photoshop s\u00fcr\u00fcm\u00fcd\u00fcr. Proin gravida nibh vel velit auctor aliquet. Aenean sollicitudin, lorem quis bibendum auctor, nisi elit consequat ipsum, nec sagittis sem nibh id elit.<\/p><\/blockquote>\n<table>\n<tbody>\n<tr>\n<th>Tablo Ba\u015fl\u0131\u011f\u0131 1<\/th>\n<th>Tablo Ba\u015fl\u0131\u011f\u0131 2<\/th>\n<th>Tablo Ba\u015fl\u0131\u011f\u0131 3<\/th>\n<\/tr>\n<tr>\n<td>B\u00f6l\u00fcm 1<\/td>\n<td>B\u00f6l\u00fcm 2<\/td>\n<td>B\u00f6l\u00fcm 3<\/td>\n<\/tr>\n<\/tbody>\n<\/table>\n<p>[form_kimli\u011fini_ver=\u201d403\u2033]<\/p>","protected":false},"excerpt":{"rendered":"<p>Badem ezmeli marshmallowlu kurabiye pasta kremal\u0131 hatmi \u00e7ikolatal\u0131 kurabiye havu\u00e7lu pasta draje \u00e7ikolatal\u0131 \u015fekerler havu\u00e7lu pasta.<\/p>","protected":false},"author":1,"featured_media":2502,"parent":0,"menu_order":0,"comment_status":"closed","ping_status":"closed","template":"page-templates\/full-width-page.php","meta":{"footnotes":""},"class_list":["post-346","page","type-page","status-publish","has-post-thumbnail","hentry"],"jetpack_sharing_enabled":true,"_links":{"self":[{"href":"https:\/\/friendsofenginakyurek.org\/tr\/wp-json\/wp\/v2\/pages\/346","targetHints":{"allow":["GET"]}}],"collection":[{"href":"https:\/\/friendsofenginakyurek.org\/tr\/wp-json\/wp\/v2\/pages"}],"about":[{"href":"https:\/\/friendsofenginakyurek.org\/tr\/wp-json\/wp\/v2\/types\/page"}],"author":[{"embeddable":true,"href":"https:\/\/friendsofenginakyurek.org\/tr\/wp-json\/wp\/v2\/users\/1"}],"replies":[{"embeddable":true,"href":"https:\/\/friendsofenginakyurek.org\/tr\/wp-json\/wp\/v2\/comments?post=346"}],"version-history":[{"count":1,"href":"https:\/\/friendsofenginakyurek.org\/tr\/wp-json\/wp\/v2\/pages\/346\/revisions"}],"predecessor-version":[{"id":4736,"href":"https:\/\/friendsofenginakyurek.org\/tr\/wp-json\/wp\/v2\/pages\/346\/revisions\/4736"}],"wp:featuredmedia":[{"embeddable":true,"href":"https:\/\/friendsofenginakyurek.org\/tr\/wp-json\/wp\/v2\/media\/2502"}],"wp:attachment":[{"href":"https:\/\/friendsofenginakyurek.org\/tr\/wp-json\/wp\/v2\/media?parent=346"}],"curies":[{"name":"wp","href":"https:\/\/api.w.org\/{rel}","templated":true}]}}