{"id":348,"date":"2015-04-26T13:02:51","date_gmt":"2015-04-26T13:02:51","guid":{"rendered":"http:\/\/www.anarieldesign.com\/themedemos\/maisha\/?page_id=348"},"modified":"2023-04-23T18:57:38","modified_gmt":"2023-04-23T18:57:38","slug":"get-to-know-us","status":"publish","type":"page","link":"https:\/\/friendsofenginakyurek.org\/tr\/get-to-know-us\/","title":{"rendered":"Bizi tan\u0131y\u0131n"},"content":{"rendered":"<h4>EK\u0130B\u0130M\u0130Z\u0130 TANIYIN<\/h4>\n<p>Friends of Engin Aky\u00fcrek, bir Y\u00f6netim Kurulu ve Dan\u0131\u015fma Kurulu \u00dcyeleri ile K\u00fcresel Temsilciler a\u011f\u0131ndan olu\u015fmaktad\u0131r. Bay Aky\u00fcrek'in \u015ferefine; derinden hayranl\u0131k duydu\u011fumuz bir hay\u0131rseverin, toplumsal hareket, savunuculuk ve k\u00fcresel takdiri olumlu, anlaml\u0131 bir toplumsal de\u011fi\u015fime d\u00f6n\u00fc\u015ft\u00fcrmekten gurur duyuyoruz.<\/p>\n<p>Sitemizde duydu\u011funuz \u00f6zel m\u00fczikler hakk\u0131nda daha fazla bilgi edinin.<\/p>\n<h4><a href=\"https:\/\/youtu.be\/SMY650xoKsk\" target=\"_blank\" rel=\"noopener\"><button>ENG\u0130N AKY\u00dcREK YouTube<\/button><\/a><br \/>\n<a href=\"https:\/\/friendsofenginakyurek.org\/wp-content\/uploads\/2022\/10\/FEA-1023EZ.pdf\" target=\"_blank\" rel=\"noopener\"><button style=\"background-color:#DCDCDC\">1023EZ&#039;mizi G\u00f6r\u00fcnt\u00fcleyin<\/button><\/a><br \/>\n<\/h4>\n<h4><\/h4>\n<p><!-- Created with Elementor --><!-- Created with Elementor --><!-- Created with Elementor --><!-- Created with Elementor --><!-- Created with Elementor --><!-- Created with Elementor --><!-- Created with Elementor --><!-- Created with Elementor --><!-- Created with Elementor --><!-- Created with Elementor --><!-- Created with Elementor --><!-- Created with Elementor --><\/p>","protected":false},"excerpt":{"rendered":"<p>GET TO KNOW OUR TEAM Friends of Engin Aky\u00fcrek consists of a Board of Directors and Advisory Council Members plus a network of Global Ambassadors. We pride ourselves in community action, advocacy and transforming global admiration into positive, meaningful social change in Mr. Aky\u00fcrek\u2019s honor; a humanitarian we deeply admire. Learn more about the custom &hellip; <a href=\"https:\/\/friendsofenginakyurek.org\/tr\/get-to-know-us\/\" class=\"more-link\">okumaya devam et <span class=\"screen-reader-text\">Bizi tan\u0131y\u0131n<\/span><\/a><\/p>","protected":false},"author":1,"featured_media":11768,"parent":0,"menu_order":0,"comment_status":"closed","ping_status":"closed","template":"page-templates\/full-width-page.php","meta":{"footnotes":""},"class_list":["post-348","page","type-page","status-publish","has-post-thumbnail","hentry"],"jetpack_sharing_enabled":true,"_links":{"self":[{"href":"https:\/\/friendsofenginakyurek.org\/tr\/wp-json\/wp\/v2\/pages\/348","targetHints":{"allow":["GET"]}}],"collection":[{"href":"https:\/\/friendsofenginakyurek.org\/tr\/wp-json\/wp\/v2\/pages"}],"about":[{"href":"https:\/\/friendsofenginakyurek.org\/tr\/wp-json\/wp\/v2\/types\/page"}],"author":[{"embeddable":true,"href":"https:\/\/friendsofenginakyurek.org\/tr\/wp-json\/wp\/v2\/users\/1"}],"replies":[{"embeddable":true,"href":"https:\/\/friendsofenginakyurek.org\/tr\/wp-json\/wp\/v2\/comments?post=348"}],"version-history":[{"count":52,"href":"https:\/\/friendsofenginakyurek.org\/tr\/wp-json\/wp\/v2\/pages\/348\/revisions"}],"predecessor-version":[{"id":10706,"href":"https:\/\/friendsofenginakyurek.org\/tr\/wp-json\/wp\/v2\/pages\/348\/revisions\/10706"}],"wp:featuredmedia":[{"embeddable":true,"href":"https:\/\/friendsofenginakyurek.org\/tr\/wp-json\/wp\/v2\/media\/11768"}],"wp:attachment":[{"href":"https:\/\/friendsofenginakyurek.org\/tr\/wp-json\/wp\/v2\/media?parent=348"}],"curies":[{"name":"wp","href":"https:\/\/api.w.org\/{rel}","templated":true}]}}