{"id":3694,"date":"2022-09-01T18:18:25","date_gmt":"2022-09-01T18:18:25","guid":{"rendered":"https:\/\/friendsofenginakyurek.org\/?page_id=3694"},"modified":"2022-09-01T18:18:25","modified_gmt":"2022-09-01T18:18:25","slug":"sessizlik_fr","status":"publish","type":"page","link":"https:\/\/friendsofenginakyurek.org\/tr\/sessizlik_fr\/","title":{"rendered":"sessizlik_fr"},"content":{"rendered":"<div data-elementor-type=\"wp-page\" data-elementor-id=\"3694\" class=\"elementor elementor-3694\" data-elementor-post-type=\"page\">\n\t\t\t\t\t\t<section class=\"elementor-section elementor-top-section elementor-element elementor-element-770a9db elementor-section-boxed elementor-section-height-default elementor-section-height-default\" data-id=\"770a9db\" data-element_type=\"section\" data-e-type=\"section\">\n\t\t\t\t\t\t<div class=\"elementor-container elementor-column-gap-default\">\n\t\t\t\t\t<div class=\"elementor-column elementor-col-100 elementor-top-column elementor-element elementor-element-f9ec2e3\" data-id=\"f9ec2e3\" data-element_type=\"column\" data-e-type=\"column\">\n\t\t\t<div class=\"elementor-widget-wrap elementor-element-populated\">\n\t\t\t\t\t\t<div class=\"elementor-element elementor-element-429e2b9 elementor-widget elementor-widget-image\" data-id=\"429e2b9\" data-element_type=\"widget\" data-e-type=\"widget\" data-widget_type=\"image.default\">\n\t\t\t\t<div class=\"elementor-widget-container\">\n\t\t\t\t\t\t\t\t\t\t\t\t<figure class=\"wp-caption\">\n\t\t\t\t\t\t\t\t\t\t\t<a href=\"https:\/\/friendsofenginakyurek.org\/tr\/\">\n\t\t\t\t\t\t\t<img decoding=\"async\" src=\"https:\/\/friendsofenginakyurek.org\/wp-content\/uploads\/2022\/06\/FriendsEA-logo_PP_website_blk-1.png\" title=\"\" alt=\"\" loading=\"lazy\" \/>\t\t\t\t\t\t\t\t<\/a>\n\t\t\t\t\t\t\t\t\t\t\t<figcaption class=\"widget-image-caption wp-caption-text\"><\/figcaption>\n\t\t\t\t\t\t\t\t\t\t<\/figure>\n\t\t\t\t\t\t\t\t\t<\/div>\n\t\t\t\t<\/div>\n\t\t\t\t\t<\/div>\n\t\t<\/div>\n\t\t\t\t\t<\/div>\n\t\t<\/section>\n\t\t\t\t<section class=\"elementor-section elementor-top-section elementor-element elementor-element-a21004d elementor-section-boxed elementor-section-height-default elementor-section-height-default\" data-id=\"a21004d\" data-element_type=\"section\" data-e-type=\"section\">\n\t\t\t\t\t\t<div class=\"elementor-container elementor-column-gap-default\">\n\t\t\t\t\t<div class=\"elementor-column elementor-col-100 elementor-top-column elementor-element elementor-element-556ce4f\" data-id=\"556ce4f\" data-element_type=\"column\" data-e-type=\"column\">\n\t\t\t<div class=\"elementor-widget-wrap elementor-element-populated\">\n\t\t\t\t\t\t<div class=\"elementor-element elementor-element-28d5961 elementor-widget elementor-widget-image\" data-id=\"28d5961\" data-element_type=\"widget\" data-e-type=\"widget\" data-widget_type=\"image.default\">\n\t\t\t\t<div class=\"elementor-widget-container\">\n\t\t\t\t\t\t\t\t\t\t\t\t\t\t\t<img decoding=\"async\" src=\"https:\/\/friendsofenginakyurek.org\/wp-content\/uploads\/2022\/09\/Girl_on_phone_1_FR3.png\" title=\"\" alt=\"\" loading=\"lazy\" \/>\t\t\t\t\t\t\t\t\t\t\t\t\t\t\t<\/div>\n\t\t\t\t<\/div>\n\t\t\t\t<div class=\"elementor-element elementor-element-74e6325 elementor-widget elementor-widget-image\" data-id=\"74e6325\" data-element_type=\"widget\" data-e-type=\"widget\" data-widget_type=\"image.default\">\n\t\t\t\t<div class=\"elementor-widget-container\">\n\t\t\t\t\t\t\t\t\t\t\t\t\t\t\t<img decoding=\"async\" src=\"https:\/\/friendsofenginakyurek.org\/wp-content\/uploads\/2022\/09\/Girl_on_phone_2_FR3.png\" title=\"\" alt=\"\" loading=\"lazy\" \/>\t\t\t\t\t\t\t\t\t\t\t\t\t\t\t<\/div>\n\t\t\t\t<\/div>\n\t\t\t\t<div class=\"elementor-element elementor-element-9023f59 elementor-widget elementor-widget-image\" data-id=\"9023f59\" data-element_type=\"widget\" data-e-type=\"widget\" data-widget_type=\"image.default\">\n\t\t\t\t<div class=\"elementor-widget-container\">\n\t\t\t\t\t\t\t\t\t\t\t\t\t\t\t<img decoding=\"async\" src=\"https:\/\/friendsofenginakyurek.org\/wp-content\/uploads\/2022\/09\/Girl_on_phone_3_FR2.png\" title=\"\" alt=\"\" loading=\"lazy\" \/>\t\t\t\t\t\t\t\t\t\t\t\t\t\t\t<\/div>\n\t\t\t\t<\/div>\n\t\t\t\t<div class=\"elementor-element elementor-element-d5d1046 elementor-widget elementor-widget-image\" data-id=\"d5d1046\" data-element_type=\"widget\" data-e-type=\"widget\" data-widget_type=\"image.default\">\n\t\t\t\t<div class=\"elementor-widget-container\">\n\t\t\t\t\t\t\t\t\t\t\t\t\t\t\t<img decoding=\"async\" src=\"https:\/\/friendsofenginakyurek.org\/wp-content\/uploads\/2022\/09\/Girl_on_Phone_4_FR5.png\" title=\"\" alt=\"\" loading=\"lazy\" \/>\t\t\t\t\t\t\t\t\t\t\t\t\t\t\t<\/div>\n\t\t\t\t<\/div>\n\t\t\t\t<div class=\"elementor-element elementor-element-41c3b00 elementor-widget elementor-widget-image\" data-id=\"41c3b00\" data-element_type=\"widget\" data-e-type=\"widget\" data-widget_type=\"image.default\">\n\t\t\t\t<div class=\"elementor-widget-container\">\n\t\t\t\t\t\t\t\t\t\t\t\t\t\t\t<img decoding=\"async\" src=\"https:\/\/friendsofenginakyurek.org\/wp-content\/uploads\/2022\/09\/Girl_on_phone_5_FR.png\" title=\"\" alt=\"\" loading=\"lazy\" \/>\t\t\t\t\t\t\t\t\t\t\t\t\t\t\t<\/div>\n\t\t\t\t<\/div>\n\t\t\t\t<div class=\"elementor-element elementor-element-611cb1c elementor-widget elementor-widget-image\" data-id=\"611cb1c\" data-element_type=\"widget\" data-e-type=\"widget\" data-widget_type=\"image.default\">\n\t\t\t\t<div class=\"elementor-widget-container\">\n\t\t\t\t\t\t\t\t\t\t\t\t\t\t\t<img decoding=\"async\" src=\"https:\/\/friendsofenginakyurek.org\/wp-content\/uploads\/2022\/09\/Girl_on_phone_6_FR2.png\" title=\"\" alt=\"\" loading=\"lazy\" \/>\t\t\t\t\t\t\t\t\t\t\t\t\t\t\t<\/div>\n\t\t\t\t<\/div>\n\t\t\t\t\t<\/div>\n\t\t<\/div>\n\t\t\t\t\t<\/div>\n\t\t<\/section>\n\t\t\t\t<section class=\"elementor-section elementor-top-section elementor-element elementor-element-2e2d923 elementor-section-boxed elementor-section-height-default elementor-section-height-default\" data-id=\"2e2d923\" data-element_type=\"section\" data-e-type=\"section\">\n\t\t\t\t\t\t<div class=\"elementor-container elementor-column-gap-default\">\n\t\t\t\t\t<div class=\"elementor-column elementor-col-100 elementor-top-column elementor-element elementor-element-1591f2c\" data-id=\"1591f2c\" data-element_type=\"column\" data-e-type=\"column\">\n\t\t\t<div class=\"elementor-widget-wrap\">\n\t\t\t\t\t\t\t<\/div>\n\t\t<\/div>\n\t\t\t\t\t<\/div>\n\t\t<\/section>\n\t\t\t\t<section class=\"elementor-section elementor-top-section elementor-element elementor-element-6e137ed elementor-section-boxed elementor-section-height-default elementor-section-height-default\" data-id=\"6e137ed\" data-element_type=\"section\" data-e-type=\"section\">\n\t\t\t\t\t\t<div class=\"elementor-container elementor-column-gap-default\">\n\t\t\t\t\t<div class=\"elementor-column elementor-col-100 elementor-top-column elementor-element elementor-element-764d63f\" data-id=\"764d63f\" data-element_type=\"column\" data-e-type=\"column\">\n\t\t\t<div class=\"elementor-widget-wrap elementor-element-populated\">\n\t\t\t\t\t\t<div class=\"elementor-element elementor-element-e2c773b elementor-align-center elementor-widget elementor-widget-paypal-button\" data-id=\"e2c773b\" data-element_type=\"widget\" data-e-type=\"widget\" data-settings=\"{&quot;merchant_account&quot;:&quot;simple&quot;}\" data-widget_type=\"paypal-button.default\">\n\t\t\t\t<div class=\"elementor-widget-container\">\n\t\t\t\t\t\t\t\t\t<div class=\"elementor-button-wrapper\">\n\t\t\t\t\t\t\t<form action=\"https:\/\/www.paypal.com\/cgi-bin\/webscr\" method=\"post\" target=\"_blank\">\n\t\t\t<input type=\"hidden\" name=\"cmd\" value=\"_donations\" \/>\n\t\t\t<input type=\"hidden\" name=\"business\" value=\"accounts@friendsofengin.org\" \/>\n\t\t\t<input type=\"hidden\" name=\"lc\" value=\"US\" \/>\n\t\t\t<input type=\"hidden\" name=\"item_name\" value=\"Donate\" \/>\n\t\t\t<input type=\"hidden\" name=\"item_number\" value=\"\" \/>\n\t\t\t<input type=\"hidden\" name=\"currency_code\" value=\"USD\" \/>\n\t\t\t<input type=\"hidden\" name=\"amount\" value=\"\" \/>\n\t\t\t<input type=\"hidden\" name=\"no_note\" value=\"1\">\n\n\t\t\t\t\t<button class=\"elementor-button elementor-size-sm elementor-paypal-legacy elementor-payment-button\" role=\"button\" type=\"submit\">\n\t\t\t\t\t<span class=\"elementor-button-content-wrapper\">\n\t\t\t\t\t\t<span class=\"elementor-button-icon\">\n\t\t\t\t<i aria-hidden=\"true\" class=\"fab fa-paypal\"><\/i>\t\t\t<\/span>\n\t\t\t\t\t\t\t\t\t<span class=\"elementor-button-text\">Ba\u011f\u0131\u015f<\/span>\n\t\t\t\t\t<\/span>\n\t\t\t\t<\/button>\n\t\t\t\t<\/form>\n\t\t\t\t\t\t<\/div>\n\t\t\t\t\t\t\t\t<\/div>\n\t\t\t\t<\/div>\n\t\t\t\t\t<\/div>\n\t\t<\/div>\n\t\t\t\t\t<\/div>\n\t\t<\/section>\n\t\t\t\t<\/div>","protected":false},"excerpt":{"rendered":"<p>Ba\u011f\u0131\u015f<\/p>","protected":false},"author":1,"featured_media":4684,"parent":0,"menu_order":0,"comment_status":"closed","ping_status":"closed","template":"elementor_canvas","meta":{"footnotes":""},"class_list":["post-3694","page","type-page","status-publish","has-post-thumbnail","hentry"],"jetpack_sharing_enabled":true,"_links":{"self":[{"href":"https:\/\/friendsofenginakyurek.org\/tr\/wp-json\/wp\/v2\/pages\/3694","targetHints":{"allow":["GET"]}}],"collection":[{"href":"https:\/\/friendsofenginakyurek.org\/tr\/wp-json\/wp\/v2\/pages"}],"about":[{"href":"https:\/\/friendsofenginakyurek.org\/tr\/wp-json\/wp\/v2\/types\/page"}],"author":[{"embeddable":true,"href":"https:\/\/friendsofenginakyurek.org\/tr\/wp-json\/wp\/v2\/users\/1"}],"replies":[{"embeddable":true,"href":"https:\/\/friendsofenginakyurek.org\/tr\/wp-json\/wp\/v2\/comments?post=3694"}],"version-history":[{"count":0,"href":"https:\/\/friendsofenginakyurek.org\/tr\/wp-json\/wp\/v2\/pages\/3694\/revisions"}],"wp:featuredmedia":[{"embeddable":true,"href":"https:\/\/friendsofenginakyurek.org\/tr\/wp-json\/wp\/v2\/media\/4684"}],"wp:attachment":[{"href":"https:\/\/friendsofenginakyurek.org\/tr\/wp-json\/wp\/v2\/media?parent=3694"}],"curies":[{"name":"wp","href":"https:\/\/api.w.org\/{rel}","templated":true}]}}