{"id":4596,"date":"2022-09-23T01:28:41","date_gmt":"2022-09-23T01:28:41","guid":{"rendered":"https:\/\/friendsofenginakyurek.org\/donation-failed-2\/"},"modified":"2022-09-23T01:28:41","modified_gmt":"2022-09-23T01:28:41","slug":"donation-failed-2","status":"publish","type":"page","link":"https:\/\/friendsofenginakyurek.org\/tr\/donation-failed-2\/","title":{"rendered":"Ba\u011f\u0131\u015f Ba\u015far\u0131s\u0131z Oldu"},"content":{"rendered":"<p>\u00dczg\u00fcn\u00fcz, ba\u011f\u0131\u015f\u0131n\u0131z i\u015flenemedi. L\u00fctfen tekrar deneyin veya site deste\u011fiyle ileti\u015fime ge\u00e7in.<\/p>","protected":false},"excerpt":{"rendered":"<p>\u00dczg\u00fcn\u00fcz, ba\u011f\u0131\u015f\u0131n\u0131z i\u015flenemedi. L\u00fctfen tekrar deneyin veya site deste\u011fiyle ileti\u015fime ge\u00e7in.<\/p>","protected":false},"author":1,"featured_media":4684,"parent":0,"menu_order":0,"comment_status":"closed","ping_status":"closed","template":"","meta":{"footnotes":""},"class_list":["post-4596","page","type-page","status-publish","has-post-thumbnail","hentry"],"jetpack_sharing_enabled":true,"_links":{"self":[{"href":"https:\/\/friendsofenginakyurek.org\/tr\/wp-json\/wp\/v2\/pages\/4596","targetHints":{"allow":["GET"]}}],"collection":[{"href":"https:\/\/friendsofenginakyurek.org\/tr\/wp-json\/wp\/v2\/pages"}],"about":[{"href":"https:\/\/friendsofenginakyurek.org\/tr\/wp-json\/wp\/v2\/types\/page"}],"author":[{"embeddable":true,"href":"https:\/\/friendsofenginakyurek.org\/tr\/wp-json\/wp\/v2\/users\/1"}],"replies":[{"embeddable":true,"href":"https:\/\/friendsofenginakyurek.org\/tr\/wp-json\/wp\/v2\/comments?post=4596"}],"version-history":[{"count":0,"href":"https:\/\/friendsofenginakyurek.org\/tr\/wp-json\/wp\/v2\/pages\/4596\/revisions"}],"wp:featuredmedia":[{"embeddable":true,"href":"https:\/\/friendsofenginakyurek.org\/tr\/wp-json\/wp\/v2\/media\/4684"}],"wp:attachment":[{"href":"https:\/\/friendsofenginakyurek.org\/tr\/wp-json\/wp\/v2\/media?parent=4596"}],"curies":[{"name":"wp","href":"https:\/\/api.w.org\/{rel}","templated":true}]}}