{"id":4968,"date":"2022-09-28T22:03:53","date_gmt":"2022-09-28T22:03:53","guid":{"rendered":"https:\/\/friendsofenginakyurek.org\/?page_id=4968"},"modified":"2022-10-13T22:24:37","modified_gmt":"2022-10-13T22:24:37","slug":"programs","status":"publish","type":"page","link":"https:\/\/friendsofenginakyurek.org\/tr\/programs\/","title":{"rendered":"Programlar\u0131m\u0131z"},"content":{"rendered":"<div data-elementor-type=\"wp-page\" data-elementor-id=\"4968\" class=\"elementor elementor-4968\" data-elementor-post-type=\"page\">\n\t\t\t\t\t\t<section class=\"elementor-section elementor-top-section elementor-element elementor-element-2a0a6f84 elementor-section-height-min-height elementor-section-content-middle elementor-section-boxed elementor-section-height-default elementor-section-items-middle\" data-id=\"2a0a6f84\" data-element_type=\"section\" data-e-type=\"section\" data-settings=\"{&quot;background_background&quot;:&quot;classic&quot;}\">\n\t\t\t\t\t\t\t<div class=\"elementor-background-overlay\"><\/div>\n\t\t\t\t\t\t\t<div class=\"elementor-container elementor-column-gap-no\">\n\t\t\t\t\t<div class=\"elementor-column elementor-col-100 elementor-top-column elementor-element elementor-element-36f76b97\" data-id=\"36f76b97\" data-element_type=\"column\" data-e-type=\"column\">\n\t\t\t<div class=\"elementor-widget-wrap elementor-element-populated\">\n\t\t\t\t\t\t<div class=\"elementor-element elementor-element-166b3937 elementor-widget elementor-widget-heading\" data-id=\"166b3937\" data-element_type=\"widget\" data-e-type=\"widget\" data-widget_type=\"heading.default\">\n\t\t\t\t<div class=\"elementor-widget-container\">\n\t\t\t\t\t<h2 class=\"elementor-heading-title elementor-size-default\">Programlar\u0131m\u0131z<\/h2>\t\t\t\t<\/div>\n\t\t\t\t<\/div>\n\t\t\t\t<div class=\"elementor-element elementor-element-aa9765e elementor-widget elementor-widget-image\" data-id=\"aa9765e\" data-element_type=\"widget\" data-e-type=\"widget\" data-widget_type=\"image.default\">\n\t\t\t\t<div class=\"elementor-widget-container\">\n\t\t\t\t\t\t\t\t\t\t\t\t\t\t\t<img fetchpriority=\"high\" decoding=\"async\" width=\"1024\" height=\"211\" src=\"https:\/\/friendsofenginakyurek.org\/wp-content\/uploads\/2022\/10\/Programs-tagline-1024x211.png\" class=\"attachment-large size-large wp-image-5956\" alt=\"\" srcset=\"https:\/\/friendsofenginakyurek.org\/wp-content\/uploads\/2022\/10\/Programs-tagline-1024x211.png 1024w, https:\/\/friendsofenginakyurek.org\/wp-content\/uploads\/2022\/10\/Programs-tagline-600x123.png 600w, https:\/\/friendsofenginakyurek.org\/wp-content\/uploads\/2022\/10\/Programs-tagline-300x62.png 300w, https:\/\/friendsofenginakyurek.org\/wp-content\/uploads\/2022\/10\/Programs-tagline-768x158.png 768w, https:\/\/friendsofenginakyurek.org\/wp-content\/uploads\/2022\/10\/Programs-tagline-1536x316.png 1536w, https:\/\/friendsofenginakyurek.org\/wp-content\/uploads\/2022\/10\/Programs-tagline-2048x421.png 2048w, https:\/\/friendsofenginakyurek.org\/wp-content\/uploads\/2022\/10\/Programs-tagline-18x4.png 18w, https:\/\/friendsofenginakyurek.org\/wp-content\/uploads\/2022\/10\/Programs-tagline-200x41.png 200w, https:\/\/friendsofenginakyurek.org\/wp-content\/uploads\/2022\/10\/Programs-tagline-150x31.png 150w, https:\/\/friendsofenginakyurek.org\/wp-content\/uploads\/2022\/10\/Programs-tagline-547x113.png 547w, https:\/\/friendsofenginakyurek.org\/wp-content\/uploads\/2022\/10\/Programs-tagline-678x139.png 678w, https:\/\/friendsofenginakyurek.org\/wp-content\/uploads\/2022\/10\/Programs-tagline-524x108.png 524w, https:\/\/friendsofenginakyurek.org\/wp-content\/uploads\/2022\/10\/Programs-tagline-420x86.png 420w, https:\/\/friendsofenginakyurek.org\/wp-content\/uploads\/2022\/10\/Programs-tagline-444x91.png 444w, https:\/\/friendsofenginakyurek.org\/wp-content\/uploads\/2022\/10\/Programs-tagline-916x188.png 916w\" sizes=\"(max-width: 1024px) 100vw, 1024px\" \/>\t\t\t\t\t\t\t\t\t\t\t\t\t\t\t<\/div>\n\t\t\t\t<\/div>\n\t\t\t\t\t<\/div>\n\t\t<\/div>\n\t\t\t\t\t<\/div>\n\t\t<\/section>\n\t\t\t\t<section class=\"elementor-section elementor-top-section elementor-element elementor-element-e1ce9d7 elementor-section-boxed elementor-section-height-default elementor-section-height-default\" data-id=\"e1ce9d7\" data-element_type=\"section\" data-e-type=\"section\">\n\t\t\t\t\t\t<div class=\"elementor-container elementor-column-gap-default\">\n\t\t\t\t\t<div class=\"elementor-column elementor-col-100 elementor-top-column elementor-element elementor-element-b700ab5\" data-id=\"b700ab5\" data-element_type=\"column\" data-e-type=\"column\">\n\t\t\t<div class=\"elementor-widget-wrap elementor-element-populated\">\n\t\t\t\t\t\t<div class=\"elementor-element elementor-element-c9ff01d elementor-widget elementor-widget-heading\" data-id=\"c9ff01d\" data-element_type=\"widget\" data-e-type=\"widget\" data-widget_type=\"heading.default\">\n\t\t\t\t<div class=\"elementor-widget-container\">\n\t\t\t\t\t<h2 class=\"elementor-heading-title elementor-size-default\">Friends of Engin Aky\u00fcrek Taraf\u0131ndan Sunulan G\u00fcncel Programlar\u0131m\u0131z<\/h2>\t\t\t\t<\/div>\n\t\t\t\t<\/div>\n\t\t\t\t\t<\/div>\n\t\t<\/div>\n\t\t\t\t\t<\/div>\n\t\t<\/section>\n\t\t\t\t<section class=\"elementor-section elementor-top-section elementor-element elementor-element-81b7cee elementor-section-boxed elementor-section-height-default elementor-section-height-default\" data-id=\"81b7cee\" data-element_type=\"section\" data-e-type=\"section\">\n\t\t\t\t\t\t<div class=\"elementor-container elementor-column-gap-default\">\n\t\t\t\t\t<div class=\"elementor-column elementor-col-100 elementor-top-column elementor-element elementor-element-334d993\" data-id=\"334d993\" data-element_type=\"column\" data-e-type=\"column\">\n\t\t\t<div class=\"elementor-widget-wrap elementor-element-populated\">\n\t\t\t\t\t\t<div class=\"elementor-element elementor-element-22c4855 elementor-widget-divider--view-line elementor-widget elementor-widget-divider\" data-id=\"22c4855\" data-element_type=\"widget\" data-e-type=\"widget\" data-widget_type=\"divider.default\">\n\t\t\t\t<div class=\"elementor-widget-container\">\n\t\t\t\t\t\t\t<div class=\"elementor-divider\">\n\t\t\t<span class=\"elementor-divider-separator\">\n\t\t\t\t\t\t<\/span>\n\t\t<\/div>\n\t\t\t\t\t\t<\/div>\n\t\t\t\t<\/div>\n\t\t\t\t\t<\/div>\n\t\t<\/div>\n\t\t\t\t\t<\/div>\n\t\t<\/section>\n\t\t\t\t<section class=\"elementor-section elementor-top-section elementor-element elementor-element-7d013fb elementor-section-boxed elementor-section-height-default elementor-section-height-default\" data-id=\"7d013fb\" data-element_type=\"section\" data-e-type=\"section\">\n\t\t\t\t\t\t<div class=\"elementor-container elementor-column-gap-default\">\n\t\t\t\t\t<div class=\"elementor-column elementor-col-25 elementor-top-column elementor-element elementor-element-255a36b\" data-id=\"255a36b\" data-element_type=\"column\" data-e-type=\"column\">\n\t\t\t<div class=\"elementor-widget-wrap elementor-element-populated\">\n\t\t\t\t\t\t<div class=\"elementor-element elementor-element-b2388bd elementor-position-top elementor-widget elementor-widget-image-box\" data-id=\"b2388bd\" data-element_type=\"widget\" data-e-type=\"widget\" data-widget_type=\"image-box.default\">\n\t\t\t\t<div class=\"elementor-widget-container\">\n\t\t\t\t\t<div class=\"elementor-image-box-wrapper\"><figure class=\"elementor-image-box-img\"><a href=\"https:\/\/friendsofenginakyurek.org\/tr\/support\/\" tabindex=\"-1\"><img decoding=\"async\" width=\"916\" height=\"500\" src=\"https:\/\/friendsofenginakyurek.org\/wp-content\/uploads\/2022\/09\/Image_20220928_202843_033.jpg\" class=\"attachment-full size-full wp-image-5072\" alt=\"\" srcset=\"https:\/\/friendsofenginakyurek.org\/wp-content\/uploads\/2022\/09\/Image_20220928_202843_033.jpg 916w, https:\/\/friendsofenginakyurek.org\/wp-content\/uploads\/2022\/09\/Image_20220928_202843_033-600x328.jpg 600w, https:\/\/friendsofenginakyurek.org\/wp-content\/uploads\/2022\/09\/Image_20220928_202843_033-300x164.jpg 300w, https:\/\/friendsofenginakyurek.org\/wp-content\/uploads\/2022\/09\/Image_20220928_202843_033-768x419.jpg 768w, https:\/\/friendsofenginakyurek.org\/wp-content\/uploads\/2022\/09\/Image_20220928_202843_033-18x10.jpg 18w, https:\/\/friendsofenginakyurek.org\/wp-content\/uploads\/2022\/09\/Image_20220928_202843_033-200x109.jpg 200w, https:\/\/friendsofenginakyurek.org\/wp-content\/uploads\/2022\/09\/Image_20220928_202843_033-150x82.jpg 150w, https:\/\/friendsofenginakyurek.org\/wp-content\/uploads\/2022\/09\/Image_20220928_202843_033-547x299.jpg 547w, https:\/\/friendsofenginakyurek.org\/wp-content\/uploads\/2022\/09\/Image_20220928_202843_033-678x370.jpg 678w, https:\/\/friendsofenginakyurek.org\/wp-content\/uploads\/2022\/09\/Image_20220928_202843_033-524x286.jpg 524w, https:\/\/friendsofenginakyurek.org\/wp-content\/uploads\/2022\/09\/Image_20220928_202843_033-420x229.jpg 420w, https:\/\/friendsofenginakyurek.org\/wp-content\/uploads\/2022\/09\/Image_20220928_202843_033-444x242.jpg 444w\" sizes=\"(max-width: 916px) 100vw, 916px\" \/><\/a><\/figure><div class=\"elementor-image-box-content\"><h3 class=\"elementor-image-box-title\"><a href=\"https:\/\/friendsofenginakyurek.org\/tr\/support\/\">Destek<\/a><\/h3><p class=\"elementor-image-box-description\">Engin Aky\u00fcrek'in de\u011fer verdi\u011fi hay\u0131r kurumlar\u0131na ve giri\u015fimlere maddi destek<\/p><\/div><\/div>\t\t\t\t<\/div>\n\t\t\t\t<\/div>\n\t\t\t\t\t<\/div>\n\t\t<\/div>\n\t\t\t\t<div class=\"elementor-column elementor-col-25 elementor-top-column elementor-element elementor-element-42fa4f1\" data-id=\"42fa4f1\" data-element_type=\"column\" data-e-type=\"column\">\n\t\t\t<div class=\"elementor-widget-wrap elementor-element-populated\">\n\t\t\t\t\t\t<div class=\"elementor-element elementor-element-677fe2e elementor-position-top elementor-widget elementor-widget-image-box\" data-id=\"677fe2e\" data-element_type=\"widget\" data-e-type=\"widget\" data-widget_type=\"image-box.default\">\n\t\t\t\t<div class=\"elementor-widget-container\">\n\t\t\t\t\t<div class=\"elementor-image-box-wrapper\"><figure class=\"elementor-image-box-img\"><a href=\"https:\/\/friendsofenginakyurek.org\/tr\/awareness\/\" tabindex=\"-1\"><img decoding=\"async\" width=\"916\" height=\"500\" src=\"https:\/\/friendsofenginakyurek.org\/wp-content\/uploads\/2022\/09\/Image_20220928_202833_687.jpg\" class=\"attachment-full size-full wp-image-5071\" alt=\"\" srcset=\"https:\/\/friendsofenginakyurek.org\/wp-content\/uploads\/2022\/09\/Image_20220928_202833_687.jpg 916w, https:\/\/friendsofenginakyurek.org\/wp-content\/uploads\/2022\/09\/Image_20220928_202833_687-600x328.jpg 600w, https:\/\/friendsofenginakyurek.org\/wp-content\/uploads\/2022\/09\/Image_20220928_202833_687-300x164.jpg 300w, https:\/\/friendsofenginakyurek.org\/wp-content\/uploads\/2022\/09\/Image_20220928_202833_687-768x419.jpg 768w, https:\/\/friendsofenginakyurek.org\/wp-content\/uploads\/2022\/09\/Image_20220928_202833_687-18x10.jpg 18w, https:\/\/friendsofenginakyurek.org\/wp-content\/uploads\/2022\/09\/Image_20220928_202833_687-200x109.jpg 200w, https:\/\/friendsofenginakyurek.org\/wp-content\/uploads\/2022\/09\/Image_20220928_202833_687-150x82.jpg 150w, https:\/\/friendsofenginakyurek.org\/wp-content\/uploads\/2022\/09\/Image_20220928_202833_687-547x299.jpg 547w, https:\/\/friendsofenginakyurek.org\/wp-content\/uploads\/2022\/09\/Image_20220928_202833_687-678x370.jpg 678w, https:\/\/friendsofenginakyurek.org\/wp-content\/uploads\/2022\/09\/Image_20220928_202833_687-524x286.jpg 524w, https:\/\/friendsofenginakyurek.org\/wp-content\/uploads\/2022\/09\/Image_20220928_202833_687-420x229.jpg 420w, https:\/\/friendsofenginakyurek.org\/wp-content\/uploads\/2022\/09\/Image_20220928_202833_687-444x242.jpg 444w\" sizes=\"(max-width: 916px) 100vw, 916px\" \/><\/a><\/figure><div class=\"elementor-image-box-content\"><h3 class=\"elementor-image-box-title\"><a href=\"https:\/\/friendsofenginakyurek.org\/tr\/awareness\/\">Fark\u0131ndal\u0131k<\/a><\/h3><p class=\"elementor-image-box-description\">K\u00fcresel ba\u011flant\u0131lar, promosyonlar ve neredeyse ger\u00e7ek zamanl\u0131 \u00e7eviriler arac\u0131l\u0131\u011f\u0131yla Engin Aky\u00fcrek'in projeleri hakk\u0131nda fark\u0131ndal\u0131k yarat\u0131n<\/p><\/div><\/div>\t\t\t\t<\/div>\n\t\t\t\t<\/div>\n\t\t\t\t\t<\/div>\n\t\t<\/div>\n\t\t\t\t<div class=\"elementor-column elementor-col-25 elementor-top-column elementor-element elementor-element-7f6962b\" data-id=\"7f6962b\" data-element_type=\"column\" data-e-type=\"column\">\n\t\t\t<div class=\"elementor-widget-wrap elementor-element-populated\">\n\t\t\t\t\t\t<div class=\"elementor-element elementor-element-b228d91 elementor-position-top elementor-widget elementor-widget-image-box\" data-id=\"b228d91\" data-element_type=\"widget\" data-e-type=\"widget\" data-widget_type=\"image-box.default\">\n\t\t\t\t<div class=\"elementor-widget-container\">\n\t\t\t\t\t<div class=\"elementor-image-box-wrapper\"><figure class=\"elementor-image-box-img\"><a href=\"https:\/\/friendsofenginakyurek.org\/tr\/recognition\/\" tabindex=\"-1\"><img loading=\"lazy\" decoding=\"async\" width=\"916\" height=\"500\" src=\"https:\/\/friendsofenginakyurek.org\/wp-content\/uploads\/2022\/09\/Image_20220928_202838_494.jpg\" class=\"attachment-full size-full wp-image-5070\" alt=\"\" srcset=\"https:\/\/friendsofenginakyurek.org\/wp-content\/uploads\/2022\/09\/Image_20220928_202838_494.jpg 916w, https:\/\/friendsofenginakyurek.org\/wp-content\/uploads\/2022\/09\/Image_20220928_202838_494-600x328.jpg 600w, https:\/\/friendsofenginakyurek.org\/wp-content\/uploads\/2022\/09\/Image_20220928_202838_494-300x164.jpg 300w, https:\/\/friendsofenginakyurek.org\/wp-content\/uploads\/2022\/09\/Image_20220928_202838_494-768x419.jpg 768w, https:\/\/friendsofenginakyurek.org\/wp-content\/uploads\/2022\/09\/Image_20220928_202838_494-18x10.jpg 18w, https:\/\/friendsofenginakyurek.org\/wp-content\/uploads\/2022\/09\/Image_20220928_202838_494-200x109.jpg 200w, https:\/\/friendsofenginakyurek.org\/wp-content\/uploads\/2022\/09\/Image_20220928_202838_494-150x82.jpg 150w, https:\/\/friendsofenginakyurek.org\/wp-content\/uploads\/2022\/09\/Image_20220928_202838_494-547x299.jpg 547w, https:\/\/friendsofenginakyurek.org\/wp-content\/uploads\/2022\/09\/Image_20220928_202838_494-678x370.jpg 678w, https:\/\/friendsofenginakyurek.org\/wp-content\/uploads\/2022\/09\/Image_20220928_202838_494-524x286.jpg 524w, https:\/\/friendsofenginakyurek.org\/wp-content\/uploads\/2022\/09\/Image_20220928_202838_494-420x229.jpg 420w, https:\/\/friendsofenginakyurek.org\/wp-content\/uploads\/2022\/09\/Image_20220928_202838_494-444x242.jpg 444w\" sizes=\"(max-width: 916px) 100vw, 916px\" \/><\/a><\/figure><div class=\"elementor-image-box-content\"><h3 class=\"elementor-image-box-title\"><a href=\"https:\/\/friendsofenginakyurek.org\/tr\/recognition\/\">\u0130tibar<\/a><\/h3><p class=\"elementor-image-box-description\">Engin Aky\u00fcrek'in k\u00fcresel hay\u0131rseverlik etkisini, arkada\u015flar\u0131 ve hayranlar\u0131 taraf\u0131ndan yap\u0131lan hay\u0131rseverli\u011fi eylemler ve programlar arac\u0131l\u0131\u011f\u0131yla vurgulamak<\/p><\/div><\/div>\t\t\t\t<\/div>\n\t\t\t\t<\/div>\n\t\t\t\t\t<\/div>\n\t\t<\/div>\n\t\t\t\t<div class=\"elementor-column elementor-col-25 elementor-top-column elementor-element elementor-element-607f14c\" data-id=\"607f14c\" data-element_type=\"column\" data-e-type=\"column\">\n\t\t\t<div class=\"elementor-widget-wrap elementor-element-populated\">\n\t\t\t\t\t\t<div class=\"elementor-element elementor-element-5e419d1 elementor-position-top elementor-widget elementor-widget-image-box\" data-id=\"5e419d1\" data-element_type=\"widget\" data-e-type=\"widget\" data-widget_type=\"image-box.default\">\n\t\t\t\t<div class=\"elementor-widget-container\">\n\t\t\t\t\t<div class=\"elementor-image-box-wrapper\"><figure class=\"elementor-image-box-img\"><a href=\"https:\/\/friendsofenginakyurek.org\/tr\/communication\/\" tabindex=\"-1\"><img loading=\"lazy\" decoding=\"async\" width=\"916\" height=\"500\" src=\"https:\/\/friendsofenginakyurek.org\/wp-content\/uploads\/2022\/09\/Image_20220928_202721_035.jpg\" class=\"attachment-full size-full wp-image-5066\" alt=\"\" srcset=\"https:\/\/friendsofenginakyurek.org\/wp-content\/uploads\/2022\/09\/Image_20220928_202721_035.jpg 916w, https:\/\/friendsofenginakyurek.org\/wp-content\/uploads\/2022\/09\/Image_20220928_202721_035-600x328.jpg 600w, https:\/\/friendsofenginakyurek.org\/wp-content\/uploads\/2022\/09\/Image_20220928_202721_035-300x164.jpg 300w, https:\/\/friendsofenginakyurek.org\/wp-content\/uploads\/2022\/09\/Image_20220928_202721_035-768x419.jpg 768w, https:\/\/friendsofenginakyurek.org\/wp-content\/uploads\/2022\/09\/Image_20220928_202721_035-18x10.jpg 18w, https:\/\/friendsofenginakyurek.org\/wp-content\/uploads\/2022\/09\/Image_20220928_202721_035-200x109.jpg 200w, https:\/\/friendsofenginakyurek.org\/wp-content\/uploads\/2022\/09\/Image_20220928_202721_035-150x82.jpg 150w, https:\/\/friendsofenginakyurek.org\/wp-content\/uploads\/2022\/09\/Image_20220928_202721_035-547x299.jpg 547w, https:\/\/friendsofenginakyurek.org\/wp-content\/uploads\/2022\/09\/Image_20220928_202721_035-678x370.jpg 678w, https:\/\/friendsofenginakyurek.org\/wp-content\/uploads\/2022\/09\/Image_20220928_202721_035-524x286.jpg 524w, https:\/\/friendsofenginakyurek.org\/wp-content\/uploads\/2022\/09\/Image_20220928_202721_035-420x229.jpg 420w, https:\/\/friendsofenginakyurek.org\/wp-content\/uploads\/2022\/09\/Image_20220928_202721_035-444x242.jpg 444w\" sizes=\"(max-width: 916px) 100vw, 916px\" \/><\/a><\/figure><div class=\"elementor-image-box-content\"><h3 class=\"elementor-image-box-title\"><a href=\"https:\/\/friendsofenginakyurek.org\/tr\/communication\/\">\u0130leti\u015fim<\/a><\/h3><p class=\"elementor-image-box-description\">Engin'in d\u00fcnya \u00e7ap\u0131ndaki arkada\u015flar\u0131 i\u00e7in bir ileti\u015fim kanal\u0131 sa\u011flamak<\/p><\/div><\/div>\t\t\t\t<\/div>\n\t\t\t\t<\/div>\n\t\t\t\t\t<\/div>\n\t\t<\/div>\n\t\t\t\t\t<\/div>\n\t\t<\/section>\n\t\t\t\t<\/div>","protected":false},"excerpt":{"rendered":"<p>Programlar Engin Aky\u00fcrek&#039;in Dostlar\u0131 Taraf\u0131ndan Sunulan Mevcut Programlar Destek Engin Aky\u00fcrek&#039;in de\u011fer verdi\u011fi hay\u0131r kurumlar\u0131n\u0131 ve giri\u015fimleri finansal olarak desteklemek Fark\u0131ndal\u0131k K\u00fcresel ba\u011flant\u0131lar, tan\u0131t\u0131mlar ve neredeyse ger\u00e7ek zamanl\u0131 \u00e7eviriler yoluyla Engin Aky\u00fcrek&#039;in projelerine ili\u015fkin fark\u0131ndal\u0131k yaratmak Takdir Engin Aky\u00fcrek&#039;in k\u00fcresel hay\u0131rseverlik etkisinin hay\u0131rsever eylemler ve programlar arac\u0131l\u0131\u011f\u0131yla vurgulanmas\u0131 arkada\u015flar ve hayranlar \u0130leti\u015fim Bir ileti\u015fim kanal\u0131 sa\u011flamak\u2026 <a href=\"https:\/\/friendsofenginakyurek.org\/tr\/programs\/\" class=\"more-link\">okumaya devam et <span class=\"screen-reader-text\">Programlar\u0131m\u0131z<\/span><\/a><\/p>","protected":false},"author":1,"featured_media":4684,"parent":0,"menu_order":0,"comment_status":"closed","ping_status":"closed","template":"elementor_header_footer","meta":{"footnotes":""},"class_list":["post-4968","page","type-page","status-publish","has-post-thumbnail","hentry"],"jetpack_sharing_enabled":true,"_links":{"self":[{"href":"https:\/\/friendsofenginakyurek.org\/tr\/wp-json\/wp\/v2\/pages\/4968","targetHints":{"allow":["GET"]}}],"collection":[{"href":"https:\/\/friendsofenginakyurek.org\/tr\/wp-json\/wp\/v2\/pages"}],"about":[{"href":"https:\/\/friendsofenginakyurek.org\/tr\/wp-json\/wp\/v2\/types\/page"}],"author":[{"embeddable":true,"href":"https:\/\/friendsofenginakyurek.org\/tr\/wp-json\/wp\/v2\/users\/1"}],"replies":[{"embeddable":true,"href":"https:\/\/friendsofenginakyurek.org\/tr\/wp-json\/wp\/v2\/comments?post=4968"}],"version-history":[{"count":130,"href":"https:\/\/friendsofenginakyurek.org\/tr\/wp-json\/wp\/v2\/pages\/4968\/revisions"}],"predecessor-version":[{"id":8373,"href":"https:\/\/friendsofenginakyurek.org\/tr\/wp-json\/wp\/v2\/pages\/4968\/revisions\/8373"}],"wp:featuredmedia":[{"embeddable":true,"href":"https:\/\/friendsofenginakyurek.org\/tr\/wp-json\/wp\/v2\/media\/4684"}],"wp:attachment":[{"href":"https:\/\/friendsofenginakyurek.org\/tr\/wp-json\/wp\/v2\/media?parent=4968"}],"curies":[{"name":"wp","href":"https:\/\/api.w.org\/{rel}","templated":true}]}}