{"id":5096,"date":"2022-09-29T19:40:02","date_gmt":"2022-09-29T19:40:02","guid":{"rendered":"https:\/\/friendsofenginakyurek.org\/?page_id=5096"},"modified":"2023-03-11T23:12:33","modified_gmt":"2023-03-11T23:12:33","slug":"engin-akyurek-experience","status":"publish","type":"page","link":"https:\/\/friendsofenginakyurek.org\/tr\/engin-akyurek-experience\/","title":{"rendered":"Engin Aky\u00fcrek Deneyimi"},"content":{"rendered":"<div data-elementor-type=\"wp-page\" data-elementor-id=\"5096\" class=\"elementor elementor-5096\" data-elementor-post-type=\"page\">\n\t\t\t\t\t\t<section class=\"elementor-section elementor-top-section elementor-element elementor-element-ef93d14 elementor-section-height-min-height elementor-section-content-middle elementor-section-boxed elementor-section-height-default elementor-section-items-middle\" data-id=\"ef93d14\" data-element_type=\"section\" data-e-type=\"section\" data-settings=\"{&quot;background_background&quot;:&quot;classic&quot;}\">\n\t\t\t\t\t\t\t<div class=\"elementor-background-overlay\"><\/div>\n\t\t\t\t\t\t\t<div class=\"elementor-container elementor-column-gap-no\">\n\t\t\t\t\t<div class=\"elementor-column elementor-col-100 elementor-top-column elementor-element elementor-element-dd60672\" data-id=\"dd60672\" data-element_type=\"column\" data-e-type=\"column\">\n\t\t\t<div class=\"elementor-widget-wrap elementor-element-populated\">\n\t\t\t\t\t\t<div class=\"elementor-element elementor-element-bc4ceb1 elementor-widget elementor-widget-heading\" data-id=\"bc4ceb1\" data-element_type=\"widget\" data-e-type=\"widget\" data-widget_type=\"heading.default\">\n\t\t\t\t<div class=\"elementor-widget-container\">\n\t\t\t\t\t<h2 class=\"elementor-heading-title elementor-size-default\">Engin Aky\u00fcrek Tecr\u00fcbesi\u00a9<\/h2>\t\t\t\t<\/div>\n\t\t\t\t<\/div>\n\t\t\t\t<div class=\"elementor-element elementor-element-f09a458 elementor-widget elementor-widget-image\" data-id=\"f09a458\" data-element_type=\"widget\" data-e-type=\"widget\" data-widget_type=\"image.default\">\n\t\t\t\t<div class=\"elementor-widget-container\">\n\t\t\t\t\t\t\t\t\t\t\t\t\t\t\t<img fetchpriority=\"high\" decoding=\"async\" width=\"1024\" height=\"211\" src=\"https:\/\/friendsofenginakyurek.org\/wp-content\/uploads\/2022\/10\/EA-Experience-Tagline-1024x211.png\" class=\"attachment-large size-large wp-image-5970\" alt=\"\" srcset=\"https:\/\/friendsofenginakyurek.org\/wp-content\/uploads\/2022\/10\/EA-Experience-Tagline-1024x211.png 1024w, https:\/\/friendsofenginakyurek.org\/wp-content\/uploads\/2022\/10\/EA-Experience-Tagline-600x123.png 600w, https:\/\/friendsofenginakyurek.org\/wp-content\/uploads\/2022\/10\/EA-Experience-Tagline-300x62.png 300w, https:\/\/friendsofenginakyurek.org\/wp-content\/uploads\/2022\/10\/EA-Experience-Tagline-768x158.png 768w, https:\/\/friendsofenginakyurek.org\/wp-content\/uploads\/2022\/10\/EA-Experience-Tagline-1536x316.png 1536w, https:\/\/friendsofenginakyurek.org\/wp-content\/uploads\/2022\/10\/EA-Experience-Tagline-2048x421.png 2048w, https:\/\/friendsofenginakyurek.org\/wp-content\/uploads\/2022\/10\/EA-Experience-Tagline-18x4.png 18w, https:\/\/friendsofenginakyurek.org\/wp-content\/uploads\/2022\/10\/EA-Experience-Tagline-200x41.png 200w, https:\/\/friendsofenginakyurek.org\/wp-content\/uploads\/2022\/10\/EA-Experience-Tagline-150x31.png 150w, https:\/\/friendsofenginakyurek.org\/wp-content\/uploads\/2022\/10\/EA-Experience-Tagline-547x113.png 547w, https:\/\/friendsofenginakyurek.org\/wp-content\/uploads\/2022\/10\/EA-Experience-Tagline-678x139.png 678w, https:\/\/friendsofenginakyurek.org\/wp-content\/uploads\/2022\/10\/EA-Experience-Tagline-524x108.png 524w, https:\/\/friendsofenginakyurek.org\/wp-content\/uploads\/2022\/10\/EA-Experience-Tagline-420x86.png 420w, https:\/\/friendsofenginakyurek.org\/wp-content\/uploads\/2022\/10\/EA-Experience-Tagline-444x91.png 444w, https:\/\/friendsofenginakyurek.org\/wp-content\/uploads\/2022\/10\/EA-Experience-Tagline-916x188.png 916w\" sizes=\"(max-width: 1024px) 100vw, 1024px\" \/>\t\t\t\t\t\t\t\t\t\t\t\t\t\t\t<\/div>\n\t\t\t\t<\/div>\n\t\t\t\t\t<\/div>\n\t\t<\/div>\n\t\t\t\t\t<\/div>\n\t\t<\/section>\n\t\t\t\t<section class=\"elementor-section elementor-top-section elementor-element elementor-element-7fe26bc elementor-section-boxed elementor-section-height-default elementor-section-height-default\" data-id=\"7fe26bc\" data-element_type=\"section\" data-e-type=\"section\">\n\t\t\t\t\t\t<div class=\"elementor-container elementor-column-gap-default\">\n\t\t\t\t\t<div class=\"elementor-column elementor-col-100 elementor-top-column elementor-element elementor-element-4912083\" data-id=\"4912083\" data-element_type=\"column\" data-e-type=\"column\">\n\t\t\t<div class=\"elementor-widget-wrap elementor-element-populated\">\n\t\t\t\t\t\t<div class=\"elementor-element elementor-element-38f20a1 elementor-widget elementor-widget-heading\" data-id=\"38f20a1\" data-element_type=\"widget\" data-e-type=\"widget\" data-widget_type=\"heading.default\">\n\t\t\t\t<div class=\"elementor-widget-container\">\n\t\t\t\t\t<h2 class=\"elementor-heading-title elementor-size-default\">Engin Aky\u00fcrek Tecr\u00fcbesi\u24b8\u2019ne Ho\u015f Geldiniz<\/h2>\t\t\t\t<\/div>\n\t\t\t\t<\/div>\n\t\t\t\t<div class=\"elementor-element elementor-element-6e776e3 elementor-widget-divider--view-line elementor-widget elementor-widget-divider\" data-id=\"6e776e3\" data-element_type=\"widget\" data-e-type=\"widget\" data-widget_type=\"divider.default\">\n\t\t\t\t<div class=\"elementor-widget-container\">\n\t\t\t\t\t\t\t<div class=\"elementor-divider\">\n\t\t\t<span class=\"elementor-divider-separator\">\n\t\t\t\t\t\t<\/span>\n\t\t<\/div>\n\t\t\t\t\t\t<\/div>\n\t\t\t\t<\/div>\n\t\t\t\t\t<\/div>\n\t\t<\/div>\n\t\t\t\t\t<\/div>\n\t\t<\/section>\n\t\t\t\t<section class=\"elementor-section elementor-top-section elementor-element elementor-element-7f81ee5 elementor-section-content-middle elementor-section-boxed elementor-section-height-default elementor-section-height-default\" data-id=\"7f81ee5\" data-element_type=\"section\" data-e-type=\"section\">\n\t\t\t\t\t\t\t<div class=\"elementor-background-overlay\"><\/div>\n\t\t\t\t\t\t\t<div class=\"elementor-container elementor-column-gap-no\">\n\t\t\t\t\t<div class=\"elementor-column elementor-col-100 elementor-top-column elementor-element elementor-element-0c9e0c3\" data-id=\"0c9e0c3\" data-element_type=\"column\" data-e-type=\"column\">\n\t\t\t<div class=\"elementor-widget-wrap elementor-element-populated\">\n\t\t\t\t\t\t<div class=\"elementor-element elementor-element-6613de2 elementor-widget elementor-widget-text-editor\" data-id=\"6613de2\" data-element_type=\"widget\" data-e-type=\"widget\" data-widget_type=\"text-editor.default\">\n\t\t\t\t<div class=\"elementor-widget-container\">\n\t\t\t\t\t\t\t\t\t<p>Bu, web sitemizin interaktif alan\u0131d\u0131r.<\/p><p>Bu b\u00f6l\u00fcm\u00fcn amac\u0131, ziyaret\u00e7ilerin d\u00fcnyayla ve Engin Aky\u00fcrek ile (Uygun ve m\u00fcsait bir zaman\u0131nda g\u00f6r\u00fcnt\u00fclemeye nazik\u00e7e davet edildi) payla\u015fabilecekleri bir forum sa\u011flaman\u0131n yan\u0131 s\u0131ra, \u00e7ok katmanl\u0131 \u00e7e\u015fitli medya i\u00e7erikleri sergilemektir.<\/p><p>Engin Aky\u00fcrek Tecr\u00fcbesi\u24b8 olarak hepimizin bildi\u011fi ve sevdi\u011fi \u015feyler kapsam\u0131nda Engin dostlar\u0131n\u0131 bizimle payla\u015fmaya davet edece\u011fimiz alanlar \u00fc\u00e7e\u00a0ayr\u0131lmaktad\u0131r:<\/p><p>1. Onunla en \u00e7ok neyi payla\u015fmak isterdiniz<br \/>2. Ondan nas\u0131l ilham ald\u0131n\u0131z<br \/>3. Hayat\u0131n\u0131z ondan nas\u0131l etkilendi<\/p><p>Web sitemizin bu b\u00f6l\u00fcm\u00fc, kendili\u011finden dinamik olacak, d\u00fczenli olarak de\u011fi\u015fecek ve insanlara payla\u015f\u0131mlar\u0131n\u0131 \u201cbas\u0131l\u0131\u201d olarak g\u00f6rme f\u0131rsat\u0131n\u0131 sunacakt\u0131r.<\/p><p>Daha fazla a\u00e7\u0131klama i\u00e7in a\u015fa\u011f\u0131y\u0131 okuyun..<\/p>\t\t\t\t\t\t\t\t<\/div>\n\t\t\t\t<\/div>\n\t\t\t\t\t<\/div>\n\t\t<\/div>\n\t\t\t\t\t<\/div>\n\t\t<\/section>\n\t\t\t\t<section class=\"elementor-section elementor-top-section elementor-element elementor-element-6717df9 elementor-section-boxed elementor-section-height-default elementor-section-height-default\" data-id=\"6717df9\" data-element_type=\"section\" data-e-type=\"section\">\n\t\t\t\t\t\t<div class=\"elementor-container elementor-column-gap-default\">\n\t\t\t\t\t<div class=\"elementor-column elementor-col-100 elementor-top-column elementor-element elementor-element-0c894be\" data-id=\"0c894be\" data-element_type=\"column\" data-e-type=\"column\">\n\t\t\t<div class=\"elementor-widget-wrap elementor-element-populated\">\n\t\t\t\t\t\t<div class=\"elementor-element elementor-element-b263c42 elementor-widget elementor-widget-heading\" data-id=\"b263c42\" data-element_type=\"widget\" data-e-type=\"widget\" data-widget_type=\"heading.default\">\n\t\t\t\t<div class=\"elementor-widget-container\">\n\t\t\t\t\t<h2 class=\"elementor-heading-title elementor-size-default\">Engin Aky\u00fcrek Tecr\u00fcbesi\u00a9\u2019ne anl\u0131k bak\u0131\u015f<\/h2>\t\t\t\t<\/div>\n\t\t\t\t<\/div>\n\t\t\t\t\t<\/div>\n\t\t<\/div>\n\t\t\t\t\t<\/div>\n\t\t<\/section>\n\t\t\t\t<section class=\"elementor-section elementor-top-section elementor-element elementor-element-8d3e6af elementor-section-boxed elementor-section-height-default elementor-section-height-default\" data-id=\"8d3e6af\" data-element_type=\"section\" data-e-type=\"section\">\n\t\t\t\t\t\t<div class=\"elementor-container elementor-column-gap-default\">\n\t\t\t\t\t<div class=\"elementor-column elementor-col-100 elementor-top-column elementor-element elementor-element-e0bc3e1\" data-id=\"e0bc3e1\" data-element_type=\"column\" data-e-type=\"column\">\n\t\t\t<div class=\"elementor-widget-wrap\">\n\t\t\t\t\t\t\t<\/div>\n\t\t<\/div>\n\t\t\t\t\t<\/div>\n\t\t<\/section>\n\t\t\t\t<section class=\"elementor-section elementor-top-section elementor-element elementor-element-7f03d8a0 elementor-section-content-middle elementor-section-boxed elementor-section-height-default elementor-section-height-default\" data-id=\"7f03d8a0\" data-element_type=\"section\" data-e-type=\"section\">\n\t\t\t\t\t\t<div class=\"elementor-container elementor-column-gap-no\">\n\t\t\t\t\t<div class=\"elementor-column elementor-col-50 elementor-top-column elementor-element elementor-element-74413ac0\" data-id=\"74413ac0\" data-element_type=\"column\" data-e-type=\"column\">\n\t\t\t<div class=\"elementor-widget-wrap elementor-element-populated\">\n\t\t\t\t\t\t<div class=\"elementor-element elementor-element-a10a199 elementor-widget elementor-widget-image\" data-id=\"a10a199\" data-element_type=\"widget\" data-e-type=\"widget\" data-widget_type=\"image.default\">\n\t\t\t\t<div class=\"elementor-widget-container\">\n\t\t\t\t\t\t\t\t\t\t\t\t\t\t\t\t<a href=\"https:\/\/friendsofenginakyurek.org\/tr\/voice-of-engin\/\">\n\t\t\t\t\t\t\t<img decoding=\"async\" width=\"300\" height=\"300\" src=\"https:\/\/friendsofenginakyurek.org\/wp-content\/uploads\/2022\/10\/Share-with-image-300x300.png\" class=\"attachment-medium size-medium wp-image-6230\" alt=\"\" srcset=\"https:\/\/friendsofenginakyurek.org\/wp-content\/uploads\/2022\/10\/Share-with-image-300x300.png 300w, https:\/\/friendsofenginakyurek.org\/wp-content\/uploads\/2022\/10\/Share-with-image-100x100.png 100w, https:\/\/friendsofenginakyurek.org\/wp-content\/uploads\/2022\/10\/Share-with-image-600x600.png 600w, https:\/\/friendsofenginakyurek.org\/wp-content\/uploads\/2022\/10\/Share-with-image-1024x1024.png 1024w, https:\/\/friendsofenginakyurek.org\/wp-content\/uploads\/2022\/10\/Share-with-image-150x150.png 150w, https:\/\/friendsofenginakyurek.org\/wp-content\/uploads\/2022\/10\/Share-with-image-768x768.png 768w, https:\/\/friendsofenginakyurek.org\/wp-content\/uploads\/2022\/10\/Share-with-image-12x12.png 12w, https:\/\/friendsofenginakyurek.org\/wp-content\/uploads\/2022\/10\/Share-with-image-200x200.png 200w, https:\/\/friendsofenginakyurek.org\/wp-content\/uploads\/2022\/10\/Share-with-image-547x547.png 547w, https:\/\/friendsofenginakyurek.org\/wp-content\/uploads\/2022\/10\/Share-with-image-678x678.png 678w, https:\/\/friendsofenginakyurek.org\/wp-content\/uploads\/2022\/10\/Share-with-image-524x524.png 524w, https:\/\/friendsofenginakyurek.org\/wp-content\/uploads\/2022\/10\/Share-with-image-420x420.png 420w, https:\/\/friendsofenginakyurek.org\/wp-content\/uploads\/2022\/10\/Share-with-image-444x444.png 444w, https:\/\/friendsofenginakyurek.org\/wp-content\/uploads\/2022\/10\/Share-with-image-916x916.png 916w, https:\/\/friendsofenginakyurek.org\/wp-content\/uploads\/2022\/10\/Share-with-image.png 1080w\" sizes=\"(max-width: 300px) 100vw, 300px\" \/>\t\t\t\t\t\t\t\t<\/a>\n\t\t\t\t\t\t\t\t\t\t\t\t\t\t\t<\/div>\n\t\t\t\t<\/div>\n\t\t\t\t\t<\/div>\n\t\t<\/div>\n\t\t\t\t<div class=\"elementor-column elementor-col-50 elementor-top-column elementor-element elementor-element-0ce01b0\" data-id=\"0ce01b0\" data-element_type=\"column\" data-e-type=\"column\">\n\t\t\t<div class=\"elementor-widget-wrap elementor-element-populated\">\n\t\t\t\t\t\t<div class=\"elementor-element elementor-element-e4b69a2 elementor-widget elementor-widget-text-editor\" data-id=\"e4b69a2\" data-element_type=\"widget\" data-e-type=\"widget\" data-widget_type=\"text-editor.default\">\n\t\t\t\t<div class=\"elementor-widget-container\">\n\t\t\t\t\t\t\t\t\t<strong>Engin&#039;le payla\u015f:<\/strong><br>\nBir arkada\u015f\u0131n\u0131zla bir kahve (\u00e7ay?) randevusu d\u00fc\u015f\u00fcn\u00fcn. Oraya arkada\u015f\u0131n\u0131z\u0131n duymas\u0131n\u0131 istedi\u011finiz ve hatta muhtemelen al\u0131p okumak isteyece\u011fini d\u00fc\u015f\u00fcnd\u00fc\u011f\u00fcn\u00fcz favori kitab\u0131n\u0131zla var\u0131yorsunuz. Ayn\u0131 \u015fekilde \u00f6\u011flen kahvesi\/\u00e7ay\u0131 i\u00e7in kavalyeniz Engin olsayd\u0131 onunla ne payla\u015fmak isterdiniz?\t\t\t\t\t\t\t\t<\/div>\n\t\t\t\t<\/div>\n\t\t\t\t\t<\/div>\n\t\t<\/div>\n\t\t\t\t\t<\/div>\n\t\t<\/section>\n\t\t\t\t<section class=\"elementor-section elementor-top-section elementor-element elementor-element-734fffb elementor-section-content-middle elementor-section-boxed elementor-section-height-default elementor-section-height-default\" data-id=\"734fffb\" data-element_type=\"section\" data-e-type=\"section\">\n\t\t\t\t\t\t<div class=\"elementor-container elementor-column-gap-no\">\n\t\t\t\t\t<div class=\"elementor-column elementor-col-50 elementor-top-column elementor-element elementor-element-84f8d1d\" data-id=\"84f8d1d\" data-element_type=\"column\" data-e-type=\"column\">\n\t\t\t<div class=\"elementor-widget-wrap elementor-element-populated\">\n\t\t\t\t\t\t<div class=\"elementor-element elementor-element-88dd24f elementor-widget elementor-widget-image\" data-id=\"88dd24f\" data-element_type=\"widget\" data-e-type=\"widget\" data-widget_type=\"image.default\">\n\t\t\t\t<div class=\"elementor-widget-container\">\n\t\t\t\t\t\t\t\t\t\t\t\t\t\t\t\t<a href=\"https:\/\/friendsofenginakyurek.org\/tr\/voice-of-engin\/\">\n\t\t\t\t\t\t\t<img decoding=\"async\" width=\"300\" height=\"300\" src=\"https:\/\/friendsofenginakyurek.org\/wp-content\/uploads\/2022\/10\/Inspired-by-image-300x300.png\" class=\"attachment-medium size-medium wp-image-6269\" alt=\"\" srcset=\"https:\/\/friendsofenginakyurek.org\/wp-content\/uploads\/2022\/10\/Inspired-by-image-300x300.png 300w, https:\/\/friendsofenginakyurek.org\/wp-content\/uploads\/2022\/10\/Inspired-by-image-100x100.png 100w, https:\/\/friendsofenginakyurek.org\/wp-content\/uploads\/2022\/10\/Inspired-by-image-600x600.png 600w, https:\/\/friendsofenginakyurek.org\/wp-content\/uploads\/2022\/10\/Inspired-by-image-1024x1024.png 1024w, https:\/\/friendsofenginakyurek.org\/wp-content\/uploads\/2022\/10\/Inspired-by-image-150x150.png 150w, https:\/\/friendsofenginakyurek.org\/wp-content\/uploads\/2022\/10\/Inspired-by-image-768x768.png 768w, https:\/\/friendsofenginakyurek.org\/wp-content\/uploads\/2022\/10\/Inspired-by-image-12x12.png 12w, https:\/\/friendsofenginakyurek.org\/wp-content\/uploads\/2022\/10\/Inspired-by-image-200x200.png 200w, https:\/\/friendsofenginakyurek.org\/wp-content\/uploads\/2022\/10\/Inspired-by-image-547x547.png 547w, https:\/\/friendsofenginakyurek.org\/wp-content\/uploads\/2022\/10\/Inspired-by-image-678x678.png 678w, https:\/\/friendsofenginakyurek.org\/wp-content\/uploads\/2022\/10\/Inspired-by-image-524x524.png 524w, https:\/\/friendsofenginakyurek.org\/wp-content\/uploads\/2022\/10\/Inspired-by-image-420x420.png 420w, https:\/\/friendsofenginakyurek.org\/wp-content\/uploads\/2022\/10\/Inspired-by-image-444x444.png 444w, https:\/\/friendsofenginakyurek.org\/wp-content\/uploads\/2022\/10\/Inspired-by-image-916x916.png 916w, https:\/\/friendsofenginakyurek.org\/wp-content\/uploads\/2022\/10\/Inspired-by-image.png 1080w\" sizes=\"(max-width: 300px) 100vw, 300px\" \/>\t\t\t\t\t\t\t\t<\/a>\n\t\t\t\t\t\t\t\t\t\t\t\t\t\t\t<\/div>\n\t\t\t\t<\/div>\n\t\t\t\t\t<\/div>\n\t\t<\/div>\n\t\t\t\t<div class=\"elementor-column elementor-col-50 elementor-top-column elementor-element elementor-element-58f0f8a\" data-id=\"58f0f8a\" data-element_type=\"column\" data-e-type=\"column\">\n\t\t\t<div class=\"elementor-widget-wrap elementor-element-populated\">\n\t\t\t\t\t\t<div class=\"elementor-element elementor-element-3cc93d1 elementor-widget elementor-widget-text-editor\" data-id=\"3cc93d1\" data-element_type=\"widget\" data-e-type=\"widget\" data-widget_type=\"text-editor.default\">\n\t\t\t\t<div class=\"elementor-widget-container\">\n\t\t\t\t\t\t\t\t\t<p><strong>Engin'den ilham al\u0131n:<\/strong><br \/>\u00c7OK, bir\u00e7ok insan onun salt varl\u0131\u011f\u0131ndan ilham al\u0131yor. Onun sakinli\u011fi. Onun akl\u0131 ba\u015f\u0131ndal\u0131\u011f\u0131. Onun yolu. Onun se\u00e7imleri. Onun sessiz hay\u0131rsever ya\u015fam tarz\u0131. Belki de fark\u0131nda bile olmadan, aktif ve pasif olarak y\u00fcz binlerce hayat\u0131 s\u00fcrekli olarak de\u011fi\u015ftiriyor. Engin'den nas\u0131l ilham al\u0131yorsunuz? Buras\u0131 hikayelerimizi dile getirebilece\u011fimiz bir yer.<\/p>\t\t\t\t\t\t\t\t<\/div>\n\t\t\t\t<\/div>\n\t\t\t\t\t<\/div>\n\t\t<\/div>\n\t\t\t\t\t<\/div>\n\t\t<\/section>\n\t\t\t\t<section class=\"elementor-section elementor-top-section elementor-element elementor-element-2fe81e0 elementor-section-content-middle elementor-section-boxed elementor-section-height-default elementor-section-height-default\" data-id=\"2fe81e0\" data-element_type=\"section\" data-e-type=\"section\">\n\t\t\t\t\t\t<div class=\"elementor-container elementor-column-gap-no\">\n\t\t\t\t\t<div class=\"elementor-column elementor-col-50 elementor-top-column elementor-element elementor-element-93cbdd5\" data-id=\"93cbdd5\" data-element_type=\"column\" data-e-type=\"column\">\n\t\t\t<div class=\"elementor-widget-wrap elementor-element-populated\">\n\t\t\t\t\t\t<div class=\"elementor-element elementor-element-556315d elementor-widget elementor-widget-image\" data-id=\"556315d\" data-element_type=\"widget\" data-e-type=\"widget\" data-widget_type=\"image.default\">\n\t\t\t\t<div class=\"elementor-widget-container\">\n\t\t\t\t\t\t\t\t\t\t\t\t\t\t\t\t<a href=\"https:\/\/friendsofenginakyurek.org\/tr\/voice-of-engin\/\">\n\t\t\t\t\t\t\t<img loading=\"lazy\" decoding=\"async\" width=\"300\" height=\"300\" src=\"https:\/\/friendsofenginakyurek.org\/wp-content\/uploads\/2022\/10\/Impacted-by-image-300x300.png\" class=\"attachment-medium size-medium wp-image-6270\" alt=\"\" srcset=\"https:\/\/friendsofenginakyurek.org\/wp-content\/uploads\/2022\/10\/Impacted-by-image-300x300.png 300w, https:\/\/friendsofenginakyurek.org\/wp-content\/uploads\/2022\/10\/Impacted-by-image-100x100.png 100w, https:\/\/friendsofenginakyurek.org\/wp-content\/uploads\/2022\/10\/Impacted-by-image-600x600.png 600w, https:\/\/friendsofenginakyurek.org\/wp-content\/uploads\/2022\/10\/Impacted-by-image-1024x1024.png 1024w, https:\/\/friendsofenginakyurek.org\/wp-content\/uploads\/2022\/10\/Impacted-by-image-150x150.png 150w, https:\/\/friendsofenginakyurek.org\/wp-content\/uploads\/2022\/10\/Impacted-by-image-768x768.png 768w, https:\/\/friendsofenginakyurek.org\/wp-content\/uploads\/2022\/10\/Impacted-by-image-12x12.png 12w, https:\/\/friendsofenginakyurek.org\/wp-content\/uploads\/2022\/10\/Impacted-by-image-200x200.png 200w, https:\/\/friendsofenginakyurek.org\/wp-content\/uploads\/2022\/10\/Impacted-by-image-547x547.png 547w, https:\/\/friendsofenginakyurek.org\/wp-content\/uploads\/2022\/10\/Impacted-by-image-678x678.png 678w, https:\/\/friendsofenginakyurek.org\/wp-content\/uploads\/2022\/10\/Impacted-by-image-524x524.png 524w, https:\/\/friendsofenginakyurek.org\/wp-content\/uploads\/2022\/10\/Impacted-by-image-420x420.png 420w, https:\/\/friendsofenginakyurek.org\/wp-content\/uploads\/2022\/10\/Impacted-by-image-444x444.png 444w, https:\/\/friendsofenginakyurek.org\/wp-content\/uploads\/2022\/10\/Impacted-by-image-916x916.png 916w, https:\/\/friendsofenginakyurek.org\/wp-content\/uploads\/2022\/10\/Impacted-by-image.png 1080w\" sizes=\"(max-width: 300px) 100vw, 300px\" \/>\t\t\t\t\t\t\t\t<\/a>\n\t\t\t\t\t\t\t\t\t\t\t\t\t\t\t<\/div>\n\t\t\t\t<\/div>\n\t\t\t\t<div class=\"elementor-element elementor-element-8714a9a elementor-widget elementor-widget-text-editor\" data-id=\"8714a9a\" data-element_type=\"widget\" data-e-type=\"widget\" data-widget_type=\"text-editor.default\">\n\t\t\t\t<div class=\"elementor-widget-container\">\n\t\t\t\t\t\t\t\t\t<p>Engin'in Dostlar\u0131n\u0131n Sesi\u00a9 i\u00e7in resimlere t\u0131klay\u0131n<\/p>\t\t\t\t\t\t\t\t<\/div>\n\t\t\t\t<\/div>\n\t\t\t\t\t<\/div>\n\t\t<\/div>\n\t\t\t\t<div class=\"elementor-column elementor-col-50 elementor-top-column elementor-element elementor-element-ceddd61\" data-id=\"ceddd61\" data-element_type=\"column\" data-e-type=\"column\">\n\t\t\t<div class=\"elementor-widget-wrap elementor-element-populated\">\n\t\t\t\t\t\t<div class=\"elementor-element elementor-element-afab65d elementor-widget elementor-widget-text-editor\" data-id=\"afab65d\" data-element_type=\"widget\" data-e-type=\"widget\" data-widget_type=\"text-editor.default\">\n\t\t\t\t<div class=\"elementor-widget-container\">\n\t\t\t\t\t\t\t\t\t<p><strong>Engin&#039;den Etkilenenler:<\/strong><br \/>Kendisi say\u0131s\u0131z insana daha iyisini yapmalar\u0131, daha iyi ya\u015famalar\u0131, daha iyi olmalar\u0131 i\u00e7in ilham verdi\u011fi gibi, temas etti\u011fi hemen hemen her insan \u00fczerinde bir etki yaratt\u0131. Ve dahas\u0131, onun bir\u00e7ok insan\u0131n hayat\u0131nda sebep olan bu muazzam \u00f6l\u00e7\u00fcdeki olumlu de\u011fi\u015fimi kabul ediyoruz.<\/p><p>Hayat\u0131n\u0131z Engin&#039;den nas\u0131l etkilendi? Bu alan, d\u00fcnyaya (ve ona) bundan bahsetmemizi sa\u011flar.<\/p>\t\t\t\t\t\t\t\t<\/div>\n\t\t\t\t<\/div>\n\t\t\t\t\t<\/div>\n\t\t<\/div>\n\t\t\t\t\t<\/div>\n\t\t<\/section>\n\t\t\t\t<section class=\"elementor-section elementor-top-section elementor-element elementor-element-63be073 elementor-section-content-middle elementor-section-boxed elementor-section-height-default elementor-section-height-default\" data-id=\"63be073\" data-element_type=\"section\" data-e-type=\"section\">\n\t\t\t\t\t\t<div class=\"elementor-container elementor-column-gap-no\">\n\t\t\t\t\t<div class=\"elementor-column elementor-col-100 elementor-top-column elementor-element elementor-element-1a6f873\" data-id=\"1a6f873\" data-element_type=\"column\" data-e-type=\"column\">\n\t\t\t<div class=\"elementor-widget-wrap elementor-element-populated\">\n\t\t\t\t\t\t<div class=\"elementor-element elementor-element-920b4c3 elementor-widget elementor-widget-text-editor\" data-id=\"920b4c3\" data-element_type=\"widget\" data-e-type=\"widget\" data-widget_type=\"text-editor.default\">\n\t\t\t\t<div class=\"elementor-widget-container\">\n\t\t\t\t\t\t\t\t\t<p><strong><u>Engin Aky\u00fcrek Tecr\u00fcbesi\u00a9\u2019ne Katk\u0131 Sa\u011flamakla m\u0131 \u0130lgileniyorsunuz?<\/u><u><i><\/i><\/u><u>?<\/u><\/strong><br \/>Fikrinizi (350 kelime s\u0131n\u0131r\u0131yla) ve hangi b\u00f6l\u00fcm i\u00e7in oldu\u011funu Engin Aky\u00fcrek Tecr\u00fcbesi alan\u0131na \u015fu adresten g\u00f6nderebilirsiniz; <span style=\"text-decoration: underline;\"><a href=\"mailto:admin@friendsofengin.org\">admin@friendsofengin.org<\/a>.<\/span><br \/>E\u011fer onaylan\u0131rsa, medyan\u0131n g\u00f6nderilmesiyle ilgili daha fazla talimat verilecektir.<\/p>\t\t\t\t\t\t\t\t<\/div>\n\t\t\t\t<\/div>\n\t\t\t\t\t<\/div>\n\t\t<\/div>\n\t\t\t\t\t<\/div>\n\t\t<\/section>\n\t\t\t\t<\/div>","protected":false},"excerpt":{"rendered":"<p>Engin Aky\u00fcrek Deneyimi\u00a9 Engin Aky\u00fcrek Deneyimi\u00a9&#039;ne ho\u015f geldiniz Bu web sitemizin etkile\u015fimli alan\u0131d\u0131r. Amac\u0131, ziyaret\u00e7ilerin d\u00fcnyayla ve Engin Aky\u00fcrek&#039;le (gizlice kendi rahat ve uygun g\u00f6rd\u00fc\u011f\u00fcnde izlemeye davet edilir) payla\u015f\u0131mda bulunabilece\u011fi bir forum sa\u011flaman\u0131n yan\u0131 s\u0131ra, \u00e7e\u015fitli medya bi\u00e7imleri \u00e7ok y\u00f6nl\u00fcd\u00fcr. \u2026 <a href=\"https:\/\/friendsofenginakyurek.org\/tr\/engin-akyurek-experience\/\" class=\"more-link\">okumaya devam et <span class=\"screen-reader-text\">Engin Aky\u00fcrek Deneyimi<\/span><\/a><\/p>","protected":false},"author":1,"featured_media":9778,"parent":0,"menu_order":0,"comment_status":"closed","ping_status":"closed","template":"elementor_header_footer","meta":{"footnotes":""},"class_list":["post-5096","page","type-page","status-publish","has-post-thumbnail","hentry"],"jetpack_sharing_enabled":true,"_links":{"self":[{"href":"https:\/\/friendsofenginakyurek.org\/tr\/wp-json\/wp\/v2\/pages\/5096","targetHints":{"allow":["GET"]}}],"collection":[{"href":"https:\/\/friendsofenginakyurek.org\/tr\/wp-json\/wp\/v2\/pages"}],"about":[{"href":"https:\/\/friendsofenginakyurek.org\/tr\/wp-json\/wp\/v2\/types\/page"}],"author":[{"embeddable":true,"href":"https:\/\/friendsofenginakyurek.org\/tr\/wp-json\/wp\/v2\/users\/1"}],"replies":[{"embeddable":true,"href":"https:\/\/friendsofenginakyurek.org\/tr\/wp-json\/wp\/v2\/comments?post=5096"}],"version-history":[{"count":356,"href":"https:\/\/friendsofenginakyurek.org\/tr\/wp-json\/wp\/v2\/pages\/5096\/revisions"}],"predecessor-version":[{"id":11410,"href":"https:\/\/friendsofenginakyurek.org\/tr\/wp-json\/wp\/v2\/pages\/5096\/revisions\/11410"}],"wp:featuredmedia":[{"embeddable":true,"href":"https:\/\/friendsofenginakyurek.org\/tr\/wp-json\/wp\/v2\/media\/9778"}],"wp:attachment":[{"href":"https:\/\/friendsofenginakyurek.org\/tr\/wp-json\/wp\/v2\/media?parent=5096"}],"curies":[{"name":"wp","href":"https:\/\/api.w.org\/{rel}","templated":true}]}}