{"id":5103,"date":"2022-09-29T19:53:17","date_gmt":"2022-09-29T19:53:17","guid":{"rendered":"https:\/\/friendsofenginakyurek.org\/themencode-pdf-viewer\/"},"modified":"2022-09-29T19:53:17","modified_gmt":"2022-09-29T19:53:17","slug":"themencode-pdf-viewer","status":"publish","type":"page","link":"https:\/\/friendsofenginakyurek.org\/tr\/themencode-pdf-viewer\/","title":{"rendered":"ThemeNcode PDF G\u00f6r\u00fcnt\u00fcleyici [Silmeyin]"},"content":{"rendered":"<p>Bu sayfa PDF g\u00f6r\u00fcnt\u00fclemek i\u00e7in kullan\u0131l\u0131r.<\/p>","protected":false},"excerpt":{"rendered":"<p>Bu sayfa PDF g\u00f6r\u00fcnt\u00fclemek i\u00e7in kullan\u0131l\u0131r.<\/p>","protected":false},"author":1,"featured_media":4684,"parent":0,"menu_order":0,"comment_status":"closed","ping_status":"closed","template":"tnc-pdf-viewer.php","meta":{"footnotes":""},"class_list":["post-5103","page","type-page","status-publish","has-post-thumbnail","hentry"],"jetpack_sharing_enabled":true,"_links":{"self":[{"href":"https:\/\/friendsofenginakyurek.org\/tr\/wp-json\/wp\/v2\/pages\/5103","targetHints":{"allow":["GET"]}}],"collection":[{"href":"https:\/\/friendsofenginakyurek.org\/tr\/wp-json\/wp\/v2\/pages"}],"about":[{"href":"https:\/\/friendsofenginakyurek.org\/tr\/wp-json\/wp\/v2\/types\/page"}],"author":[{"embeddable":true,"href":"https:\/\/friendsofenginakyurek.org\/tr\/wp-json\/wp\/v2\/users\/1"}],"replies":[{"embeddable":true,"href":"https:\/\/friendsofenginakyurek.org\/tr\/wp-json\/wp\/v2\/comments?post=5103"}],"version-history":[{"count":0,"href":"https:\/\/friendsofenginakyurek.org\/tr\/wp-json\/wp\/v2\/pages\/5103\/revisions"}],"wp:featuredmedia":[{"embeddable":true,"href":"https:\/\/friendsofenginakyurek.org\/tr\/wp-json\/wp\/v2\/media\/4684"}],"wp:attachment":[{"href":"https:\/\/friendsofenginakyurek.org\/tr\/wp-json\/wp\/v2\/media?parent=5103"}],"curies":[{"name":"wp","href":"https:\/\/api.w.org\/{rel}","templated":true}]}}