{"id":5522,"date":"2022-10-03T23:42:31","date_gmt":"2022-10-03T23:42:31","guid":{"rendered":"https:\/\/friendsofenginakyurek.org\/?page_id=5522"},"modified":"2023-03-11T23:02:38","modified_gmt":"2023-03-11T23:02:38","slug":"frequently-asked-questions","status":"publish","type":"page","link":"https:\/\/friendsofenginakyurek.org\/tr\/frequently-asked-questions\/","title":{"rendered":"S\u0131k\u00e7a Sorulan Sorular"},"content":{"rendered":"<div data-elementor-type=\"wp-page\" data-elementor-id=\"5522\" class=\"elementor elementor-5522\" data-elementor-post-type=\"page\">\n\t\t\t\t\t\t<section class=\"elementor-section elementor-top-section elementor-element elementor-element-fe97790 elementor-section-height-min-height elementor-section-content-middle elementor-section-boxed elementor-section-height-default elementor-section-items-middle\" data-id=\"fe97790\" data-element_type=\"section\" data-e-type=\"section\" data-settings=\"{&quot;background_background&quot;:&quot;classic&quot;}\">\n\t\t\t\t\t\t\t<div class=\"elementor-background-overlay\"><\/div>\n\t\t\t\t\t\t\t<div class=\"elementor-container elementor-column-gap-no\">\n\t\t\t\t\t<div class=\"elementor-column elementor-col-100 elementor-top-column elementor-element elementor-element-237bd96\" data-id=\"237bd96\" data-element_type=\"column\" data-e-type=\"column\">\n\t\t\t<div class=\"elementor-widget-wrap elementor-element-populated\">\n\t\t\t\t\t\t<div class=\"elementor-element elementor-element-539a491 elementor-widget elementor-widget-heading\" data-id=\"539a491\" data-element_type=\"widget\" data-e-type=\"widget\" data-widget_type=\"heading.default\">\n\t\t\t\t<div class=\"elementor-widget-container\">\n\t\t\t\t\t<h2 class=\"elementor-heading-title elementor-size-default\">S\u0131k\u00e7a Sorulan Sorular<\/h2>\t\t\t\t<\/div>\n\t\t\t\t<\/div>\n\t\t\t\t<div class=\"elementor-element elementor-element-c2afd82 elementor-widget elementor-widget-image\" data-id=\"c2afd82\" data-element_type=\"widget\" data-e-type=\"widget\" data-widget_type=\"image.default\">\n\t\t\t\t<div class=\"elementor-widget-container\">\n\t\t\t\t\t\t\t\t\t\t\t\t\t\t\t<img fetchpriority=\"high\" decoding=\"async\" width=\"768\" height=\"158\" src=\"https:\/\/friendsofenginakyurek.org\/wp-content\/uploads\/2022\/10\/8888C6C6-7FD1-475B-959C-8198F5831A7F-1-768x158.png\" class=\"attachment-medium_large size-medium_large wp-image-5640\" alt=\"\" srcset=\"https:\/\/friendsofenginakyurek.org\/wp-content\/uploads\/2022\/10\/8888C6C6-7FD1-475B-959C-8198F5831A7F-1-768x158.png 768w, https:\/\/friendsofenginakyurek.org\/wp-content\/uploads\/2022\/10\/8888C6C6-7FD1-475B-959C-8198F5831A7F-1-600x123.png 600w, https:\/\/friendsofenginakyurek.org\/wp-content\/uploads\/2022\/10\/8888C6C6-7FD1-475B-959C-8198F5831A7F-1-300x62.png 300w, https:\/\/friendsofenginakyurek.org\/wp-content\/uploads\/2022\/10\/8888C6C6-7FD1-475B-959C-8198F5831A7F-1-1024x211.png 1024w, https:\/\/friendsofenginakyurek.org\/wp-content\/uploads\/2022\/10\/8888C6C6-7FD1-475B-959C-8198F5831A7F-1-1536x316.png 1536w, https:\/\/friendsofenginakyurek.org\/wp-content\/uploads\/2022\/10\/8888C6C6-7FD1-475B-959C-8198F5831A7F-1-2048x421.png 2048w, https:\/\/friendsofenginakyurek.org\/wp-content\/uploads\/2022\/10\/8888C6C6-7FD1-475B-959C-8198F5831A7F-1-18x4.png 18w, https:\/\/friendsofenginakyurek.org\/wp-content\/uploads\/2022\/10\/8888C6C6-7FD1-475B-959C-8198F5831A7F-1-200x41.png 200w, https:\/\/friendsofenginakyurek.org\/wp-content\/uploads\/2022\/10\/8888C6C6-7FD1-475B-959C-8198F5831A7F-1-150x31.png 150w, https:\/\/friendsofenginakyurek.org\/wp-content\/uploads\/2022\/10\/8888C6C6-7FD1-475B-959C-8198F5831A7F-1-547x113.png 547w, https:\/\/friendsofenginakyurek.org\/wp-content\/uploads\/2022\/10\/8888C6C6-7FD1-475B-959C-8198F5831A7F-1-678x139.png 678w, https:\/\/friendsofenginakyurek.org\/wp-content\/uploads\/2022\/10\/8888C6C6-7FD1-475B-959C-8198F5831A7F-1-524x108.png 524w, https:\/\/friendsofenginakyurek.org\/wp-content\/uploads\/2022\/10\/8888C6C6-7FD1-475B-959C-8198F5831A7F-1-420x86.png 420w, https:\/\/friendsofenginakyurek.org\/wp-content\/uploads\/2022\/10\/8888C6C6-7FD1-475B-959C-8198F5831A7F-1-444x91.png 444w, https:\/\/friendsofenginakyurek.org\/wp-content\/uploads\/2022\/10\/8888C6C6-7FD1-475B-959C-8198F5831A7F-1-916x188.png 916w\" sizes=\"(max-width: 768px) 100vw, 768px\" \/>\t\t\t\t\t\t\t\t\t\t\t\t\t\t\t<\/div>\n\t\t\t\t<\/div>\n\t\t\t\t\t<\/div>\n\t\t<\/div>\n\t\t\t\t\t<\/div>\n\t\t<\/section>\n\t\t\t\t<section class=\"elementor-section elementor-top-section elementor-element elementor-element-3b620f59 elementor-section-content-middle elementor-section-boxed elementor-section-height-default elementor-section-height-default\" data-id=\"3b620f59\" data-element_type=\"section\" data-e-type=\"section\">\n\t\t\t\t\t\t<div class=\"elementor-container elementor-column-gap-no\">\n\t\t\t\t\t<div class=\"elementor-column elementor-col-100 elementor-top-column elementor-element elementor-element-54f0812e\" data-id=\"54f0812e\" data-element_type=\"column\" data-e-type=\"column\">\n\t\t\t<div class=\"elementor-widget-wrap elementor-element-populated\">\n\t\t\t\t\t\t<div class=\"elementor-element elementor-element-15ea22fe elementor-widget elementor-widget-heading\" data-id=\"15ea22fe\" data-element_type=\"widget\" data-e-type=\"widget\" data-widget_type=\"heading.default\">\n\t\t\t\t<div class=\"elementor-widget-container\">\n\t\t\t\t\t<h5 class=\"elementor-heading-title elementor-size-default\">S\u0131k\u00e7a Sorulan Sorular\u0131n yan\u0131tlar\u0131n\u0131 g\u00f6rmek i\u00e7in l\u00fctfen a\u015fa\u011f\u0131ya t\u0131klay\u0131n<\/h5>\t\t\t\t<\/div>\n\t\t\t\t<\/div>\n\t\t\t\t<div class=\"elementor-element elementor-element-dd43690 elementor-widget elementor-widget-toggle\" data-id=\"dd43690\" data-element_type=\"widget\" data-e-type=\"widget\" data-widget_type=\"toggle.default\">\n\t\t\t\t<div class=\"elementor-widget-container\">\n\t\t\t\t\t\t\t<div class=\"elementor-toggle\">\n\t\t\t\t\t\t\t<div class=\"elementor-toggle-item\">\n\t\t\t\t\t<div id=\"elementor-tab-title-2321\" class=\"elementor-tab-title\" data-tab=\"1\" role=\"button\" aria-controls=\"elementor-tab-content-2321\" aria-expanded=\"false\">\n\t\t\t\t\t\t\t\t\t\t\t\t<span class=\"elementor-toggle-icon elementor-toggle-icon-right\" aria-hidden=\"true\">\n\t\t\t\t\t\t\t\t\t\t\t\t\t\t\t<span class=\"elementor-toggle-icon-closed\"><i class=\"fas fa-caret-right\"><\/i><\/span>\n\t\t\t\t\t\t\t\t<span class=\"elementor-toggle-icon-opened\"><i class=\"elementor-toggle-icon-opened fas fa-caret-up\"><\/i><\/span>\n\t\t\t\t\t\t\t\t\t\t\t\t\t<\/span>\n\t\t\t\t\t\t\t\t\t\t\t\t<a class=\"elementor-toggle-title\" tabindex=\"0\">Bizi e\u015fsiz yapan nedir?<\/a>\n\t\t\t\t\t<\/div>\n\n\t\t\t\t\t<div id=\"elementor-tab-content-2321\" class=\"elementor-tab-content elementor-clearfix\" data-tab=\"1\" role=\"region\" aria-labelledby=\"elementor-tab-title-2321\"><p>Engin Aky\u00fcrek'in ya\u015fam tarz\u0131n\u0131n yol g\u00f6sterici ilkeleri \u00fczerine in\u015fa edilmi\u015f, yaln\u0131zca yard\u0131msever \u00e7al\u0131\u015fma amac\u0131na adanm\u0131\u015f, \u015feffaf, kar amac\u0131 g\u00fctmeyen yard\u0131m kurulu\u015flar\u0131ndan biriyiz.<\/p><\/div>\n\t\t\t\t<\/div>\n\t\t\t\t\t\t\t<div class=\"elementor-toggle-item\">\n\t\t\t\t\t<div id=\"elementor-tab-title-2322\" class=\"elementor-tab-title\" data-tab=\"2\" role=\"button\" aria-controls=\"elementor-tab-content-2322\" aria-expanded=\"false\">\n\t\t\t\t\t\t\t\t\t\t\t\t<span class=\"elementor-toggle-icon elementor-toggle-icon-right\" aria-hidden=\"true\">\n\t\t\t\t\t\t\t\t\t\t\t\t\t\t\t<span class=\"elementor-toggle-icon-closed\"><i class=\"fas fa-caret-right\"><\/i><\/span>\n\t\t\t\t\t\t\t\t<span class=\"elementor-toggle-icon-opened\"><i class=\"elementor-toggle-icon-opened fas fa-caret-up\"><\/i><\/span>\n\t\t\t\t\t\t\t\t\t\t\t\t\t<\/span>\n\t\t\t\t\t\t\t\t\t\t\t\t<a class=\"elementor-toggle-title\" tabindex=\"0\">Etkimiz nedir?<\/a>\n\t\t\t\t\t<\/div>\n\n\t\t\t\t\t<div id=\"elementor-tab-content-2322\" class=\"elementor-tab-content elementor-clearfix\" data-tab=\"2\" role=\"region\" aria-labelledby=\"elementor-tab-title-2322\"><p>\u015eimdiye kadar, Friends of Engin Aky\u00fcrek, 30'dan fazla \u00fclkede iki ayda bir k\u00fcresel sosyal medya eri\u015fimine sahip olup 400.000'den fazla hesaba ula\u015fan, ya\u015flar\u0131 14'ten 90'a kadar de\u011fi\u015fen, Engin Aky\u00fcrek'e hayranl\u0131k duyan insanlardan olu\u015fan bir arkada\u015f taban\u0131na sahiptir. Say\u0131s\u0131z yeni arkada\u015f\u0131m\u0131z\u0131 Say\u0131n Aky\u00fcrek'in \u00e7al\u0131\u015fmalar\u0131yla tan\u0131\u015ft\u0131rd\u0131k ve Kafas\u0131na G\u00f6re\u2019de ve di\u011fer medyada yay\u0131nlanan yaz\u0131lar\u0131n\u0131n \u00e7evirilerini oldu\u011fu gibi payla\u015ft\u0131k. Ek olarak, Engin Aky\u00fcrek takip\u00e7ilerine kar\u015f\u0131 b\u00fcy\u00fcyen tehdide y\u00f6nelik bir siber su\u00e7 fark\u0131ndal\u0131k kampanyas\u0131yla sosyal medya dostlar\u0131n\u0131n \u00e7evrimi\u00e7i deneyimini iyile\u015ftirme \u00e7abas\u0131na \u00f6nc\u00fcl\u00fck ettik.\u00a0<\/p><p>\u0130leride, Bay Aky\u00fcrek\u2019in belirledi\u011fi \n T\u00fcrkiye\u2019de yard\u0131m\u0131m\u0131za ihtiya\u00e7 duyan topluluklar\u0131 do\u011frudan etkilemeyi umuyoruz.<\/p><\/div>\n\t\t\t\t<\/div>\n\t\t\t\t\t\t\t<div class=\"elementor-toggle-item\">\n\t\t\t\t\t<div id=\"elementor-tab-title-2323\" class=\"elementor-tab-title\" data-tab=\"3\" role=\"button\" aria-controls=\"elementor-tab-content-2323\" aria-expanded=\"false\">\n\t\t\t\t\t\t\t\t\t\t\t\t<span class=\"elementor-toggle-icon elementor-toggle-icon-right\" aria-hidden=\"true\">\n\t\t\t\t\t\t\t\t\t\t\t\t\t\t\t<span class=\"elementor-toggle-icon-closed\"><i class=\"fas fa-caret-right\"><\/i><\/span>\n\t\t\t\t\t\t\t\t<span class=\"elementor-toggle-icon-opened\"><i class=\"elementor-toggle-icon-opened fas fa-caret-up\"><\/i><\/span>\n\t\t\t\t\t\t\t\t\t\t\t\t\t<\/span>\n\t\t\t\t\t\t\t\t\t\t\t\t<a class=\"elementor-toggle-title\" tabindex=\"0\">Ba\u011f\u0131\u015flar\u0131n\u0131z\u0131n y\u00fczde ka\u00e7\u0131 g\u00f6rev\/projelere gider?<\/a>\n\t\t\t\t\t<\/div>\n\n\t\t\t\t\t<div id=\"elementor-tab-content-2323\" class=\"elementor-tab-content elementor-clearfix\" data-tab=\"3\" role=\"region\" aria-labelledby=\"elementor-tab-title-2323\"><p>Hen\u00fcz yeni ba\u015flam\u0131\u015f olmam\u0131za (501c3 kurulu\u015fu: 2022 Mart sonu, Kararname: 2022 A\u011fustos ortas\u0131) ve baz\u0131 programlar\u0131m\u0131z\u0131 geli\u015ftirmeye devam etmemize ra\u011fmen, elde edilen katk\u0131n\u0131n 95-99%'luk oran\u0131n\u0131n Say\u0131n Aky\u00fcrek\u2019in \u015ferefine do\u011frudan birincil g\u00f6revimiz olan T\u00fcrkiye\u2019deki savunmas\u0131z \u00e7ocuklara ve ailelere yard\u0131m etme projemize gitmesini sa\u011fl\u0131yoruz. Varolu\u015fumuzun ilk birka\u00e7 ay\u0131n\u0131n ilk a\u015famalar\u0131nda, g\u00fcvenli program a\u011f\u0131m\u0131z\u0131 olu\u015fturmaya \u00e7al\u0131\u015f\u0131rken bu 4%'den biraz daha fazlas\u0131na ihtiyac\u0131m\u0131z olabilir.<\/p><\/div>\n\t\t\t\t<\/div>\n\t\t\t\t\t\t\t<div class=\"elementor-toggle-item\">\n\t\t\t\t\t<div id=\"elementor-tab-title-2324\" class=\"elementor-tab-title\" data-tab=\"4\" role=\"button\" aria-controls=\"elementor-tab-content-2324\" aria-expanded=\"false\">\n\t\t\t\t\t\t\t\t\t\t\t\t<span class=\"elementor-toggle-icon elementor-toggle-icon-right\" aria-hidden=\"true\">\n\t\t\t\t\t\t\t\t\t\t\t\t\t\t\t<span class=\"elementor-toggle-icon-closed\"><i class=\"fas fa-caret-right\"><\/i><\/span>\n\t\t\t\t\t\t\t\t<span class=\"elementor-toggle-icon-opened\"><i class=\"elementor-toggle-icon-opened fas fa-caret-up\"><\/i><\/span>\n\t\t\t\t\t\t\t\t\t\t\t\t\t<\/span>\n\t\t\t\t\t\t\t\t\t\t\t\t<a class=\"elementor-toggle-title\" tabindex=\"0\">Nedir bu 501c3 vergiden muaf kurulu\u015f?<\/a>\n\t\t\t\t\t<\/div>\n\n\t\t\t\t\t<div id=\"elementor-tab-content-2324\" class=\"elementor-tab-content elementor-clearfix\" data-tab=\"4\" role=\"region\" aria-labelledby=\"elementor-tab-title-2324\"><p>501(c)3, vergiden muaf kurulu\u015fumuz, yaln\u0131zca hay\u0131r ama\u00e7l\u0131 kurulmu\u015f, kar amac\u0131 g\u00fctmeyen bir kurulu\u015ftur olarak bilinmektedir..<\/p><\/div>\n\t\t\t\t<\/div>\n\t\t\t\t\t\t\t<div class=\"elementor-toggle-item\">\n\t\t\t\t\t<div id=\"elementor-tab-title-2325\" class=\"elementor-tab-title\" data-tab=\"5\" role=\"button\" aria-controls=\"elementor-tab-content-2325\" aria-expanded=\"false\">\n\t\t\t\t\t\t\t\t\t\t\t\t<span class=\"elementor-toggle-icon elementor-toggle-icon-right\" aria-hidden=\"true\">\n\t\t\t\t\t\t\t\t\t\t\t\t\t\t\t<span class=\"elementor-toggle-icon-closed\"><i class=\"fas fa-caret-right\"><\/i><\/span>\n\t\t\t\t\t\t\t\t<span class=\"elementor-toggle-icon-opened\"><i class=\"elementor-toggle-icon-opened fas fa-caret-up\"><\/i><\/span>\n\t\t\t\t\t\t\t\t\t\t\t\t\t<\/span>\n\t\t\t\t\t\t\t\t\t\t\t\t<a class=\"elementor-toggle-title\" tabindex=\"0\">Kar amac\u0131 g\u00fctmeyen kurulu\u015f, hay\u0131r kurumu ve 501c3 vergiden muaf kurulu\u015flar aras\u0131ndaki farklar nelerdir?<\/a>\n\t\t\t\t\t<\/div>\n\n\t\t\t\t\t<div id=\"elementor-tab-content-2325\" class=\"elementor-tab-content elementor-clearfix\" data-tab=\"5\" role=\"region\" aria-labelledby=\"elementor-tab-title-2325\">501(c)3 kurulu\u015fu, kendini toplumun genel refah\u0131na adam\u0131\u015f, vergiden muaf stat\u00fcs\u00fcne sahip, kar amac\u0131 g\u00fctmeyen bir kurulu\u015ftur. ABD h\u00fck\u00fcmeti vergi dairesi (Dahili Gelir Servisi) alt b\u00f6l\u00fcm\u00fc 501(c) taraf\u0131ndan belirtildi\u011fi \u00fczere, 501(c)3 stat\u00fcs\u00fcn\u00fc korumak i\u00e7in kat\u0131 bir dizi d\u00fczenlemeye uyulmaktad\u0131r. Kurulu\u015fa yap\u0131lan ba\u011f\u0131\u015flar baz\u0131 ba\u011f\u0131\u015f\u00e7\u0131lar i\u00e7in vergiden muaf olabilir.<\/div>\n\t\t\t\t<\/div>\n\t\t\t\t\t\t\t<div class=\"elementor-toggle-item\">\n\t\t\t\t\t<div id=\"elementor-tab-title-2326\" class=\"elementor-tab-title\" data-tab=\"6\" role=\"button\" aria-controls=\"elementor-tab-content-2326\" aria-expanded=\"false\">\n\t\t\t\t\t\t\t\t\t\t\t\t<span class=\"elementor-toggle-icon elementor-toggle-icon-right\" aria-hidden=\"true\">\n\t\t\t\t\t\t\t\t\t\t\t\t\t\t\t<span class=\"elementor-toggle-icon-closed\"><i class=\"fas fa-caret-right\"><\/i><\/span>\n\t\t\t\t\t\t\t\t<span class=\"elementor-toggle-icon-opened\"><i class=\"elementor-toggle-icon-opened fas fa-caret-up\"><\/i><\/span>\n\t\t\t\t\t\t\t\t\t\t\t\t\t<\/span>\n\t\t\t\t\t\t\t\t\t\t\t\t<a class=\"elementor-toggle-title\" tabindex=\"0\">Kurulu\u015fun faaliyet giderleri nas\u0131l kar\u015f\u0131lan\u0131yor?<\/a>\n\t\t\t\t\t<\/div>\n\n\t\t\t\t\t<div id=\"elementor-tab-content-2326\" class=\"elementor-tab-content elementor-clearfix\" data-tab=\"6\" role=\"region\" aria-labelledby=\"elementor-tab-title-2326\"><p>Harcamalar\u0131m\u0131z\u0131n \u00e7o\u011funlukla c\u00f6mert \u00f6zel ba\u011f\u0131\u015f\u00e7\u0131lar, Y\u00f6netim Kurulu \u00dcyelerimiz ve Dan\u0131\u015fman Kurul \u00dcyelerimiz taraf\u0131ndan kar\u015f\u0131lanmas\u0131 bekleniyor. \u0130lk kurulum a\u015famas\u0131nda, programlar\u0131m\u0131z\u0131n olu\u015fturulmas\u0131na yard\u0131mc\u0131 olmak i\u00e7in ba\u011f\u0131\u015f\u00e7\u0131lar\u0131n onaylar\u0131 ile kamu ba\u011f\u0131\u015flar\u0131ndan asgari d\u00fczeyde yararlanabiliriz. Neredeyse yok denecek kadar genel giderlere sahibiz.<\/p><\/div>\n\t\t\t\t<\/div>\n\t\t\t\t\t\t\t\t<\/div>\n\t\t\t\t\t\t<\/div>\n\t\t\t\t<\/div>\n\t\t\t\t\t<\/div>\n\t\t<\/div>\n\t\t\t\t\t<\/div>\n\t\t<\/section>\n\t\t\t\t<\/div>","protected":false},"excerpt":{"rendered":"<p>S\u0131k\u00e7a Sorulan Sorular S\u0131k\u00e7a Sorulan Sorular&#039;\u0131n yan\u0131tlar\u0131n\u0131 g\u00f6rmek i\u00e7in l\u00fctfen a\u015fa\u011f\u0131ya t\u0131klay\u0131n Bizi benzersiz k\u0131lan nedir? Biz, Engin Aky\u00fcrek&#039;in ya\u015fam tarz\u0131n\u0131n rehber ilkeleri \u00fczerine in\u015fa edilmi\u015f insani \u00e7al\u0131\u015fma amac\u0131na adanm\u0131\u015f, \u015feffaf, k\u00e2r amac\u0131 g\u00fctmeyen tek hay\u0131r kurulu\u015flar\u0131ndan biriyiz. Etkimiz nedir? \u015eimdiye kadar, Engin Aky\u00fcrek Dostlar\u0131 \u2026 <a href=\"https:\/\/friendsofenginakyurek.org\/tr\/frequently-asked-questions\/\" class=\"more-link\">okumaya devam et <span class=\"screen-reader-text\">S\u0131k\u00e7a Sorulan Sorular<\/span><\/a><\/p>","protected":false},"author":1,"featured_media":9778,"parent":0,"menu_order":0,"comment_status":"closed","ping_status":"closed","template":"elementor_header_footer","meta":{"footnotes":""},"class_list":["post-5522","page","type-page","status-publish","has-post-thumbnail","hentry"],"jetpack_sharing_enabled":true,"_links":{"self":[{"href":"https:\/\/friendsofenginakyurek.org\/tr\/wp-json\/wp\/v2\/pages\/5522","targetHints":{"allow":["GET"]}}],"collection":[{"href":"https:\/\/friendsofenginakyurek.org\/tr\/wp-json\/wp\/v2\/pages"}],"about":[{"href":"https:\/\/friendsofenginakyurek.org\/tr\/wp-json\/wp\/v2\/types\/page"}],"author":[{"embeddable":true,"href":"https:\/\/friendsofenginakyurek.org\/tr\/wp-json\/wp\/v2\/users\/1"}],"replies":[{"embeddable":true,"href":"https:\/\/friendsofenginakyurek.org\/tr\/wp-json\/wp\/v2\/comments?post=5522"}],"version-history":[{"count":65,"href":"https:\/\/friendsofenginakyurek.org\/tr\/wp-json\/wp\/v2\/pages\/5522\/revisions"}],"predecessor-version":[{"id":11397,"href":"https:\/\/friendsofenginakyurek.org\/tr\/wp-json\/wp\/v2\/pages\/5522\/revisions\/11397"}],"wp:featuredmedia":[{"embeddable":true,"href":"https:\/\/friendsofenginakyurek.org\/tr\/wp-json\/wp\/v2\/media\/9778"}],"wp:attachment":[{"href":"https:\/\/friendsofenginakyurek.org\/tr\/wp-json\/wp\/v2\/media?parent=5522"}],"curies":[{"name":"wp","href":"https:\/\/api.w.org\/{rel}","templated":true}]}}