{"id":5544,"date":"2022-10-04T00:19:10","date_gmt":"2022-10-04T00:19:10","guid":{"rendered":"https:\/\/friendsofenginakyurek.org\/?page_id=5544"},"modified":"2023-04-13T21:31:03","modified_gmt":"2023-04-13T21:31:03","slug":"why-support-us","status":"publish","type":"page","link":"https:\/\/friendsofenginakyurek.org\/tr\/why-support-us\/","title":{"rendered":"Neden Bizi Destekleyesiniz?"},"content":{"rendered":"<div data-elementor-type=\"wp-page\" data-elementor-id=\"5544\" class=\"elementor elementor-5544\" data-elementor-post-type=\"page\">\n\t\t\t\t\t\t<section class=\"elementor-section elementor-top-section elementor-element elementor-element-af19cd1 elementor-section-height-min-height elementor-section-content-middle elementor-section-boxed elementor-section-height-default elementor-section-items-middle\" data-id=\"af19cd1\" data-element_type=\"section\" data-e-type=\"section\" data-settings=\"{&quot;background_background&quot;:&quot;classic&quot;}\">\n\t\t\t\t\t\t\t<div class=\"elementor-background-overlay\"><\/div>\n\t\t\t\t\t\t\t<div class=\"elementor-container elementor-column-gap-no\">\n\t\t\t\t\t<div class=\"elementor-column elementor-col-100 elementor-top-column elementor-element elementor-element-c82ba9f\" data-id=\"c82ba9f\" data-element_type=\"column\" data-e-type=\"column\">\n\t\t\t<div class=\"elementor-widget-wrap elementor-element-populated\">\n\t\t\t\t\t\t<div class=\"elementor-element elementor-element-bd90f5b elementor-widget elementor-widget-heading\" data-id=\"bd90f5b\" data-element_type=\"widget\" data-e-type=\"widget\" data-widget_type=\"heading.default\">\n\t\t\t\t<div class=\"elementor-widget-container\">\n\t\t\t\t\t<h2 class=\"elementor-heading-title elementor-size-default\">Neden Bizi Desteklemelisiniz?<\/h2>\t\t\t\t<\/div>\n\t\t\t\t<\/div>\n\t\t\t\t<div class=\"elementor-element elementor-element-5f2cc8c elementor-widget elementor-widget-image\" data-id=\"5f2cc8c\" data-element_type=\"widget\" data-e-type=\"widget\" data-widget_type=\"image.default\">\n\t\t\t\t<div class=\"elementor-widget-container\">\n\t\t\t\t\t\t\t\t\t\t\t\t\t\t\t<img fetchpriority=\"high\" decoding=\"async\" width=\"768\" height=\"158\" src=\"https:\/\/friendsofenginakyurek.org\/wp-content\/uploads\/2022\/10\/New-Why-Support-Us_-Tagline-768x158.png\" class=\"attachment-medium_large size-medium_large wp-image-7357\" alt=\"\" srcset=\"https:\/\/friendsofenginakyurek.org\/wp-content\/uploads\/2022\/10\/New-Why-Support-Us_-Tagline-768x158.png 768w, https:\/\/friendsofenginakyurek.org\/wp-content\/uploads\/2022\/10\/New-Why-Support-Us_-Tagline-600x123.png 600w, https:\/\/friendsofenginakyurek.org\/wp-content\/uploads\/2022\/10\/New-Why-Support-Us_-Tagline-300x62.png 300w, https:\/\/friendsofenginakyurek.org\/wp-content\/uploads\/2022\/10\/New-Why-Support-Us_-Tagline-1024x211.png 1024w, https:\/\/friendsofenginakyurek.org\/wp-content\/uploads\/2022\/10\/New-Why-Support-Us_-Tagline-1536x316.png 1536w, https:\/\/friendsofenginakyurek.org\/wp-content\/uploads\/2022\/10\/New-Why-Support-Us_-Tagline-2048x421.png 2048w, https:\/\/friendsofenginakyurek.org\/wp-content\/uploads\/2022\/10\/New-Why-Support-Us_-Tagline-18x4.png 18w, https:\/\/friendsofenginakyurek.org\/wp-content\/uploads\/2022\/10\/New-Why-Support-Us_-Tagline-200x41.png 200w, https:\/\/friendsofenginakyurek.org\/wp-content\/uploads\/2022\/10\/New-Why-Support-Us_-Tagline-150x31.png 150w, https:\/\/friendsofenginakyurek.org\/wp-content\/uploads\/2022\/10\/New-Why-Support-Us_-Tagline-547x113.png 547w, https:\/\/friendsofenginakyurek.org\/wp-content\/uploads\/2022\/10\/New-Why-Support-Us_-Tagline-678x139.png 678w, https:\/\/friendsofenginakyurek.org\/wp-content\/uploads\/2022\/10\/New-Why-Support-Us_-Tagline-524x108.png 524w, https:\/\/friendsofenginakyurek.org\/wp-content\/uploads\/2022\/10\/New-Why-Support-Us_-Tagline-420x86.png 420w, https:\/\/friendsofenginakyurek.org\/wp-content\/uploads\/2022\/10\/New-Why-Support-Us_-Tagline-444x91.png 444w, https:\/\/friendsofenginakyurek.org\/wp-content\/uploads\/2022\/10\/New-Why-Support-Us_-Tagline-916x188.png 916w\" sizes=\"(max-width: 768px) 100vw, 768px\" \/>\t\t\t\t\t\t\t\t\t\t\t\t\t\t\t<\/div>\n\t\t\t\t<\/div>\n\t\t\t\t\t<\/div>\n\t\t<\/div>\n\t\t\t\t\t<\/div>\n\t\t<\/section>\n\t\t\t\t<section class=\"elementor-section elementor-top-section elementor-element elementor-element-28632cf elementor-section-boxed elementor-section-height-default elementor-section-height-default\" data-id=\"28632cf\" data-element_type=\"section\" data-e-type=\"section\">\n\t\t\t\t\t\t<div class=\"elementor-container elementor-column-gap-default\">\n\t\t\t\t\t<div class=\"elementor-column elementor-col-100 elementor-top-column elementor-element elementor-element-ae12858\" data-id=\"ae12858\" data-element_type=\"column\" data-e-type=\"column\">\n\t\t\t<div class=\"elementor-widget-wrap elementor-element-populated\">\n\t\t\t\t\t\t<div class=\"elementor-element elementor-element-05cd34c elementor-widget elementor-widget-heading\" data-id=\"05cd34c\" data-element_type=\"widget\" data-e-type=\"widget\" data-widget_type=\"heading.default\">\n\t\t\t\t<div class=\"elementor-widget-container\">\n\t\t\t\t\t<h2 class=\"elementor-heading-title elementor-size-default\"> Se\u00e7ilecek \u00e7ok fazla kurulu\u015f var!\n<\/h2>\t\t\t\t<\/div>\n\t\t\t\t<\/div>\n\t\t\t\t<div class=\"elementor-element elementor-element-6c32ffc elementor-widget-divider--view-line elementor-widget elementor-widget-divider\" data-id=\"6c32ffc\" data-element_type=\"widget\" data-e-type=\"widget\" data-widget_type=\"divider.default\">\n\t\t\t\t<div class=\"elementor-widget-container\">\n\t\t\t\t\t\t\t<div class=\"elementor-divider\">\n\t\t\t<span class=\"elementor-divider-separator\">\n\t\t\t\t\t\t<\/span>\n\t\t<\/div>\n\t\t\t\t\t\t<\/div>\n\t\t\t\t<\/div>\n\t\t\t\t\t<\/div>\n\t\t<\/div>\n\t\t\t\t\t<\/div>\n\t\t<\/section>\n\t\t\t\t<section class=\"elementor-section elementor-top-section elementor-element elementor-element-2eb1ef00 elementor-section-content-middle elementor-section-boxed elementor-section-height-default elementor-section-height-default\" data-id=\"2eb1ef00\" data-element_type=\"section\" data-e-type=\"section\">\n\t\t\t\t\t\t\t<div class=\"elementor-background-overlay\"><\/div>\n\t\t\t\t\t\t\t<div class=\"elementor-container elementor-column-gap-no\">\n\t\t\t\t\t<div class=\"elementor-column elementor-col-100 elementor-top-column elementor-element elementor-element-4fc9ff32\" data-id=\"4fc9ff32\" data-element_type=\"column\" data-e-type=\"column\">\n\t\t\t<div class=\"elementor-widget-wrap elementor-element-populated\">\n\t\t\t\t\t\t<div class=\"elementor-element elementor-element-7238d8b elementor-widget elementor-widget-text-editor\" data-id=\"7238d8b\" data-element_type=\"widget\" data-e-type=\"widget\" data-widget_type=\"text-editor.default\">\n\t\t\t\t<div class=\"elementor-widget-container\">\n\t\t\t\t\t\t\t\t\t<p><i><\/i> <em>Friends of Engin Aky\u00fcrek<\/em> ekibi, \u00e7al\u0131\u015fmalar\u0131m\u0131z\u0131n sadece Engin Aky\u00fcrek'le tan\u0131\u015fmak i\u00e7in bir ara\u00e7 olmad\u0131\u011f\u0131n\u0131 biliyor. Bu \u00e7al\u0131\u015fmalar, Bay Aky\u00fcrek\u2019i anavatan\u0131nda sevdiklerine yard\u0131m ederek onurland\u0131rmak i\u00e7in hayat\u0131m\u0131z\u0131n f\u0131rsat\u0131d\u0131r.<\/p><p>Biz sosyal sorumlulu\u011fa de\u011fer vermeyi se\u00e7iyoruz, t\u0131pk\u0131 onun yapt\u0131\u011f\u0131 gibi, g\u00fcnl\u00fck hayat\u0131m\u0131zda ayn\u0131 de\u011ferleri, onun kendi hayat\u0131nda tercih etti\u011fi eylemler yoluyla sergiliyoruz. Bu g\u00fczel giri\u015fim sayesinde, Say\u0131n Engin Aky\u00fcrek'in g\u00fczel isminin alt\u0131nda mutlu bir \u015fekilde ba\u011f\u0131\u015flamaya tamamen odaklanm\u0131\u015f, ayd\u0131nlat\u0131c\u0131 bir toplum d\u00fcnyas\u0131na tan\u0131k oluyoruz.<\/p>\t\t\t\t\t\t\t\t<\/div>\n\t\t\t\t<\/div>\n\t\t\t\t\t<\/div>\n\t\t<\/div>\n\t\t\t\t\t<\/div>\n\t\t<\/section>\n\t\t\t\t<section class=\"elementor-section elementor-top-section elementor-element elementor-element-23ad9527 elementor-section-content-middle elementor-section-boxed elementor-section-height-default elementor-section-height-default\" data-id=\"23ad9527\" data-element_type=\"section\" data-e-type=\"section\">\n\t\t\t\t\t\t<div class=\"elementor-container elementor-column-gap-no\">\n\t\t\t\t\t<div class=\"elementor-column elementor-col-100 elementor-top-column elementor-element elementor-element-c2b9917\" data-id=\"c2b9917\" data-element_type=\"column\" data-e-type=\"column\">\n\t\t\t<div class=\"elementor-widget-wrap elementor-element-populated\">\n\t\t\t\t\t\t<div class=\"elementor-element elementor-element-3ec1569e elementor-widget elementor-widget-heading\" data-id=\"3ec1569e\" data-element_type=\"widget\" data-e-type=\"widget\" data-widget_type=\"heading.default\">\n\t\t\t\t<div class=\"elementor-widget-container\">\n\t\t\t\t\t<h4 class=\"elementor-heading-title elementor-size-default\">Bak\u0131n birka\u00e7 arkada\u015f\u0131m\u0131z bizim hakk\u0131m\u0131zda ne diyor:<\/h4>\t\t\t\t<\/div>\n\t\t\t\t<\/div>\n\t\t\t\t\t<\/div>\n\t\t<\/div>\n\t\t\t\t\t<\/div>\n\t\t<\/section>\n\t\t\t\t<section class=\"elementor-section elementor-top-section elementor-element elementor-element-25c3549e elementor-section-content-middle elementor-section-boxed elementor-section-height-default elementor-section-height-default\" data-id=\"25c3549e\" data-element_type=\"section\" data-e-type=\"section\">\n\t\t\t\t\t\t<div class=\"elementor-container elementor-column-gap-no\">\n\t\t\t\t\t<div class=\"elementor-column elementor-col-100 elementor-top-column elementor-element elementor-element-2ce1f3c\" data-id=\"2ce1f3c\" data-element_type=\"column\" data-e-type=\"column\">\n\t\t\t<div class=\"elementor-widget-wrap elementor-element-populated\">\n\t\t\t\t\t\t<section class=\"elementor-section elementor-inner-section elementor-element elementor-element-5004d890 elementor-section-boxed elementor-section-height-default elementor-section-height-default\" data-id=\"5004d890\" data-element_type=\"section\" data-e-type=\"section\">\n\t\t\t\t\t\t<div class=\"elementor-container elementor-column-gap-default\">\n\t\t\t\t\t<div class=\"elementor-column elementor-col-33 elementor-inner-column elementor-element elementor-element-64269fd7\" data-id=\"64269fd7\" data-element_type=\"column\" data-e-type=\"column\">\n\t\t\t<div class=\"elementor-widget-wrap elementor-element-populated\">\n\t\t\t\t\t\t<div class=\"elementor-element elementor-element-3056102 elementor-widget elementor-widget-testimonial\" data-id=\"3056102\" data-element_type=\"widget\" data-e-type=\"widget\" data-widget_type=\"testimonial.default\">\n\t\t\t\t<div class=\"elementor-widget-container\">\n\t\t\t\t\t\t\t<div class=\"elementor-testimonial-wrapper\">\n\t\t\t\t\t\t\t<div class=\"elementor-testimonial-content\"><i><\/i><i>Friends of Engin Aky\u00fcrek<\/i>(FEA) ve Engin Aky\u00fcrek'in kendisini destekliyorum \u00e7\u00fcnk\u00fc o yaln\u0131zca s\u0131cak, nazik, sevgi dolu bir kalbe sahip muazzam bir oyuncu de\u011fil, ayn\u0131 zamanda d\u00fcnyadaki bir\u00e7ok insana yard\u0131m edip, hayat kurtar\u0131yor. Engin Aky\u00fcrek'in Arkada\u015flar\u0131 sadece bir organizasyon de\u011fil; onun kadar harika insanlarla dolu, yard\u0131ma ihtiyac\u0131 olanlar\u0131n rahat\u0131 i\u00e7in sava\u015fan sevgi dolu bir topluluk. Solmu\u015f ruhlar\u0131 yeniden ye\u015fertmek i\u00e7in onlara ula\u015fma ve dokunma hedefleri, kalbimi \u00e7i\u00e7eklendiriyor. <br>\n\u2764\ufe0f\n<\/div>\n\t\t\t\n\t\t\t\t\t\t<div class=\"elementor-testimonial-meta\">\n\t\t\t\t<div class=\"elementor-testimonial-meta-inner\">\n\t\t\t\t\t\n\t\t\t\t\t\t\t\t\t\t<div class=\"elementor-testimonial-details\">\n\t\t\t\t\t\t\t\t\t\t\t\t\t\t<div class=\"elementor-testimonial-name\">~AC<\/div>\n\t\t\t\t\t\t\t\t\t\t\t\t\t\t\t\t\t\t\t<\/div>\n\t\t\t\t\t\t\t\t\t<\/div>\n\t\t\t<\/div>\n\t\t\t\t\t<\/div>\n\t\t\t\t\t\t<\/div>\n\t\t\t\t<\/div>\n\t\t\t\t\t<\/div>\n\t\t<\/div>\n\t\t\t\t<div class=\"elementor-column elementor-col-33 elementor-inner-column elementor-element elementor-element-388c0b59\" data-id=\"388c0b59\" data-element_type=\"column\" data-e-type=\"column\">\n\t\t\t<div class=\"elementor-widget-wrap elementor-element-populated\">\n\t\t\t\t\t\t<div class=\"elementor-element elementor-element-522e6a9c elementor-widget elementor-widget-testimonial\" data-id=\"522e6a9c\" data-element_type=\"widget\" data-e-type=\"widget\" data-widget_type=\"testimonial.default\">\n\t\t\t\t<div class=\"elementor-widget-container\">\n\t\t\t\t\t\t\t<div class=\"elementor-testimonial-wrapper\">\n\t\t\t\t\t\t\t<div class=\"elementor-testimonial-content\">Kitaplar arac\u0131l\u0131\u011f\u0131yla \u00e7e\u015fitli k\u00e2r amac\u0131 g\u00fctmeyen kurulu\u015flar\u0131 destekleme misyonuna sahip bir yay\u0131nc\u0131 olarak, platformlar\u0131n\u0131 iyilik ad\u0131na kullanmak isteyen bir yol arkada\u015f\u0131na rastlamay\u0131 hep ilgi \u00e7ekici bulmu\u015fumdur. <i>Friends of Engin Aky\u00fcrek<\/i> \u00f6nemli meseleleri destekleyen ve k\u00fclt\u00fcrler aras\u0131nda anlay\u0131\u015f ve ba\u011flant\u0131 kurmak i\u00e7in \u00e7al\u0131\u015fan, k\u00e2r amac\u0131 g\u00fctmeyen kurulu\u015ftur. <i>Silence<\/i> \u2019\u0131n ABD ve Kanada'da \u0130ngilizce olarak yay\u0131nlanmas\u0131 konusunda Friends of Engin ile birlikte \u00e7al\u0131\u015fmaktan gurur duyuyoruz ve gelecekte daha fazla i\u015fbirli\u011fi yapmay\u0131 d\u00f6rt g\u00f6zle bekliyoruz. <\/div>\n\t\t\t\n\t\t\t\t\t\t<div class=\"elementor-testimonial-meta\">\n\t\t\t\t<div class=\"elementor-testimonial-meta-inner\">\n\t\t\t\t\t\n\t\t\t\t\t\t\t\t\t\t<div class=\"elementor-testimonial-details\">\n\t\t\t\t\t\t\t\t\t\t\t\t\t\t<div class=\"elementor-testimonial-name\">~William Burleson<\/div>\n\t\t\t\t\t\t\t\t\t\t\t\t\t\t\t\t\t\t\t\t\t\t<div class=\"elementor-testimonial-job\">Genel Yay\u0131n Y\u00f6netmeni\/Yay\u0131nc\u0131, <br>Flexible Press <\/div>\n\t\t\t\t\t\t\t\t\t\t\t\t\t<\/div>\n\t\t\t\t\t\t\t\t\t<\/div>\n\t\t\t<\/div>\n\t\t\t\t\t<\/div>\n\t\t\t\t\t\t<\/div>\n\t\t\t\t<\/div>\n\t\t\t\t\t<\/div>\n\t\t<\/div>\n\t\t\t\t<div class=\"elementor-column elementor-col-33 elementor-inner-column elementor-element elementor-element-44629cb\" data-id=\"44629cb\" data-element_type=\"column\" data-e-type=\"column\">\n\t\t\t<div class=\"elementor-widget-wrap elementor-element-populated\">\n\t\t\t\t\t\t<div class=\"elementor-element elementor-element-9aa5788 elementor-widget elementor-widget-testimonial\" data-id=\"9aa5788\" data-element_type=\"widget\" data-e-type=\"widget\" data-widget_type=\"testimonial.default\">\n\t\t\t\t<div class=\"elementor-widget-container\">\n\t\t\t\t\t\t\t<div class=\"elementor-testimonial-wrapper\">\n\t\t\t\t\t\t\t<div class=\"elementor-testimonial-content\">D\u00fcnyan\u0131n d\u00f6rt bir yan\u0131nda benim gibi Engin Aky\u00fcrek'e g\u00f6n\u00fclden de\u011fer veren bu kadar g\u00fczel ve iyi kalpli insanlarla kar\u015f\u0131la\u015ft\u0131\u011f\u0131m i\u00e7in mutluyum.B\u00f6yle g\u00fczel topluluklar\u0131 nas\u0131l kendine \u00e7ekti\u011fini ve t\u00fcm arkada\u015flar\u0131na (hayran de\u011fil) nas\u0131l \u00f6rnek oldu\u011funu g\u00f6rd\u00fck\u00e7e ona olan sevgim ve sayg\u0131m her ge\u00e7en g\u00fcn daha da b\u00fcy\u00fcyor. Friends of Engin Aky\u00fcrek\u2019e gelince, onlarda en \u00e7ok sevdi\u011fim \u015fey, yaln\u0131zca onun arkada\u015f\u0131 olduklar\u0131n\u0131 iddia etmeleri de\u011fil, ger\u00e7ekten \u00f6yle olduklar\u0131n\u0131 kan\u0131tlamalar\u0131. T\u00fcm \u00e7abalar\u0131nda onlara destek ve sayg\u0131lar\u0131m\u0131 sunuyorum.\u200b <i>Friends of Engin Aky\u00fcrek<\/i><i><\/i><\/div>\n\t\t\t\n\t\t\t\t\t\t<div class=\"elementor-testimonial-meta\">\n\t\t\t\t<div class=\"elementor-testimonial-meta-inner\">\n\t\t\t\t\t\n\t\t\t\t\t\t\t\t\t\t<div class=\"elementor-testimonial-details\">\n\t\t\t\t\t\t\t\t\t\t\t\t\t\t<div class=\"elementor-testimonial-name\">~Khatuna K.\u200b<\/div>\n\t\t\t\t\t\t\t\t\t\t\t\t\t\t\t\t\t\t\t<\/div>\n\t\t\t\t\t\t\t\t\t<\/div>\n\t\t\t<\/div>\n\t\t\t\t\t<\/div>\n\t\t\t\t\t\t<\/div>\n\t\t\t\t<\/div>\n\t\t\t\t\t<\/div>\n\t\t<\/div>\n\t\t\t\t\t<\/div>\n\t\t<\/section>\n\t\t\t\t<section class=\"elementor-section elementor-inner-section elementor-element elementor-element-7e98142 elementor-section-boxed elementor-section-height-default elementor-section-height-default\" data-id=\"7e98142\" data-element_type=\"section\" data-e-type=\"section\">\n\t\t\t\t\t\t<div class=\"elementor-container elementor-column-gap-default\">\n\t\t\t\t\t<div class=\"elementor-column elementor-col-33 elementor-inner-column elementor-element elementor-element-f276343\" data-id=\"f276343\" data-element_type=\"column\" data-e-type=\"column\">\n\t\t\t<div class=\"elementor-widget-wrap elementor-element-populated\">\n\t\t\t\t\t\t<div class=\"elementor-element elementor-element-de43417 elementor-widget elementor-widget-testimonial\" data-id=\"de43417\" data-element_type=\"widget\" data-e-type=\"widget\" data-widget_type=\"testimonial.default\">\n\t\t\t\t<div class=\"elementor-widget-container\">\n\t\t\t\t\t\t\t<div class=\"elementor-testimonial-wrapper\">\n\t\t\t\t\t\t\t<div class=\"elementor-testimonial-content translation-block\">Friends of Engin Aky\u00fcrek\u2019in Instagram ve twitter hesaplar\u0131n\u0131 uzun s\u00fcredir takip ediyorum ve \u00e7al\u0131\u015fmalar\u0131n\u0131 \u00e7ok be\u011feniyorum Engin'i \u00e7ok sevdikleri a\u015fikar ve sevdi\u011fim oyuncuyu destekliyorlar. En ufak detaylara bile \u00f6nem veriyorlar ve onlar gibi Engin'i ger\u00e7ekten seven ekipler g\u00f6rmekten mutluyum.\n~Gentjana PM<\/div>\n\t\t\t\n\t\t\t\t\t\t<div class=\"elementor-testimonial-meta\">\n\t\t\t\t<div class=\"elementor-testimonial-meta-inner\">\n\t\t\t\t\t\n\t\t\t\t\t\t\t\t\t\t<div class=\"elementor-testimonial-details\">\n\t\t\t\t\t\t\t\t\t\t\t\t\t\t<div class=\"elementor-testimonial-name\">~Gentjana PM<\/div>\n\t\t\t\t\t\t\t\t\t\t\t\t\t\t\t\t\t\t\t<\/div>\n\t\t\t\t\t\t\t\t\t<\/div>\n\t\t\t<\/div>\n\t\t\t\t\t<\/div>\n\t\t\t\t\t\t<\/div>\n\t\t\t\t<\/div>\n\t\t\t\t\t<\/div>\n\t\t<\/div>\n\t\t\t\t<div class=\"elementor-column elementor-col-33 elementor-inner-column elementor-element elementor-element-ed32d1d\" data-id=\"ed32d1d\" data-element_type=\"column\" data-e-type=\"column\">\n\t\t\t<div class=\"elementor-widget-wrap elementor-element-populated\">\n\t\t\t\t\t\t<div class=\"elementor-element elementor-element-ab9548e elementor-widget elementor-widget-testimonial\" data-id=\"ab9548e\" data-element_type=\"widget\" data-e-type=\"widget\" data-widget_type=\"testimonial.default\">\n\t\t\t\t<div class=\"elementor-widget-container\">\n\t\t\t\t\t\t\t<div class=\"elementor-testimonial-wrapper\">\n\t\t\t\t\t\t\t<div class=\"elementor-testimonial-content\"><i><\/i><i>Friends of Engin Aky\u00fcrek<\/i>FEA'y\u0131 (Friends of Engin Aky\u00fcrek) ve Engin Aky\u00fcrek'i duyarl\u0131, yard\u0131ma ihtiyac\u0131 olan \u00e7e\u015fitli insan gruplar\u0131n\u0131n iyili\u011fi konusunda kararl\u0131 ve ilgili bir insan olduklar\u0131 i\u00e7in destekliyorum. Ayn\u0131 zamanda muazzam bir akt\u00f6r, al\u00e7akg\u00f6n\u00fcll\u00fc ve d\u00fcr\u00fcst, b\u00fcy\u00fck bir yetenekle d\u00fcnyan\u0131n s\u0131n\u0131rlar\u0131n\u0131 a\u015fm\u0131\u015f ve k\u00fclt\u00fcrleri birle\u015ftirmi\u015f biri.<\/div>\n\t\t\t\n\t\t\t\t\t\t<div class=\"elementor-testimonial-meta\">\n\t\t\t\t<div class=\"elementor-testimonial-meta-inner\">\n\t\t\t\t\t\n\t\t\t\t\t\t\t\t\t\t<div class=\"elementor-testimonial-details\">\n\t\t\t\t\t\t\t\t\t\t\t\t\t\t<div class=\"elementor-testimonial-name\">~KV<\/div>\n\t\t\t\t\t\t\t\t\t\t\t\t\t\t\t\t\t\t\t<\/div>\n\t\t\t\t\t\t\t\t\t<\/div>\n\t\t\t<\/div>\n\t\t\t\t\t<\/div>\n\t\t\t\t\t\t<\/div>\n\t\t\t\t<\/div>\n\t\t\t\t\t<\/div>\n\t\t<\/div>\n\t\t\t\t<div class=\"elementor-column elementor-col-33 elementor-inner-column elementor-element elementor-element-ee788d5\" data-id=\"ee788d5\" data-element_type=\"column\" data-e-type=\"column\">\n\t\t\t<div class=\"elementor-widget-wrap elementor-element-populated\">\n\t\t\t\t\t\t<div class=\"elementor-element elementor-element-26ceeac elementor-widget elementor-widget-testimonial\" data-id=\"26ceeac\" data-element_type=\"widget\" data-e-type=\"widget\" data-widget_type=\"testimonial.default\">\n\t\t\t\t<div class=\"elementor-widget-container\">\n\t\t\t\t\t\t\t<div class=\"elementor-testimonial-wrapper\">\n\t\t\t\t\t\t\t<div class=\"elementor-testimonial-content\"><i><\/i> <i>Friends of Engin Aky\u00fcrek<\/i> Friends of Engin Aky\u00fcrek\u2019in, Engin'in her y\u0131l d\u00fczenledi\u011fi ba\u011f\u0131\u015f toplama kampanyas\u0131na destek verme \u00e7abalar\u0131n\u0131n tamamen arkas\u0131nday\u0131m. Ayn\u0131 zamanda, d\u00fcnya \u00e7ap\u0131ndaki k\u0131zlara ve kad\u0131nlara fayda sa\u011flayan, kesinlikle benzer d\u00fc\u015f\u00fcncelere sahip hay\u0131r kurumlar\u0131n\u0131 destekleyen \u00e7abalara da kat\u0131l\u0131yorum. <\/div>\n\t\t\t\n\t\t\t\t\t\t<div class=\"elementor-testimonial-meta\">\n\t\t\t\t<div class=\"elementor-testimonial-meta-inner\">\n\t\t\t\t\t\n\t\t\t\t\t\t\t\t\t\t<div class=\"elementor-testimonial-details\">\n\t\t\t\t\t\t\t\t\t\t\t\t\t\t<div class=\"elementor-testimonial-name\">~Kathie B.<\/div>\n\t\t\t\t\t\t\t\t\t\t\t\t\t\t\t\t\t\t\t<\/div>\n\t\t\t\t\t\t\t\t\t<\/div>\n\t\t\t<\/div>\n\t\t\t\t\t<\/div>\n\t\t\t\t\t\t<\/div>\n\t\t\t\t<\/div>\n\t\t\t\t\t<\/div>\n\t\t<\/div>\n\t\t\t\t\t<\/div>\n\t\t<\/section>\n\t\t\t\t\t<\/div>\n\t\t<\/div>\n\t\t\t\t\t<\/div>\n\t\t<\/section>\n\t\t\t\t<\/div>","protected":false},"excerpt":{"rendered":"<p>Neden Bizi Desteklemelisiniz? Se\u00e7ebilece\u011finiz \u00e7ok say\u0131da kurulu\u015f! Engin Aky\u00fcrek Dostlar\u0131 ekibi, \u00e7abam\u0131z\u0131n yaln\u0131zca Engin Aky\u00fcrek ile tan\u0131\u015fmak i\u00e7in bir ara\u00e7 olmad\u0131\u011f\u0131n\u0131 biliyor. Bu, Say\u0131n Aky\u00fcrek&#039;i kendi \u00fclkesinde en sevdiklerine yard\u0131m ederek onurland\u0131rmak i\u00e7in bir \u00f6m\u00fcr boyu f\u0131rsat. Sosyal \u2026 <a href=\"https:\/\/friendsofenginakyurek.org\/tr\/why-support-us\/\" class=\"more-link\">okumaya devam et <span class=\"screen-reader-text\">Neden Bizi Destekleyesiniz?<\/span><\/a><\/p>","protected":false},"author":1,"featured_media":9778,"parent":0,"menu_order":0,"comment_status":"closed","ping_status":"closed","template":"elementor_header_footer","meta":{"footnotes":""},"class_list":["post-5544","page","type-page","status-publish","has-post-thumbnail","hentry"],"jetpack_sharing_enabled":true,"_links":{"self":[{"href":"https:\/\/friendsofenginakyurek.org\/tr\/wp-json\/wp\/v2\/pages\/5544","targetHints":{"allow":["GET"]}}],"collection":[{"href":"https:\/\/friendsofenginakyurek.org\/tr\/wp-json\/wp\/v2\/pages"}],"about":[{"href":"https:\/\/friendsofenginakyurek.org\/tr\/wp-json\/wp\/v2\/types\/page"}],"author":[{"embeddable":true,"href":"https:\/\/friendsofenginakyurek.org\/tr\/wp-json\/wp\/v2\/users\/1"}],"replies":[{"embeddable":true,"href":"https:\/\/friendsofenginakyurek.org\/tr\/wp-json\/wp\/v2\/comments?post=5544"}],"version-history":[{"count":187,"href":"https:\/\/friendsofenginakyurek.org\/tr\/wp-json\/wp\/v2\/pages\/5544\/revisions"}],"predecessor-version":[{"id":11616,"href":"https:\/\/friendsofenginakyurek.org\/tr\/wp-json\/wp\/v2\/pages\/5544\/revisions\/11616"}],"wp:featuredmedia":[{"embeddable":true,"href":"https:\/\/friendsofenginakyurek.org\/tr\/wp-json\/wp\/v2\/media\/9778"}],"wp:attachment":[{"href":"https:\/\/friendsofenginakyurek.org\/tr\/wp-json\/wp\/v2\/media?parent=5544"}],"curies":[{"name":"wp","href":"https:\/\/api.w.org\/{rel}","templated":true}]}}