{"id":9564,"date":"2022-12-15T21:27:16","date_gmt":"2022-12-15T21:27:16","guid":{"rendered":"https:\/\/friendsofenginakyurek.org\/?page_id=9564"},"modified":"2023-04-23T18:29:46","modified_gmt":"2023-04-23T18:29:46","slug":"vision","status":"publish","type":"page","link":"https:\/\/friendsofenginakyurek.org\/tr\/vision\/","title":{"rendered":"Vizyonumuz"},"content":{"rendered":"<div data-elementor-type=\"wp-page\" data-elementor-id=\"9564\" class=\"elementor elementor-9564\" data-elementor-post-type=\"page\">\n\t\t\t\t\t\t<section class=\"elementor-section elementor-top-section elementor-element elementor-element-3da47d5 elementor-section-height-min-height elementor-section-content-middle elementor-section-boxed elementor-section-height-default elementor-section-items-middle\" data-id=\"3da47d5\" data-element_type=\"section\" data-e-type=\"section\" data-settings=\"{&quot;background_background&quot;:&quot;classic&quot;}\">\n\t\t\t\t\t\t\t<div class=\"elementor-background-overlay\"><\/div>\n\t\t\t\t\t\t\t<div class=\"elementor-container elementor-column-gap-no\">\n\t\t\t\t\t<div class=\"elementor-column elementor-col-100 elementor-top-column elementor-element elementor-element-820d02d\" data-id=\"820d02d\" data-element_type=\"column\" data-e-type=\"column\">\n\t\t\t<div class=\"elementor-widget-wrap elementor-element-populated\">\n\t\t\t\t\t\t<div class=\"elementor-element elementor-element-b1952c1 elementor-widget elementor-widget-heading\" data-id=\"b1952c1\" data-element_type=\"widget\" data-e-type=\"widget\" data-widget_type=\"heading.default\">\n\t\t\t\t<div class=\"elementor-widget-container\">\n\t\t\t\t\t<h2 class=\"elementor-heading-title elementor-size-default\">Vizyonumuz<\/h2>\t\t\t\t<\/div>\n\t\t\t\t<\/div>\n\t\t\t\t\t<\/div>\n\t\t<\/div>\n\t\t\t\t\t<\/div>\n\t\t<\/section>\n\t\t\t\t<section class=\"elementor-section elementor-top-section elementor-element elementor-element-8a75565 elementor-section-boxed elementor-section-height-default elementor-section-height-default\" data-id=\"8a75565\" data-element_type=\"section\" data-e-type=\"section\">\n\t\t\t\t\t\t<div class=\"elementor-container elementor-column-gap-default\">\n\t\t\t\t\t<div class=\"elementor-column elementor-col-100 elementor-top-column elementor-element elementor-element-fa27200\" data-id=\"fa27200\" data-element_type=\"column\" data-e-type=\"column\">\n\t\t\t<div class=\"elementor-widget-wrap elementor-element-populated\">\n\t\t\t\t\t\t<div class=\"elementor-element elementor-element-4d04787 elementor-widget elementor-widget-heading\" data-id=\"4d04787\" data-element_type=\"widget\" data-e-type=\"widget\" data-widget_type=\"heading.default\">\n\t\t\t\t<div class=\"elementor-widget-container\">\n\t\t\t\t\t<h2 class=\"elementor-heading-title elementor-size-default\">Vizyonumuz<\/h2>\t\t\t\t<\/div>\n\t\t\t\t<\/div>\n\t\t\t\t<div class=\"elementor-element elementor-element-9d16585 elementor-widget-divider--view-line elementor-widget elementor-widget-divider\" data-id=\"9d16585\" data-element_type=\"widget\" data-e-type=\"widget\" data-widget_type=\"divider.default\">\n\t\t\t\t<div class=\"elementor-widget-container\">\n\t\t\t\t\t\t\t<div class=\"elementor-divider\">\n\t\t\t<span class=\"elementor-divider-separator\">\n\t\t\t\t\t\t<\/span>\n\t\t<\/div>\n\t\t\t\t\t\t<\/div>\n\t\t\t\t<\/div>\n\t\t\t\t\t<\/div>\n\t\t<\/div>\n\t\t\t\t\t<\/div>\n\t\t<\/section>\n\t\t\t\t<section class=\"elementor-section elementor-top-section elementor-element elementor-element-0ae16e8 elementor-section-boxed elementor-section-height-default elementor-section-height-default\" data-id=\"0ae16e8\" data-element_type=\"section\" data-e-type=\"section\">\n\t\t\t\t\t\t<div class=\"elementor-container elementor-column-gap-default\">\n\t\t\t\t\t<div class=\"elementor-column elementor-col-100 elementor-top-column elementor-element elementor-element-4edaa14\" data-id=\"4edaa14\" data-element_type=\"column\" data-e-type=\"column\">\n\t\t\t<div class=\"elementor-widget-wrap elementor-element-populated\">\n\t\t\t\t\t\t<div class=\"elementor-element elementor-element-f157316 elementor-widget elementor-widget-heading\" data-id=\"f157316\" data-element_type=\"widget\" data-e-type=\"widget\" data-widget_type=\"heading.default\">\n\t\t\t\t<div class=\"elementor-widget-container\">\n\t\t\t\t\t<h1 class=\"elementor-heading-title elementor-size-default\">V\u0130ZYONUMUZ: Engin Aky\u00fcrek'e duyulan evrensel sayg\u0131 ve takdiri, onun \u00f6rne\u011fi taraf\u0131ndan \u00f6nderlik edilen somut, \u00f6l\u00e7\u00fclebilir bir toplumsal etki ile ba\u011fda\u015ft\u0131rmay\u0131 ama\u00e7l\u0131yoruz.<\/h1>\t\t\t\t<\/div>\n\t\t\t\t<\/div>\n\t\t\t\t\t<\/div>\n\t\t<\/div>\n\t\t\t\t\t<\/div>\n\t\t<\/section>\n\t\t\t\t<section class=\"elementor-section elementor-top-section elementor-element elementor-element-66a50ad elementor-section-boxed elementor-section-height-default elementor-section-height-default\" data-id=\"66a50ad\" data-element_type=\"section\" data-e-type=\"section\">\n\t\t\t\t\t\t<div class=\"elementor-container elementor-column-gap-default\">\n\t\t\t\t\t<div class=\"elementor-column elementor-col-50 elementor-top-column elementor-element elementor-element-1366b3b\" data-id=\"1366b3b\" data-element_type=\"column\" data-e-type=\"column\">\n\t\t\t<div class=\"elementor-widget-wrap elementor-element-populated\">\n\t\t\t\t\t\t<div class=\"elementor-element elementor-element-8735160 elementor-widget elementor-widget-image\" data-id=\"8735160\" data-element_type=\"widget\" data-e-type=\"widget\" data-widget_type=\"image.default\">\n\t\t\t\t<div class=\"elementor-widget-container\">\n\t\t\t\t\t\t\t\t\t\t\t\t\t\t\t<img decoding=\"async\" src=\"https:\/\/friendsofenginakyurek.org\/wp-content\/uploads\/elementor\/thumbs\/GREY-FEA-Vision_Insta-Portrait-Post2-rb58b5xvhvjl3ry32eynsrke1nhn32o9frg9tbhgfk.png\" title=\"GREY FEA Vision_Insta Portre G\u00f6nderisi2\" alt=\"GREY FEA Vision_Insta Portrait Post2\" loading=\"lazy\" \/>\t\t\t\t\t\t\t\t\t\t\t\t\t\t\t<\/div>\n\t\t\t\t<\/div>\n\t\t\t\t\t<\/div>\n\t\t<\/div>\n\t\t\t\t<div class=\"elementor-column elementor-col-50 elementor-top-column elementor-element elementor-element-363c600\" data-id=\"363c600\" data-element_type=\"column\" data-e-type=\"column\">\n\t\t\t<div class=\"elementor-widget-wrap elementor-element-populated\">\n\t\t\t\t\t\t<div class=\"elementor-element elementor-element-838ce8f elementor-widget elementor-widget-text-editor\" data-id=\"838ce8f\" data-element_type=\"widget\" data-e-type=\"widget\" data-widget_type=\"text-editor.default\">\n\t\t\t\t<div class=\"elementor-widget-container\">\n\t\t\t\t\t\t\t\t\t<p><i>NE YAPTI\u011eIMIZ, K\u0130ME H\u0130ZMET VERD\u0130\u011e\u0130M\u0130Z<\/i><\/p>\t\t\t\t\t\t\t\t<\/div>\n\t\t\t\t<\/div>\n\t\t\t\t<div class=\"elementor-element elementor-element-052c9e0 elementor-widget elementor-widget-text-editor\" data-id=\"052c9e0\" data-element_type=\"widget\" data-e-type=\"widget\" data-widget_type=\"text-editor.default\">\n\t\t\t\t<div class=\"elementor-widget-container\">\n\t\t\t\t\t\t\t\t\tD\u00fcnyan\u0131n d\u00f6rt bir yan\u0131ndaki Engin&#039;in arkada\u015flar\u0131yla birlikte Say\u0131n Aky\u00fcrek&#039;e k\u00fcresel hayranl\u0131k uyand\u0131rmak i\u00e7in \u00e7al\u0131\u015fan Engin Aky\u00fcrek&#039;in Dostlar\u0131, bunu 501(c)(3) kurulu\u015flar\u0131 veya holding kurulu\u015flar\u0131 arac\u0131l\u0131\u011f\u0131yla T\u00fcrkiye&#039;deki savunmas\u0131z \u00e7ocuklara ve ailelere fayda sa\u011flayacak anlaml\u0131 bir sosyal de\u011fi\u015fime y\u00f6nlendirmeyi hedefliyor. 501(c)3 veya uluslararas\u0131 e\u015fde\u011ferleri.\t\t\t\t\t\t\t\t<\/div>\n\t\t\t\t<\/div>\n\t\t\t\t\t<\/div>\n\t\t<\/div>\n\t\t\t\t\t<\/div>\n\t\t<\/section>\n\t\t\t\t<section class=\"elementor-section elementor-top-section elementor-element elementor-element-27ac48a elementor-section-boxed elementor-section-height-default elementor-section-height-default\" data-id=\"27ac48a\" data-element_type=\"section\" data-e-type=\"section\">\n\t\t\t\t\t\t<div class=\"elementor-container elementor-column-gap-default\">\n\t\t\t\t\t<div class=\"elementor-column elementor-col-100 elementor-top-column elementor-element elementor-element-4566d94\" data-id=\"4566d94\" data-element_type=\"column\" data-e-type=\"column\">\n\t\t\t<div class=\"elementor-widget-wrap elementor-element-populated\">\n\t\t\t\t\t\t<div class=\"elementor-element elementor-element-3b7150b elementor-widget elementor-widget-heading\" data-id=\"3b7150b\" data-element_type=\"widget\" data-e-type=\"widget\" data-widget_type=\"heading.default\">\n\t\t\t\t<div class=\"elementor-widget-container\">\n\t\t\t\t\t<h2 class=\"elementor-heading-title elementor-size-default\"><a href=\"https:\/\/friendsofenginakyurek.org\/tr\/about\/\">HAKKIMIZDA SAYFASINA GER\u0130 D\u00d6N<\/a><\/h2>\t\t\t\t<\/div>\n\t\t\t\t<\/div>\n\t\t\t\t\t<\/div>\n\t\t<\/div>\n\t\t\t\t\t<\/div>\n\t\t<\/section>\n\t\t\t\t<\/div>","protected":false},"excerpt":{"rendered":"<p>Vizyonumuz Vizyonumuz V\u0130ZYON: Engin Aky\u00fcrek&#039;e duyulan evrensel sayg\u0131 ve hayranl\u0131\u011f\u0131, onun \u00f6rne\u011fiyle \u00f6nderlik ederek, somut, \u00f6l\u00e7\u00fclebilir bir sosyal etkiye d\u00f6n\u00fc\u015ft\u00fcrmeyi ama\u00e7l\u0131yoruz. NE YAPIYORUZ, K\u0130ME H\u0130ZMET VER\u0130YORUZ Engin Aky\u00fcrek&#039;e duyulan k\u00fcresel hayranl\u0131\u011f\u0131 harekete ge\u00e7irmek i\u00e7in d\u00fcnyan\u0131n d\u00f6rt bir yan\u0131ndaki Engin dostlar\u0131yla \u00e7al\u0131\u015fan Engin Aky\u00fcrek Dostlar\u0131, bunu anlaml\u0131 \u2026 <a href=\"https:\/\/friendsofenginakyurek.org\/tr\/vision\/\" class=\"more-link\">okumaya devam et <span class=\"screen-reader-text\">Vizyonumuz<\/span><\/a><\/p>","protected":false},"author":1,"featured_media":4684,"parent":0,"menu_order":0,"comment_status":"closed","ping_status":"closed","template":"elementor_header_footer","meta":{"footnotes":""},"class_list":["post-9564","page","type-page","status-publish","has-post-thumbnail","hentry"],"jetpack_sharing_enabled":true,"_links":{"self":[{"href":"https:\/\/friendsofenginakyurek.org\/tr\/wp-json\/wp\/v2\/pages\/9564","targetHints":{"allow":["GET"]}}],"collection":[{"href":"https:\/\/friendsofenginakyurek.org\/tr\/wp-json\/wp\/v2\/pages"}],"about":[{"href":"https:\/\/friendsofenginakyurek.org\/tr\/wp-json\/wp\/v2\/types\/page"}],"author":[{"embeddable":true,"href":"https:\/\/friendsofenginakyurek.org\/tr\/wp-json\/wp\/v2\/users\/1"}],"replies":[{"embeddable":true,"href":"https:\/\/friendsofenginakyurek.org\/tr\/wp-json\/wp\/v2\/comments?post=9564"}],"version-history":[{"count":61,"href":"https:\/\/friendsofenginakyurek.org\/tr\/wp-json\/wp\/v2\/pages\/9564\/revisions"}],"predecessor-version":[{"id":11754,"href":"https:\/\/friendsofenginakyurek.org\/tr\/wp-json\/wp\/v2\/pages\/9564\/revisions\/11754"}],"wp:featuredmedia":[{"embeddable":true,"href":"https:\/\/friendsofenginakyurek.org\/tr\/wp-json\/wp\/v2\/media\/4684"}],"wp:attachment":[{"href":"https:\/\/friendsofenginakyurek.org\/tr\/wp-json\/wp\/v2\/media?parent=9564"}],"curies":[{"name":"wp","href":"https:\/\/api.w.org\/{rel}","templated":true}]}}