{"id":9611,"date":"2022-12-15T22:41:07","date_gmt":"2022-12-15T22:41:07","guid":{"rendered":"https:\/\/friendsofenginakyurek.org\/?page_id=9611"},"modified":"2022-12-16T00:30:55","modified_gmt":"2022-12-16T00:30:55","slug":"mission","status":"publish","type":"page","link":"https:\/\/friendsofenginakyurek.org\/tr\/mission\/","title":{"rendered":"M\u0130SYON"},"content":{"rendered":"<div data-elementor-type=\"wp-page\" data-elementor-id=\"9611\" class=\"elementor elementor-9611\" data-elementor-post-type=\"page\">\n\t\t\t\t\t\t<section class=\"elementor-section elementor-top-section elementor-element elementor-element-3da47d5 elementor-section-height-min-height elementor-section-content-middle elementor-section-boxed elementor-section-height-default elementor-section-items-middle\" data-id=\"3da47d5\" data-element_type=\"section\" data-e-type=\"section\" data-settings=\"{&quot;background_background&quot;:&quot;classic&quot;}\">\n\t\t\t\t\t\t\t<div class=\"elementor-background-overlay\"><\/div>\n\t\t\t\t\t\t\t<div class=\"elementor-container elementor-column-gap-no\">\n\t\t\t\t\t<div class=\"elementor-column elementor-col-100 elementor-top-column elementor-element elementor-element-820d02d\" data-id=\"820d02d\" data-element_type=\"column\" data-e-type=\"column\">\n\t\t\t<div class=\"elementor-widget-wrap elementor-element-populated\">\n\t\t\t\t\t\t<div class=\"elementor-element elementor-element-b1952c1 elementor-widget elementor-widget-heading\" data-id=\"b1952c1\" data-element_type=\"widget\" data-e-type=\"widget\" data-widget_type=\"heading.default\">\n\t\t\t\t<div class=\"elementor-widget-container\">\n\t\t\t\t\t<h2 class=\"elementor-heading-title elementor-size-default\">G\u00f6revimiz<\/h2>\t\t\t\t<\/div>\n\t\t\t\t<\/div>\n\t\t\t\t\t<\/div>\n\t\t<\/div>\n\t\t\t\t\t<\/div>\n\t\t<\/section>\n\t\t\t\t<section class=\"elementor-section elementor-top-section elementor-element elementor-element-8a75565 elementor-section-boxed elementor-section-height-default elementor-section-height-default\" data-id=\"8a75565\" data-element_type=\"section\" data-e-type=\"section\">\n\t\t\t\t\t\t<div class=\"elementor-container elementor-column-gap-default\">\n\t\t\t\t\t<div class=\"elementor-column elementor-col-100 elementor-top-column elementor-element elementor-element-fa27200\" data-id=\"fa27200\" data-element_type=\"column\" data-e-type=\"column\">\n\t\t\t<div class=\"elementor-widget-wrap elementor-element-populated\">\n\t\t\t\t\t\t<div class=\"elementor-element elementor-element-4d04787 elementor-widget elementor-widget-heading\" data-id=\"4d04787\" data-element_type=\"widget\" data-e-type=\"widget\" data-widget_type=\"heading.default\">\n\t\t\t\t<div class=\"elementor-widget-container\">\n\t\t\t\t\t<h2 class=\"elementor-heading-title elementor-size-default\">G\u00f6revimiz<\/h2>\t\t\t\t<\/div>\n\t\t\t\t<\/div>\n\t\t\t\t<div class=\"elementor-element elementor-element-9d16585 elementor-widget-divider--view-line elementor-widget elementor-widget-divider\" data-id=\"9d16585\" data-element_type=\"widget\" data-e-type=\"widget\" data-widget_type=\"divider.default\">\n\t\t\t\t<div class=\"elementor-widget-container\">\n\t\t\t\t\t\t\t<div class=\"elementor-divider\">\n\t\t\t<span class=\"elementor-divider-separator\">\n\t\t\t\t\t\t<\/span>\n\t\t<\/div>\n\t\t\t\t\t\t<\/div>\n\t\t\t\t<\/div>\n\t\t\t\t\t<\/div>\n\t\t<\/div>\n\t\t\t\t\t<\/div>\n\t\t<\/section>\n\t\t\t\t<section class=\"elementor-section elementor-top-section elementor-element elementor-element-0ae16e8 elementor-section-boxed elementor-section-height-default elementor-section-height-default\" data-id=\"0ae16e8\" data-element_type=\"section\" data-e-type=\"section\">\n\t\t\t\t\t\t<div class=\"elementor-container elementor-column-gap-default\">\n\t\t\t\t\t<div class=\"elementor-column elementor-col-100 elementor-top-column elementor-element elementor-element-4edaa14\" data-id=\"4edaa14\" data-element_type=\"column\" data-e-type=\"column\">\n\t\t\t<div class=\"elementor-widget-wrap elementor-element-populated\">\n\t\t\t\t\t\t<div class=\"elementor-element elementor-element-f157316 elementor-widget elementor-widget-heading\" data-id=\"f157316\" data-element_type=\"widget\" data-e-type=\"widget\" data-widget_type=\"heading.default\">\n\t\t\t\t<div class=\"elementor-widget-container\">\n\t\t\t\t\t<h1 class=\"elementor-heading-title elementor-size-default\">G\u00d6REV\u0130M\u0130Z: Kurulu\u015fumuz, bir dizi giri\u015fimin, etkile\u015fimli programlar\u0131n ve yard\u0131mseverlik u\u011fra\u015flar\u0131n\u0131n arac\u0131l\u0131\u011f\u0131yla \u015feffaf bir bi\u00e7imde ama\u00e7lar\u0131m\u0131za ula\u015fmaktad\u0131r.<\/h1>\t\t\t\t<\/div>\n\t\t\t\t<\/div>\n\t\t\t\t\t<\/div>\n\t\t<\/div>\n\t\t\t\t\t<\/div>\n\t\t<\/section>\n\t\t\t\t<section class=\"elementor-section elementor-top-section elementor-element elementor-element-66a50ad elementor-section-boxed elementor-section-height-default elementor-section-height-default\" data-id=\"66a50ad\" data-element_type=\"section\" data-e-type=\"section\">\n\t\t\t\t\t\t<div class=\"elementor-container elementor-column-gap-default\">\n\t\t\t\t\t<div class=\"elementor-column elementor-col-50 elementor-top-column elementor-element elementor-element-1366b3b\" data-id=\"1366b3b\" data-element_type=\"column\" data-e-type=\"column\">\n\t\t\t<div class=\"elementor-widget-wrap elementor-element-populated\">\n\t\t\t\t\t\t<div class=\"elementor-element elementor-element-8735160 elementor-widget elementor-widget-image\" data-id=\"8735160\" data-element_type=\"widget\" data-e-type=\"widget\" data-widget_type=\"image.default\">\n\t\t\t\t<div class=\"elementor-widget-container\">\n\t\t\t\t\t\t\t\t\t\t\t\t\t\t\t<img decoding=\"async\" src=\"https:\/\/friendsofenginakyurek.org\/wp-content\/uploads\/elementor\/thumbs\/FEA-MISSION_Insta-Post-rb58azd061akui7n4u49tb85vye2l6y52uvvgdr7n4.png\" title=\"FEA MISSION_Insta G\u00f6nderisi\" alt=\"FEA MISSION_Insta Post\" loading=\"lazy\" \/>\t\t\t\t\t\t\t\t\t\t\t\t\t\t\t<\/div>\n\t\t\t\t<\/div>\n\t\t\t\t\t<\/div>\n\t\t<\/div>\n\t\t\t\t<div class=\"elementor-column elementor-col-50 elementor-top-column elementor-element elementor-element-363c600\" data-id=\"363c600\" data-element_type=\"column\" data-e-type=\"column\">\n\t\t\t<div class=\"elementor-widget-wrap elementor-element-populated\">\n\t\t\t\t\t\t<div class=\"elementor-element elementor-element-838ce8f elementor-widget elementor-widget-text-editor\" data-id=\"838ce8f\" data-element_type=\"widget\" data-e-type=\"widget\" data-widget_type=\"text-editor.default\">\n\t\t\t\t<div class=\"elementor-widget-container\">\n\t\t\t\t\t\t\t\t\t<i>NASIL H\u0130ZMET VERD\u0130\u011e\u0130M\u0130Z<i \/>\t\t\t\t\t\t\t\t<\/div>\n\t\t\t\t<\/div>\n\t\t\t\t<div class=\"elementor-element elementor-element-052c9e0 elementor-widget elementor-widget-text-editor\" data-id=\"052c9e0\" data-element_type=\"widget\" data-e-type=\"widget\" data-widget_type=\"text-editor.default\">\n\t\t\t\t<div class=\"elementor-widget-container\">\n\t\t\t\t\t\t\t\t\t<ul style=\"list-style-type:square;\">\n<li><b> Ba\u011f\u0131\u015f toplayarak<\/b> Engin Aky\u00fcrek\u2019in onuruna ithaf edilmi\u015f d\u00fcnyaca bilinen hay\u0131r kurumlar\u0131 arac\u0131l\u0131\u011f\u0131 ile T\u00fcrkiye\u2019deki yard\u0131ma muhta\u00e7 \u00e7ocuk, kad\u0131n ve ailelere destek sa\u011flamak;<br>\n<b><li> Engin Aky\u00fcrek\u2019in hay\u0131rsever projelerinin tan\u0131t\u0131m\u0131n\u0131 <\/b>belirli kitle ileti\u015fim ara\u00e7lar\u0131 ile sosyal medya, bas\u0131l\u0131 yay\u0131nlar, forumlar ve \u00e7e\u015fitli tart\u0131\u015fma gruplar\u0131 arac\u0131l\u0131\u011f\u0131yla ger\u00e7ekle\u015ftirmek;<br>\n<li> \u00d6zel <b>etkinlikler d\u00fczenlemek, ba\u011f\u0131\u015f toplamak, projeler olu\u015fturmak<\/b> ve tan\u0131t\u0131mlar\u0131n\u0131 yapmak;<br><li> \nY\u00fcceltmek: <b>Sosyal ve insani meselelerin fark\u0131ndal\u0131\u011f\u0131n\u0131<\/b> (Engin Aky\u00fcrek i\u00e7in \u00f6nemli olan) artt\u0131rmak;<br>\n<b><li> K\u00fcresel \u00e7aptaki Engin Aky\u00fcrek destek\u00e7ilerinin hay\u0131r i\u015flerini vurgulamak<\/b> ile ilerideki hay\u0131rseverlik \u00e7al\u0131\u015fmalar\u0131n\u0131 te\u015fvik etmek ve onun iyiliksever gayesinin tan\u0131t\u0131m\u0131n\u0131 yapmak\t\t\t\t\t\t\t\t<\/div>\n\t\t\t\t<\/div>\n\t\t\t\t\t<\/div>\n\t\t<\/div>\n\t\t\t\t\t<\/div>\n\t\t<\/section>\n\t\t\t\t<section class=\"elementor-section elementor-top-section elementor-element elementor-element-27ac48a elementor-section-boxed elementor-section-height-default elementor-section-height-default\" data-id=\"27ac48a\" data-element_type=\"section\" data-e-type=\"section\">\n\t\t\t\t\t\t<div class=\"elementor-container elementor-column-gap-default\">\n\t\t\t\t\t<div class=\"elementor-column elementor-col-100 elementor-top-column elementor-element elementor-element-4566d94\" data-id=\"4566d94\" data-element_type=\"column\" data-e-type=\"column\">\n\t\t\t<div class=\"elementor-widget-wrap elementor-element-populated\">\n\t\t\t\t\t\t<div class=\"elementor-element elementor-element-3b7150b elementor-widget elementor-widget-heading\" data-id=\"3b7150b\" data-element_type=\"widget\" data-e-type=\"widget\" data-widget_type=\"heading.default\">\n\t\t\t\t<div class=\"elementor-widget-container\">\n\t\t\t\t\t<h2 class=\"elementor-heading-title elementor-size-default\"><a href=\"https:\/\/friendsofenginakyurek.org\/tr\/about\/\">HAKKIMIZDA SAYFASINA GER\u0130 D\u00d6N<\/a><\/h2>\t\t\t\t<\/div>\n\t\t\t\t<\/div>\n\t\t\t\t\t<\/div>\n\t\t<\/div>\n\t\t\t\t\t<\/div>\n\t\t<\/section>\n\t\t\t\t<\/div>","protected":false},"excerpt":{"rendered":"<p>Misyonumuz Misyonumuz M\u0130SYON: Kurulu\u015fumuz, bir dizi giri\u015fim, etkile\u015fimli program ve hay\u0131rsever \u00e7abalar arac\u0131l\u0131\u011f\u0131yla hedeflerimize \u015feffaf bir \u015fekilde ula\u015f\u0131r. NASIL H\u0130ZMET VER\u0130YORUZ Engin Aky\u00fcrek&#039;in an\u0131s\u0131na, di\u011fer yerle\u015fik d\u00fcnya hay\u0131r kurulu\u015flar\u0131 arac\u0131l\u0131\u011f\u0131yla T\u00fcrkiye&#039;deki savunmas\u0131z \u00e7ocuklar\u0131, kad\u0131nlar\u0131 ve aileleri desteklemek i\u00e7in fon toplamak; Engin Aky\u00fcrek&#039;in insani ama\u00e7l\u0131 projelerini sosyal medya arac\u0131l\u0131\u011f\u0131yla kitle ileti\u015fim ara\u00e7lar\u0131yla tan\u0131tmak \u2026 <a href=\"https:\/\/friendsofenginakyurek.org\/tr\/mission\/\" class=\"more-link\">okumaya devam et <span class=\"screen-reader-text\">M\u0130SYON<\/span><\/a><\/p>","protected":false},"author":1,"featured_media":4684,"parent":0,"menu_order":0,"comment_status":"closed","ping_status":"closed","template":"elementor_header_footer","meta":{"footnotes":""},"class_list":["post-9611","page","type-page","status-publish","has-post-thumbnail","hentry"],"jetpack_sharing_enabled":true,"_links":{"self":[{"href":"https:\/\/friendsofenginakyurek.org\/tr\/wp-json\/wp\/v2\/pages\/9611","targetHints":{"allow":["GET"]}}],"collection":[{"href":"https:\/\/friendsofenginakyurek.org\/tr\/wp-json\/wp\/v2\/pages"}],"about":[{"href":"https:\/\/friendsofenginakyurek.org\/tr\/wp-json\/wp\/v2\/types\/page"}],"author":[{"embeddable":true,"href":"https:\/\/friendsofenginakyurek.org\/tr\/wp-json\/wp\/v2\/users\/1"}],"replies":[{"embeddable":true,"href":"https:\/\/friendsofenginakyurek.org\/tr\/wp-json\/wp\/v2\/comments?post=9611"}],"version-history":[{"count":29,"href":"https:\/\/friendsofenginakyurek.org\/tr\/wp-json\/wp\/v2\/pages\/9611\/revisions"}],"predecessor-version":[{"id":9677,"href":"https:\/\/friendsofenginakyurek.org\/tr\/wp-json\/wp\/v2\/pages\/9611\/revisions\/9677"}],"wp:featuredmedia":[{"embeddable":true,"href":"https:\/\/friendsofenginakyurek.org\/tr\/wp-json\/wp\/v2\/media\/4684"}],"wp:attachment":[{"href":"https:\/\/friendsofenginakyurek.org\/tr\/wp-json\/wp\/v2\/media?parent=9611"}],"curies":[{"name":"wp","href":"https:\/\/api.w.org\/{rel}","templated":true}]}}