{"id":9633,"date":"2022-12-15T23:12:15","date_gmt":"2022-12-15T23:12:15","guid":{"rendered":"https:\/\/friendsofenginakyurek.org\/?page_id=9633"},"modified":"2022-12-16T00:55:46","modified_gmt":"2022-12-16T00:55:46","slug":"values","status":"publish","type":"page","link":"https:\/\/friendsofenginakyurek.org\/tr\/values\/","title":{"rendered":"DE\u011eERLER\u0130M\u0130Z"},"content":{"rendered":"<div data-elementor-type=\"wp-page\" data-elementor-id=\"9633\" class=\"elementor elementor-9633\" data-elementor-post-type=\"page\">\n\t\t\t\t\t\t<section class=\"elementor-section elementor-top-section elementor-element elementor-element-3da47d5 elementor-section-height-min-height elementor-section-content-middle elementor-section-boxed elementor-section-height-default elementor-section-items-middle\" data-id=\"3da47d5\" data-element_type=\"section\" data-e-type=\"section\" data-settings=\"{&quot;background_background&quot;:&quot;classic&quot;}\">\n\t\t\t\t\t\t\t<div class=\"elementor-background-overlay\"><\/div>\n\t\t\t\t\t\t\t<div class=\"elementor-container elementor-column-gap-no\">\n\t\t\t\t\t<div class=\"elementor-column elementor-col-100 elementor-top-column elementor-element elementor-element-820d02d\" data-id=\"820d02d\" data-element_type=\"column\" data-e-type=\"column\">\n\t\t\t<div class=\"elementor-widget-wrap elementor-element-populated\">\n\t\t\t\t\t\t<div class=\"elementor-element elementor-element-b1952c1 elementor-widget elementor-widget-heading\" data-id=\"b1952c1\" data-element_type=\"widget\" data-e-type=\"widget\" data-widget_type=\"heading.default\">\n\t\t\t\t<div class=\"elementor-widget-container\">\n\t\t\t\t\t<h2 class=\"elementor-heading-title elementor-size-default\">De\u011ferler<\/h2>\t\t\t\t<\/div>\n\t\t\t\t<\/div>\n\t\t\t\t\t<\/div>\n\t\t<\/div>\n\t\t\t\t\t<\/div>\n\t\t<\/section>\n\t\t\t\t<section class=\"elementor-section elementor-top-section elementor-element elementor-element-8a75565 elementor-section-boxed elementor-section-height-default elementor-section-height-default\" data-id=\"8a75565\" data-element_type=\"section\" data-e-type=\"section\">\n\t\t\t\t\t\t<div class=\"elementor-container elementor-column-gap-default\">\n\t\t\t\t\t<div class=\"elementor-column elementor-col-100 elementor-top-column elementor-element elementor-element-fa27200\" data-id=\"fa27200\" data-element_type=\"column\" data-e-type=\"column\">\n\t\t\t<div class=\"elementor-widget-wrap elementor-element-populated\">\n\t\t\t\t\t\t<div class=\"elementor-element elementor-element-4d04787 elementor-widget elementor-widget-heading\" data-id=\"4d04787\" data-element_type=\"widget\" data-e-type=\"widget\" data-widget_type=\"heading.default\">\n\t\t\t\t<div class=\"elementor-widget-container\">\n\t\t\t\t\t<h2 class=\"elementor-heading-title elementor-size-default\">De\u011ferlerimiz<\/h2>\t\t\t\t<\/div>\n\t\t\t\t<\/div>\n\t\t\t\t<div class=\"elementor-element elementor-element-9d16585 elementor-widget-divider--view-line elementor-widget elementor-widget-divider\" data-id=\"9d16585\" data-element_type=\"widget\" data-e-type=\"widget\" data-widget_type=\"divider.default\">\n\t\t\t\t<div class=\"elementor-widget-container\">\n\t\t\t\t\t\t\t<div class=\"elementor-divider\">\n\t\t\t<span class=\"elementor-divider-separator\">\n\t\t\t\t\t\t<\/span>\n\t\t<\/div>\n\t\t\t\t\t\t<\/div>\n\t\t\t\t<\/div>\n\t\t\t\t\t<\/div>\n\t\t<\/div>\n\t\t\t\t\t<\/div>\n\t\t<\/section>\n\t\t\t\t<section class=\"elementor-section elementor-top-section elementor-element elementor-element-0ae16e8 elementor-section-boxed elementor-section-height-default elementor-section-height-default\" data-id=\"0ae16e8\" data-element_type=\"section\" data-e-type=\"section\">\n\t\t\t\t\t\t<div class=\"elementor-container elementor-column-gap-default\">\n\t\t\t\t\t<div class=\"elementor-column elementor-col-100 elementor-top-column elementor-element elementor-element-4edaa14\" data-id=\"4edaa14\" data-element_type=\"column\" data-e-type=\"column\">\n\t\t\t<div class=\"elementor-widget-wrap elementor-element-populated\">\n\t\t\t\t\t\t<div class=\"elementor-element elementor-element-f157316 elementor-widget elementor-widget-heading\" data-id=\"f157316\" data-element_type=\"widget\" data-e-type=\"widget\" data-widget_type=\"heading.default\">\n\t\t\t\t<div class=\"elementor-widget-container\">\n\t\t\t\t\t<h1 class=\"elementor-heading-title elementor-size-default\">DE\u011eERLER\u0130M\u0130Z: \u00d6zyap\u0131m\u0131z\u0131n en k\u0131ymetli yan\u0131, bizi olu\u015fturan \u015feydir ve de\u011fer kaidemiz, Engin Aky\u00fcrek'in sayg\u0131de\u011fer izinden gitmektir.<\/h1>\t\t\t\t<\/div>\n\t\t\t\t<\/div>\n\t\t\t\t\t<\/div>\n\t\t<\/div>\n\t\t\t\t\t<\/div>\n\t\t<\/section>\n\t\t\t\t<section class=\"elementor-section elementor-top-section elementor-element elementor-element-66a50ad elementor-section-boxed elementor-section-height-default elementor-section-height-default\" data-id=\"66a50ad\" data-element_type=\"section\" data-e-type=\"section\">\n\t\t\t\t\t\t<div class=\"elementor-container elementor-column-gap-default\">\n\t\t\t\t\t<div class=\"elementor-column elementor-col-50 elementor-top-column elementor-element elementor-element-1366b3b\" data-id=\"1366b3b\" data-element_type=\"column\" data-e-type=\"column\">\n\t\t\t<div class=\"elementor-widget-wrap elementor-element-populated\">\n\t\t\t\t\t\t<div class=\"elementor-element elementor-element-8735160 elementor-widget elementor-widget-image\" data-id=\"8735160\" data-element_type=\"widget\" data-e-type=\"widget\" data-widget_type=\"image.default\">\n\t\t\t\t<div class=\"elementor-widget-container\">\n\t\t\t\t\t\t\t\t\t\t\t\t\t\t\t<img decoding=\"async\" src=\"https:\/\/friendsofenginakyurek.org\/wp-content\/uploads\/elementor\/thumbs\/FEA-VALUES_Instagram-Post--rb58b18ojpd5hq4wtuxiyar32q4t0l5lr46uexofao.png\" title=\"FEA VALUES_Instagram G\u00f6nderisi\" alt=\"FEA VALUES_Instagram Post\" loading=\"lazy\" \/>\t\t\t\t\t\t\t\t\t\t\t\t\t\t\t<\/div>\n\t\t\t\t<\/div>\n\t\t\t\t\t<\/div>\n\t\t<\/div>\n\t\t\t\t<div class=\"elementor-column elementor-col-50 elementor-top-column elementor-element elementor-element-363c600\" data-id=\"363c600\" data-element_type=\"column\" data-e-type=\"column\">\n\t\t\t<div class=\"elementor-widget-wrap elementor-element-populated\">\n\t\t\t\t\t\t<div class=\"elementor-element elementor-element-838ce8f elementor-widget elementor-widget-text-editor\" data-id=\"838ce8f\" data-element_type=\"widget\" data-e-type=\"widget\" data-widget_type=\"text-editor.default\">\n\t\t\t\t<div class=\"elementor-widget-container\">\n\t\t\t\t\t\t\t\t\t<i>YA\u015eAM B\u0130\u00c7\u0130M\u0130M\u0130Z<i \/>\t\t\t\t\t\t\t\t<\/div>\n\t\t\t\t<\/div>\n\t\t\t\t<div class=\"elementor-element elementor-element-052c9e0 elementor-widget elementor-widget-text-editor\" data-id=\"052c9e0\" data-element_type=\"widget\" data-e-type=\"widget\" data-widget_type=\"text-editor.default\">\n\t\t\t\t<div class=\"elementor-widget-container\">\n\t\t\t\t\t\t\t\t\t<ul style=\"list-style-type:square;\">\n<li>T\u00fcm insanlara SAYGI ve NEZAKET ile davranmak<br>\n<li>DO\u011eRULUK, \u0130\u00c7TENL\u0130K ve erdem ile hareket etmek<br>\n<li>C\u00d6MERTL\u0130K, empati ve BARI\u015eI ya\u015fam bi\u00e7imi se\u00e7mek<br>\n<li>Tak\u0131m \u00e7al\u0131\u015fmas\u0131n\u0131n ilkelerinden olan D\u00dcR\u00dcSTL\u00dcK ve azim sergilemek<br>\n<li>\u00c7e\u015fitlili\u011fi kutlamak ve toplumu YET\u0130\u015eT\u0130RMEK<br>\t\t\t\t\t\t\t\t<\/div>\n\t\t\t\t<\/div>\n\t\t\t\t\t<\/div>\n\t\t<\/div>\n\t\t\t\t\t<\/div>\n\t\t<\/section>\n\t\t\t\t<section class=\"elementor-section elementor-top-section elementor-element elementor-element-27ac48a elementor-section-boxed elementor-section-height-default elementor-section-height-default\" data-id=\"27ac48a\" data-element_type=\"section\" data-e-type=\"section\">\n\t\t\t\t\t\t<div class=\"elementor-container elementor-column-gap-default\">\n\t\t\t\t\t<div class=\"elementor-column elementor-col-100 elementor-top-column elementor-element elementor-element-4566d94\" data-id=\"4566d94\" data-element_type=\"column\" data-e-type=\"column\">\n\t\t\t<div class=\"elementor-widget-wrap elementor-element-populated\">\n\t\t\t\t\t\t<div class=\"elementor-element elementor-element-3b7150b elementor-widget elementor-widget-heading\" data-id=\"3b7150b\" data-element_type=\"widget\" data-e-type=\"widget\" data-widget_type=\"heading.default\">\n\t\t\t\t<div class=\"elementor-widget-container\">\n\t\t\t\t\t<h2 class=\"elementor-heading-title elementor-size-default\"><a href=\"https:\/\/friendsofenginakyurek.org\/tr\/about\/\">HAKKIMIZDA SAYFASINA GER\u0130 D\u00d6N<\/a><\/h2>\t\t\t\t<\/div>\n\t\t\t\t<\/div>\n\t\t\t\t\t<\/div>\n\t\t<\/div>\n\t\t\t\t\t<\/div>\n\t\t<\/section>\n\t\t\t\t<\/div>","protected":false},"excerpt":{"rendered":"<p>De\u011ferlerimiz De\u011ferlerimiz DE\u011eERLER\u0130M\u0130Z: Yap\u0131m\u0131z\u0131n en de\u011ferli par\u00e7as\u0131 nelerden yap\u0131ld\u0131\u011f\u0131m\u0131zd\u0131r ve de\u011fer sistemimiz Engin Aky\u00fcrek&#039;in sayg\u0131de\u011fer izlerini takip eder. YA\u015eAM TARZIMIZ T\u00fcm insanlara SAYGI ve NEZAKETLE davranmak D\u00dcR\u00dcSTL\u00dcK, SAM\u0130M\u0130YET ve do\u011frulukla hareket etmek C\u00d6MERTL\u0130K, empati ve BARI\u015e&#039;\u0131 ya\u015fam bi\u00e7imi olarak se\u00e7mek\u2026 <a href=\"https:\/\/friendsofenginakyurek.org\/tr\/values\/\" class=\"more-link\">okumaya devam et <span class=\"screen-reader-text\">DE\u011eERLER\u0130M\u0130Z<\/span><\/a><\/p>","protected":false},"author":1,"featured_media":4684,"parent":0,"menu_order":0,"comment_status":"closed","ping_status":"closed","template":"elementor_header_footer","meta":{"footnotes":""},"class_list":["post-9633","page","type-page","status-publish","has-post-thumbnail","hentry"],"jetpack_sharing_enabled":true,"_links":{"self":[{"href":"https:\/\/friendsofenginakyurek.org\/tr\/wp-json\/wp\/v2\/pages\/9633","targetHints":{"allow":["GET"]}}],"collection":[{"href":"https:\/\/friendsofenginakyurek.org\/tr\/wp-json\/wp\/v2\/pages"}],"about":[{"href":"https:\/\/friendsofenginakyurek.org\/tr\/wp-json\/wp\/v2\/types\/page"}],"author":[{"embeddable":true,"href":"https:\/\/friendsofenginakyurek.org\/tr\/wp-json\/wp\/v2\/users\/1"}],"replies":[{"embeddable":true,"href":"https:\/\/friendsofenginakyurek.org\/tr\/wp-json\/wp\/v2\/comments?post=9633"}],"version-history":[{"count":32,"href":"https:\/\/friendsofenginakyurek.org\/tr\/wp-json\/wp\/v2\/pages\/9633\/revisions"}],"predecessor-version":[{"id":9695,"href":"https:\/\/friendsofenginakyurek.org\/tr\/wp-json\/wp\/v2\/pages\/9633\/revisions\/9695"}],"wp:featuredmedia":[{"embeddable":true,"href":"https:\/\/friendsofenginakyurek.org\/tr\/wp-json\/wp\/v2\/media\/4684"}],"wp:attachment":[{"href":"https:\/\/friendsofenginakyurek.org\/tr\/wp-json\/wp\/v2\/media?parent=9633"}],"curies":[{"name":"wp","href":"https:\/\/api.w.org\/{rel}","templated":true}]}}